{"id":184063,"date":"2025-10-25T13:17:36","date_gmt":"2025-10-25T13:17:36","guid":{"rendered":"https:\/\/www.otiumhome.fi\/?p=184063"},"modified":"2025-10-30T20:07:20","modified_gmt":"2025-10-30T20:07:20","slug":"tv-tasot-6-kpl-valkoinen-taysi-manty","status":"publish","type":"product","link":"https:\/\/www.otiumhome.fi\/index.php\/tuote\/tv-tasot-6-kpl-valkoinen-taysi-manty\/","title":{"rendered":"TV-tasot 6 kpl valkoinen t\u00e4ysi m\u00e4nty"},"content":{"rendered":"<p>N\u00e4ist\u00e4 klassisesti muotoilluista, trendikk\u00e4ist\u00e4 ja k\u00e4yt\u00e4nn\u00f6llisist\u00e4 TV-tasoista tulee huoneesi keskipiste.<\/p>\n<\/p>\n<p>N\u00e4m\u00e4 riippuvat kaapit on valmistettu t\u00e4ydest\u00e4 m\u00e4nnyst\u00e4, joka takaa niiden tukevuuden, kest\u00e4vyyden ja pitk\u00e4n k\u00e4ytt\u00f6i\u00e4n. Sein\u00e4yksik\u00f6t ovat t\u00e4ydellinen paikka kirjoille, ker\u00e4ilyesineille, koristeille ja muille tavaroille. Ne muuntavat tyhj\u00e4n sein\u00e4n sisustusominaisuudeksi. N\u00e4m\u00e4 kelluvat kaapit on my\u00f6s helppo puhdistaa kostealla liinalla.<\/p>\n<\/p>\n<p><strong>Huomio: <\/strong>Sein\u00e4\u00e4n kiinnitett\u00e4v\u00e4t ruuvit ja tulpat eiv\u00e4t sis\u00e4lly toimitukseen. Etsi ja k\u00e4yt\u00e4 sein\u00e4\u00e4si sopivia ruuveja ja tulppia. Jos olet ep\u00e4varma, kysy ammattilaisen neuvoa. Lue ja seuraa asennusohjeiden jokaista vaihetta huolella.<\/p>\n<ul>\n<li>V\u00e4ri: valkoinen<\/li>\n<li>Materiaali: t\u00e4ysi m\u00e4nty<\/li>\n<li>Asennus vaaditaan: kyll\u00e4<\/li>\n<li><strong>Toimitus sis\u00e4lt\u00e4\u00e4:<\/strong><\/li>\n<li>2 x TV-taso: 45 x 30 x 35 cm (L x S x K)<\/li>\n<li>2 x TV-taso: 30 x 30 x 100 cm (L x S x K)<\/li>\n<li>2 x TV-taso: 60 x 30 x 35 cm (L x S x K)<\/li>\n<\/ul>\n","protected":false},"excerpt":{"rendered":"<ul>\n<li>V\u00e4ri: valkoinen<\/li>\n<li>Materiaali: t\u00e4ysi m\u00e4nty<\/li>\n<li>Asennus vaaditaan: kyll\u00e4<\/li>\n<li><strong>Toimitus sis\u00e4lt\u00e4\u00e4:<\/strong><\/li>\n<li>2 x TV-taso: 45 x 30 x 35 cm (L x S x K)<\/li>\n<li>2 x TV-taso: 30 x 30 x 100 cm (L x S x K)<\/li>\n<li>2 x TV-taso: 60 x 30 x 35 cm (L x S x K)<\/li>\n<\/ul>\n","protected":false},"featured_media":100000184063,"comment_status":"closed","ping_status":"closed","template":"","meta":[],"product_brand":[],"product_cat":[84],"product_tag":[],"class_list":{"0":"post-184063","1":"product","2":"type-product","3":"status-publish","4":"has-post-thumbnail","6":"product_cat-huonekalut","8":"first","9":"instock","10":"taxable","11":"shipping-taxable","12":"purchasable","13":"product-type-simple"},"_links":{"self":[{"href":"https:\/\/www.otiumhome.fi\/index.php\/wp-json\/wp\/v2\/product\/184063","targetHints":{"allow":["GET"]}}],"collection":[{"href":"https:\/\/www.otiumhome.fi\/index.php\/wp-json\/wp\/v2\/product"}],"about":[{"href":"https:\/\/www.otiumhome.fi\/index.php\/wp-json\/wp\/v2\/types\/product"}],"replies":[{"embeddable":true,"href":"https:\/\/www.otiumhome.fi\/index.php\/wp-json\/wp\/v2\/comments?post=184063"}],"wp:featuredmedia":[{"embeddable":true,"href":"https:\/\/www.otiumhome.fi\/index.php\/wp-json\/"}],"wp:attachment":[{"href":"https:\/\/www.otiumhome.fi\/index.php\/wp-json\/wp\/v2\/media?parent=184063"}],"wp:term":[{"taxonomy":"product_brand","embeddable":true,"href":"https:\/\/www.otiumhome.fi\/index.php\/wp-json\/wp\/v2\/product_brand?post=184063"},{"taxonomy":"product_cat","embeddable":true,"href":"https:\/\/www.otiumhome.fi\/index.php\/wp-json\/wp\/v2\/product_cat?post=184063"},{"taxonomy":"product_tag","embeddable":true,"href":"https:\/\/www.otiumhome.fi\/index.php\/wp-json\/wp\/v2\/product_tag?post=184063"}],"curies":[{"name":"wp","href":"https:\/\/api.w.org\/{rel}","templated":true}]}}