{"id":184052,"date":"2025-10-25T13:17:33","date_gmt":"2025-10-25T13:17:33","guid":{"rendered":"https:\/\/www.otiumhome.fi\/?p=184052"},"modified":"2025-10-26T13:05:28","modified_gmt":"2025-10-26T13:05:28","slug":"tv-taso-120x40x45-cm-harmaa","status":"publish","type":"product","link":"https:\/\/www.otiumhome.fi\/index.php\/tuote\/tv-taso-120x40x45-cm-harmaa\/","title":{"rendered":"TV-taso 120x40x45 cm harmaa"},"content":{"rendered":"<p>Moderni TV-taso on upea keskipiste olohuoneeseesi tai viihdealueellesi. Se tarjoaa runsaasti s\u00e4ilytystilaa ja tilava design toimii hyvin.<\/p>\n<\/p>\n<p>Harmaa v\u00e4ri antaa tasolle maalaistunnelman, joka sopii mihin tahansa sisustukseen. Sen laadukkaan MDF materiaalin ja kest\u00e4vien ter\u00e4sjalkojen ansiosta, t\u00e4m\u00e4 TV-taso on todella vakaa ja kest\u00e4v\u00e4. Suuri osasto ja hyllyt reilulla tilalla tarjoavat tilaa DVD soittimelle, pelikonsolille, striimauslaitteelle ja mediasoittimelle. Kaksi kaapelin ulostuloa antaa sinun pit\u00e4\u00e4 johdot pois n\u00e4kyvilt\u00e4.<\/p>\n<\/p>\n<p>T\u00e4m\u00e4n k\u00e4yt\u00e4nn\u00f6llisen mediakonsolin avulla voit luoda sulavan, modernin viihdekeskuksen. Todella helppo asentaa.<\/p>\n<ul>\n<li>V\u00e4ri: harmaa<\/li>\n<li>Materiaali: PVC p\u00e4\u00e4llystetty MDF ja metallirunko<\/li>\n<li>Mitat: 120 x 40 x 45 cm (P x L x K)<\/li>\n<li>Jalkojen korkeus: 14,5 cm<\/li>\n<li>2 avointa hylly\u00e4 ja 2 osastoa ovilla<\/li>\n<li>2 keskijalkaa ja 4 tappijalkaa<\/li>\n<li>2:lla k\u00e4tev\u00e4ll\u00e4 johdon ulostulolla<\/li>\n<li>Helppo koota<\/li>\n<li>Enimm\u00e4iskantavuus (yhteens\u00e4): 40 kg<\/li>\n<li>Enimm\u00e4iskantavuus (yl\u00e4osa): 15 kg<\/li>\n<li>Enimm\u00e4iskantavuus (keski lokero): 5 kg<\/li>\n<li>Enimm\u00e4iskantavuus (vasen lokero): 5 kg<\/li>\n<li>Enimm\u00e4iskantavuus (oikea lokero): 5 kg<\/li>\n<\/ul>\n","protected":false},"excerpt":{"rendered":"<ul>\n<li>V\u00e4ri: harmaa<\/li>\n<li>Materiaali: PVC p\u00e4\u00e4llystetty MDF ja metallirunko<\/li>\n<li>Mitat: 120 x 40 x 45 cm (P x L x K)<\/li>\n<li>Jalkojen korkeus: 14,5 cm<\/li>\n<li>2 avointa hylly\u00e4 ja 2 osastoa ovilla<\/li>\n<li>2 keskijalkaa ja 4 tappijalkaa<\/li>\n<li>2:lla k\u00e4tev\u00e4ll\u00e4 johdon ulostulolla<\/li>\n<li>Helppo koota<\/li>\n<li>Enimm\u00e4iskantavuus (yhteens\u00e4): 40 kg<\/li>\n<li>Enimm\u00e4iskantavuus (yl\u00e4osa): 15 kg<\/li>\n<li>Enimm\u00e4iskantavuus (keski lokero): 5 kg<\/li>\n<li>Enimm\u00e4iskantavuus (vasen lokero): 5 kg<\/li>\n<li>Enimm\u00e4iskantavuus (oikea lokero): 5 kg<\/li>\n<\/ul>\n","protected":false},"featured_media":100000184052,"comment_status":"closed","ping_status":"closed","template":"","meta":[],"product_brand":[],"product_cat":[84],"product_tag":[],"class_list":{"0":"post-184052","1":"product","2":"type-product","3":"status-publish","4":"has-post-thumbnail","6":"product_cat-huonekalut","8":"first","9":"instock","10":"taxable","11":"shipping-taxable","12":"purchasable","13":"product-type-simple"},"_links":{"self":[{"href":"https:\/\/www.otiumhome.fi\/index.php\/wp-json\/wp\/v2\/product\/184052","targetHints":{"allow":["GET"]}}],"collection":[{"href":"https:\/\/www.otiumhome.fi\/index.php\/wp-json\/wp\/v2\/product"}],"about":[{"href":"https:\/\/www.otiumhome.fi\/index.php\/wp-json\/wp\/v2\/types\/product"}],"replies":[{"embeddable":true,"href":"https:\/\/www.otiumhome.fi\/index.php\/wp-json\/wp\/v2\/comments?post=184052"}],"wp:featuredmedia":[{"embeddable":true,"href":"https:\/\/www.otiumhome.fi\/index.php\/wp-json\/"}],"wp:attachment":[{"href":"https:\/\/www.otiumhome.fi\/index.php\/wp-json\/wp\/v2\/media?parent=184052"}],"wp:term":[{"taxonomy":"product_brand","embeddable":true,"href":"https:\/\/www.otiumhome.fi\/index.php\/wp-json\/wp\/v2\/product_brand?post=184052"},{"taxonomy":"product_cat","embeddable":true,"href":"https:\/\/www.otiumhome.fi\/index.php\/wp-json\/wp\/v2\/product_cat?post=184052"},{"taxonomy":"product_tag","embeddable":true,"href":"https:\/\/www.otiumhome.fi\/index.php\/wp-json\/wp\/v2\/product_tag?post=184052"}],"curies":[{"name":"wp","href":"https:\/\/api.w.org\/{rel}","templated":true}]}}