{"id":184023,"date":"2025-10-25T13:17:23","date_gmt":"2025-10-25T13:17:23","guid":{"rendered":"https:\/\/www.otiumhome.fi\/?p=184023"},"modified":"2025-10-26T12:28:45","modified_gmt":"2025-10-26T12:28:45","slug":"tv-taso-4lla-laatikolla-uusiokaytetty-tiikki","status":"publish","type":"product","link":"https:\/\/www.otiumhome.fi\/index.php\/tuote\/tv-taso-4lla-laatikolla-uusiokaytetty-tiikki\/","title":{"rendered":"TV-taso 4:ll\u00e4 Laatikolla Uusiok\u00e4ytetty Tiikki"},"content":{"rendered":"<p>T\u00e4m\u00e4 antiikkinen uusiok\u00e4ytetyst\u00e4 tiikist\u00e4 valmistettu TV-taso ei ole vain tyylik\u00e4s mutta se on my\u00f6s todella k\u00e4yt\u00e4nn\u00f6llinen nelj\u00e4n laatikon ansiosta. Se on upea lis\u00e4 olo- tai makuuhuoneeseen.<\/p>\n<\/p>\n<p>T\u00e4m\u00e4 eksoottinen  TV-taso on valmistettu uusiok\u00e4ytetyst\u00e4 puusta joka tarkoittaa, ett\u00e4 jokainen huonekalu on ainutlaatuinen ja hieman toisistaan eroava. Uusiok\u00e4ytetty puu on tukeva, kest\u00e4v\u00e4 ja kaunis. K\u00e4sity\u00f6 lis\u00e4\u00e4 upeaa tyyli\u00e4 t\u00e4h\u00e4n TV-tasoon ja saa sen n\u00e4ytt\u00e4m\u00e4\u00e4n eksoottiselta. Kaikki valmistusvaiheet, kuten yhdist\u00e4minen, kiillotus, maalaus ja vahaus on tehty todella huolellisesti<\/p>\n<\/p>\n<p>T\u00c4RKE\u00c4 HUOMIO: V\u00e4rit vaihetelevat kappaleittain, jokainen TV-taso on ainutlaatuinen. Toimitus on satunnainen.<\/p>\n<ul>\n<li>Materiaalit: Uusiok\u00e4ytetty tiikki + maalattu rauta<\/li>\n<li>Koko: 120 x 31 x 40 cm (P x L x K)<\/li>\n<li>Laatikoiden koko: 29 x 14 cm (L x K)<\/li>\n<li>V\u00e4ri: Tiikin eri s\u00e4vyt p\u00f6yt\u00e4levyss\u00e4 ja mustat jalat<\/li>\n<li>4 laatikkoa<\/li>\n<li>K\u00e4sintehty<\/li>\n<li>Lakattu ja osittain maalattu<\/li>\n<\/ul>\n","protected":false},"excerpt":{"rendered":"<ul>\n<li>Materiaalit: Uusiok\u00e4ytetty tiikki + maalattu rauta<\/li>\n<li>Koko: 120 x 31 x 40 cm (P x L x K)<\/li>\n<li>Laatikoiden koko: 29 x 14 cm (L x K)<\/li>\n<li>V\u00e4ri: Tiikin eri s\u00e4vyt p\u00f6yt\u00e4levyss\u00e4 ja mustat jalat<\/li>\n<li>4 laatikkoa<\/li>\n<li>K\u00e4sintehty<\/li>\n<li>Lakattu ja osittain maalattu<\/li>\n<\/ul>\n","protected":false},"featured_media":100000184023,"comment_status":"closed","ping_status":"closed","template":"","meta":[],"product_brand":[],"product_cat":[84],"product_tag":[],"class_list":{"0":"post-184023","1":"product","2":"type-product","3":"status-publish","4":"has-post-thumbnail","6":"product_cat-huonekalut","8":"first","9":"instock","10":"taxable","11":"shipping-taxable","12":"purchasable","13":"product-type-simple"},"_links":{"self":[{"href":"https:\/\/www.otiumhome.fi\/index.php\/wp-json\/wp\/v2\/product\/184023","targetHints":{"allow":["GET"]}}],"collection":[{"href":"https:\/\/www.otiumhome.fi\/index.php\/wp-json\/wp\/v2\/product"}],"about":[{"href":"https:\/\/www.otiumhome.fi\/index.php\/wp-json\/wp\/v2\/types\/product"}],"replies":[{"embeddable":true,"href":"https:\/\/www.otiumhome.fi\/index.php\/wp-json\/wp\/v2\/comments?post=184023"}],"wp:featuredmedia":[{"embeddable":true,"href":"https:\/\/www.otiumhome.fi\/index.php\/wp-json\/"}],"wp:attachment":[{"href":"https:\/\/www.otiumhome.fi\/index.php\/wp-json\/wp\/v2\/media?parent=184023"}],"wp:term":[{"taxonomy":"product_brand","embeddable":true,"href":"https:\/\/www.otiumhome.fi\/index.php\/wp-json\/wp\/v2\/product_brand?post=184023"},{"taxonomy":"product_cat","embeddable":true,"href":"https:\/\/www.otiumhome.fi\/index.php\/wp-json\/wp\/v2\/product_cat?post=184023"},{"taxonomy":"product_tag","embeddable":true,"href":"https:\/\/www.otiumhome.fi\/index.php\/wp-json\/wp\/v2\/product_tag?post=184023"}],"curies":[{"name":"wp","href":"https:\/\/api.w.org\/{rel}","templated":true}]}}