{"id":184017,"date":"2025-10-25T13:17:21","date_gmt":"2025-10-25T13:17:21","guid":{"rendered":"https:\/\/www.otiumhome.fi\/?p=184017"},"modified":"2025-10-26T11:40:21","modified_gmt":"2025-10-26T11:40:21","slug":"tv-taso-valkoinen-puu","status":"publish","type":"product","link":"https:\/\/www.otiumhome.fi\/index.php\/tuote\/tv-taso-valkoinen-puu\/","title":{"rendered":"TV-taso valkoinen puu"},"content":{"rendered":"<p>T\u00e4ss\u00e4 elegantissa antiikkisen n\u00e4k\u00f6isess\u00e4, puisessa TV-tasossa on selv\u00e4rajaiset linjat ja se sopii t\u00e4ten t\u00e4ydellisesti melkein mihin tahansa sisustustyyliin ultramodernista arkisiin perheasuntoihin. Se luo ripauksen tyyli\u00e4 kotiteatteriyksikk\u00f6\u00f6si.<\/p>\n<\/p>\n<p>Tasossa on nelj\u00e4 hylly\u00e4 kahdessa ovellisessa kaapissa, jotka tarjoavat tilan peleille, elokuville, musiikille ja muille olennaisille viihdetarvikkeille katseiden ulottumattomissa. Kahdelle ylim\u00e4\u00e4r\u00e4iselle avohyllylle voidaan asettaa multimedialaitteet kuten CD- ja DVD-soittimet sek\u00e4 turvakameraj\u00e4rjestelm\u00e4t. Televisiotason laajalle p\u00f6yt\u00e4tasolle voidaan asettaa suurikin plasma- tai LCD-televisio.<\/p>\n<\/p>\n<p>Tukevasta MDF:st\u00e4 ja m\u00e4nnyst\u00e4 valmistettu TV-taso kest\u00e4\u00e4 hyvin jokap\u00e4iv\u00e4ist\u00e4 k\u00e4ytt\u00f6\u00e4 ja kulumista. Valkoinen maalipinta on helppo pyyhki\u00e4 puhtaaksi kostealla liinalla.<\/p>\n<ul>\n<li>V\u00e4ri: valkoinen<\/li>\n<li>Materiaali: MDF ja m\u00e4ntypuu (runko) + metalli (kahva)<\/li>\n<li>Kokonaismitat: 121 x 30,5 x 41,7 cm (P x L x K)<\/li>\n<li>Enimm\u00e4iskantavuus (yhteens\u00e4): 75 kg<\/li>\n<li>Enimm\u00e4iskantavuus per lokero: 5 kg<\/li>\n<li>Enimm\u00e4iskantavuus per hylly: 5 kg<\/li>\n<\/ul>\n","protected":false},"excerpt":{"rendered":"<ul>\n<li>V\u00e4ri: valkoinen<\/li>\n<li>Materiaali: MDF ja m\u00e4ntypuu (runko) + metalli (kahva)<\/li>\n<li>Kokonaismitat: 121 x 30,5 x 41,7 cm (P x L x K)<\/li>\n<li>Enimm\u00e4iskantavuus (yhteens\u00e4): 75 kg<\/li>\n<li>Enimm\u00e4iskantavuus per lokero: 5 kg<\/li>\n<li>Enimm\u00e4iskantavuus per hylly: 5 kg<\/li>\n<\/ul>\n","protected":false},"featured_media":100000184017,"comment_status":"closed","ping_status":"closed","template":"","meta":[],"product_brand":[],"product_cat":[84],"product_tag":[],"class_list":{"0":"post-184017","1":"product","2":"type-product","3":"status-publish","4":"has-post-thumbnail","6":"product_cat-huonekalut","8":"first","9":"instock","10":"taxable","11":"shipping-taxable","12":"purchasable","13":"product-type-simple"},"_links":{"self":[{"href":"https:\/\/www.otiumhome.fi\/index.php\/wp-json\/wp\/v2\/product\/184017","targetHints":{"allow":["GET"]}}],"collection":[{"href":"https:\/\/www.otiumhome.fi\/index.php\/wp-json\/wp\/v2\/product"}],"about":[{"href":"https:\/\/www.otiumhome.fi\/index.php\/wp-json\/wp\/v2\/types\/product"}],"replies":[{"embeddable":true,"href":"https:\/\/www.otiumhome.fi\/index.php\/wp-json\/wp\/v2\/comments?post=184017"}],"wp:featuredmedia":[{"embeddable":true,"href":"https:\/\/www.otiumhome.fi\/index.php\/wp-json\/"}],"wp:attachment":[{"href":"https:\/\/www.otiumhome.fi\/index.php\/wp-json\/wp\/v2\/media?parent=184017"}],"wp:term":[{"taxonomy":"product_brand","embeddable":true,"href":"https:\/\/www.otiumhome.fi\/index.php\/wp-json\/wp\/v2\/product_brand?post=184017"},{"taxonomy":"product_cat","embeddable":true,"href":"https:\/\/www.otiumhome.fi\/index.php\/wp-json\/wp\/v2\/product_cat?post=184017"},{"taxonomy":"product_tag","embeddable":true,"href":"https:\/\/www.otiumhome.fi\/index.php\/wp-json\/wp\/v2\/product_tag?post=184017"}],"curies":[{"name":"wp","href":"https:\/\/api.w.org\/{rel}","templated":true}]}}