{"id":183974,"date":"2025-10-25T13:02:54","date_gmt":"2025-10-25T13:02:54","guid":{"rendered":"https:\/\/www.otiumhome.fi\/?p=183974"},"modified":"2025-10-26T16:02:41","modified_gmt":"2025-10-26T16:02:41","slug":"tv-tasot-4-kpl-harmaa-305x30x60-cm-tekninen-puu","status":"publish","type":"product","link":"https:\/\/www.otiumhome.fi\/index.php\/tuote\/tv-tasot-4-kpl-harmaa-305x30x60-cm-tekninen-puu\/","title":{"rendered":"TV-tasot 4 kpl harmaa 30,5x30x60 cm tekninen puu"},"content":{"rendered":"<p>T\u00e4st\u00e4 sein\u00e4kiinnitett\u00e4v\u00e4st\u00e4, trendikk\u00e4\u00e4st\u00e4 ja k\u00e4yt\u00e4nn\u00f6llisest\u00e4 TV-kaappisarjasta tulee huoneesi keskipiste.<\/p>\n<\/p>\n<p>N\u00e4m\u00e4 sein\u00e4kiinnitett\u00e4v\u00e4t TV-kaapit on valmistettu teknisest\u00e4 puusta, joten ne ovat vahvoja ja vakaita. Kussakin kaapissa on kaksi hylly\u00e4, mik\u00e4 tekee niist\u00e4 ihanteellisen paikan kirjojen, aikakauslehtien, DVD-levyjen tai muiden esineiden s\u00e4ilytt\u00e4miseen. Sein\u00e4kaapit on helppo puhdistaa kostealla liinalla.<\/p>\n<ul>\n<li>V\u00e4ri: harmaa<\/li>\n<li>Materiaali: tekninen puu<\/li>\n<li>Mitat: 30,5 x 30 x 60 cm (L x S x K)<\/li>\n<li>Asennus vaaditaan: kyll\u00e4<\/li>\n<li><strong>Toimitus sis\u00e4lt\u00e4\u00e4:<\/strong><\/li>\n<li>4 x TV-kaappi<\/li>\n<\/ul>\n","protected":false},"excerpt":{"rendered":"<ul>\n<li>V\u00e4ri: harmaa<\/li>\n<li>Materiaali: tekninen puu<\/li>\n<li>Mitat: 30,5 x 30 x 60 cm (L x S x K)<\/li>\n<li>Asennus vaaditaan: kyll\u00e4<\/li>\n<li><strong>Toimitus sis\u00e4lt\u00e4\u00e4:<\/strong><\/li>\n<li>4 x TV-kaappi<\/li>\n<\/ul>\n","protected":false},"featured_media":100000183974,"comment_status":"closed","ping_status":"closed","template":"","meta":[],"product_brand":[],"product_cat":[84],"product_tag":[],"class_list":{"0":"post-183974","1":"product","2":"type-product","3":"status-publish","4":"has-post-thumbnail","6":"product_cat-huonekalut","8":"first","9":"instock","10":"taxable","11":"shipping-taxable","12":"purchasable","13":"product-type-simple"},"_links":{"self":[{"href":"https:\/\/www.otiumhome.fi\/index.php\/wp-json\/wp\/v2\/product\/183974","targetHints":{"allow":["GET"]}}],"collection":[{"href":"https:\/\/www.otiumhome.fi\/index.php\/wp-json\/wp\/v2\/product"}],"about":[{"href":"https:\/\/www.otiumhome.fi\/index.php\/wp-json\/wp\/v2\/types\/product"}],"replies":[{"embeddable":true,"href":"https:\/\/www.otiumhome.fi\/index.php\/wp-json\/wp\/v2\/comments?post=183974"}],"wp:featuredmedia":[{"embeddable":true,"href":"https:\/\/www.otiumhome.fi\/index.php\/wp-json\/"}],"wp:attachment":[{"href":"https:\/\/www.otiumhome.fi\/index.php\/wp-json\/wp\/v2\/media?parent=183974"}],"wp:term":[{"taxonomy":"product_brand","embeddable":true,"href":"https:\/\/www.otiumhome.fi\/index.php\/wp-json\/wp\/v2\/product_brand?post=183974"},{"taxonomy":"product_cat","embeddable":true,"href":"https:\/\/www.otiumhome.fi\/index.php\/wp-json\/wp\/v2\/product_cat?post=183974"},{"taxonomy":"product_tag","embeddable":true,"href":"https:\/\/www.otiumhome.fi\/index.php\/wp-json\/wp\/v2\/product_tag?post=183974"}],"curies":[{"name":"wp","href":"https:\/\/api.w.org\/{rel}","templated":true}]}}