{"id":183876,"date":"2025-10-25T12:43:49","date_gmt":"2025-10-25T12:43:49","guid":{"rendered":"https:\/\/www.otiumhome.fi\/?p=183876"},"modified":"2025-10-26T13:37:38","modified_gmt":"2025-10-26T13:37:38","slug":"tv-taso-110x30x45-cm-taysi-mangopuu","status":"publish","type":"product","link":"https:\/\/www.otiumhome.fi\/index.php\/tuote\/tv-taso-110x30x45-cm-taysi-mangopuu\/","title":{"rendered":"TV-taso 110x30x45 cm t\u00e4ysi mangopuu"},"content":{"rendered":"<p>Jos haluat lis\u00e4t\u00e4 yksinkertaista maalaistunnelmaa sisustukseesi, t\u00e4ydest\u00e4 mangopuusta valmistettu TV-tasomme on sopiva ratkaisu.<\/p>\n<\/p>\n<p>Mangopuu on trooppinen lehtipuu, joka kykenee kantamaan painoa ja siet\u00e4m\u00e4\u00e4n ajan tuomaa kulumista. Laadukas k\u00e4sity\u00f6n j\u00e4lki ja kauniit puun kuviot tekev\u00e4t jokaisesta hifi-kaapista hieman toisista eroavan. Stereokaapissa on runsaasti s\u00e4ilytystilaa, jotta voit asettaa n\u00e4ytille ja s\u00e4ilytt\u00e4\u00e4 erilaisia esineit\u00e4.<\/p>\n<\/p>\n<p>T\u00e4rke\u00e4 huomio: V\u00e4rit vaihtelevat TV-tasoittain, t\u00e4m\u00e4 tekee jokaisesta puisesta TV-tasostamme ainutlaatuisen.<\/p>\n<ul>\n<li>Materiaali: luonnollisesti viimeistelty t\u00e4ysi mangopuu, kupari metalli<\/li>\n<li>Mitat: 110 x 30 x 45 cm (L x S x K)<\/li>\n<li>Sis\u00e4lt\u00e4\u00e4 4 vetolaatikkoa<\/li>\n<li>Asennus vaaditaan: kyll\u00e4<\/li>\n<\/ul>\n","protected":false},"excerpt":{"rendered":"<ul>\n<li>Materiaali: luonnollisesti viimeistelty t\u00e4ysi mangopuu, kupari metalli<\/li>\n<li>Mitat: 110 x 30 x 45 cm (L x S x K)<\/li>\n<li>Sis\u00e4lt\u00e4\u00e4 4 vetolaatikkoa<\/li>\n<li>Asennus vaaditaan: kyll\u00e4<\/li>\n<\/ul>\n","protected":false},"featured_media":100000183876,"comment_status":"closed","ping_status":"closed","template":"","meta":[],"product_brand":[],"product_cat":[84],"product_tag":[],"class_list":{"0":"post-183876","1":"product","2":"type-product","3":"status-publish","4":"has-post-thumbnail","6":"product_cat-huonekalut","8":"first","9":"instock","10":"taxable","11":"shipping-taxable","12":"purchasable","13":"product-type-simple"},"_links":{"self":[{"href":"https:\/\/www.otiumhome.fi\/index.php\/wp-json\/wp\/v2\/product\/183876","targetHints":{"allow":["GET"]}}],"collection":[{"href":"https:\/\/www.otiumhome.fi\/index.php\/wp-json\/wp\/v2\/product"}],"about":[{"href":"https:\/\/www.otiumhome.fi\/index.php\/wp-json\/wp\/v2\/types\/product"}],"replies":[{"embeddable":true,"href":"https:\/\/www.otiumhome.fi\/index.php\/wp-json\/wp\/v2\/comments?post=183876"}],"wp:featuredmedia":[{"embeddable":true,"href":"https:\/\/www.otiumhome.fi\/index.php\/wp-json\/"}],"wp:attachment":[{"href":"https:\/\/www.otiumhome.fi\/index.php\/wp-json\/wp\/v2\/media?parent=183876"}],"wp:term":[{"taxonomy":"product_brand","embeddable":true,"href":"https:\/\/www.otiumhome.fi\/index.php\/wp-json\/wp\/v2\/product_brand?post=183876"},{"taxonomy":"product_cat","embeddable":true,"href":"https:\/\/www.otiumhome.fi\/index.php\/wp-json\/wp\/v2\/product_cat?post=183876"},{"taxonomy":"product_tag","embeddable":true,"href":"https:\/\/www.otiumhome.fi\/index.php\/wp-json\/wp\/v2\/product_tag?post=183876"}],"curies":[{"name":"wp","href":"https:\/\/api.w.org\/{rel}","templated":true}]}}