{"id":183758,"date":"2025-10-25T12:04:40","date_gmt":"2025-10-25T12:04:40","guid":{"rendered":"https:\/\/www.otiumhome.fi\/?p=183758"},"modified":"2025-10-26T06:42:04","modified_gmt":"2025-10-26T06:42:04","slug":"4-paneelinen-tilanjakaja-antrasiitti-200x180-cm","status":"publish","type":"product","link":"https:\/\/www.otiumhome.fi\/index.php\/tuote\/4-paneelinen-tilanjakaja-antrasiitti-200x180-cm\/","title":{"rendered":"4-paneelinen tilanjakaja antrasiitti 200&#215;180 cm"},"content":{"rendered":"<p>Vapaasti seisova ja k\u00e4yt\u00e4nn\u00f6llinen 4-paneelinen tilanjakaja sopii tilan jakamiseen, yksityisyyden lis\u00e4\u00e4miseen tai koristeeksi. Se tarjoaa ihanteellista yksityisyytt\u00e4 makuuhuoneeseen tai jakaa huoneen osiin. <\/p>\n<\/p>\n<p>Tilanjakajan runko on jauhemaalattua rautaa ja sermit kangasta. Sen voi taittaa kokoon, kun sit\u00e4 ei k\u00e4ytet\u00e4. <\/p>\n<\/p>\n<p>Huomio: Kangas ei t\u00e4ysin est\u00e4 kaikkea valoa.<\/p>\n<ul>\n<li>V\u00e4ri: antrasiitti<\/li>\n<li>Materiaali: kangas (100 % polyesteri), jauhemaalattu rauta<\/li>\n<li>Kokonaismitat: 200 x 180 cm (L x K)<\/li>\n<li>Kangassermin koko (kukin): 46,5 x 175 cm (L x K)<\/li>\n<li>4 paneelia<\/li>\n<li>Asennus vaaditaan: kyll\u00e4<\/li>\n<\/ul>\n","protected":false},"excerpt":{"rendered":"<ul>\n<li>V\u00e4ri: antrasiitti<\/li>\n<li>Materiaali: kangas (100 % polyesteri), jauhemaalattu rauta<\/li>\n<li>Kokonaismitat: 200 x 180 cm (L x K)<\/li>\n<li>Kangassermin koko (kukin): 46,5 x 175 cm (L x K)<\/li>\n<li>4 paneelia<\/li>\n<li>Asennus vaaditaan: kyll\u00e4<\/li>\n<\/ul>\n","protected":false},"featured_media":100000183758,"comment_status":"closed","ping_status":"closed","template":"","meta":[],"product_brand":[],"product_cat":[84],"product_tag":[],"class_list":{"0":"post-183758","1":"product","2":"type-product","3":"status-publish","4":"has-post-thumbnail","6":"product_cat-huonekalut","8":"first","9":"instock","10":"taxable","11":"shipping-taxable","12":"purchasable","13":"product-type-simple"},"_links":{"self":[{"href":"https:\/\/www.otiumhome.fi\/index.php\/wp-json\/wp\/v2\/product\/183758","targetHints":{"allow":["GET"]}}],"collection":[{"href":"https:\/\/www.otiumhome.fi\/index.php\/wp-json\/wp\/v2\/product"}],"about":[{"href":"https:\/\/www.otiumhome.fi\/index.php\/wp-json\/wp\/v2\/types\/product"}],"replies":[{"embeddable":true,"href":"https:\/\/www.otiumhome.fi\/index.php\/wp-json\/wp\/v2\/comments?post=183758"}],"wp:featuredmedia":[{"embeddable":true,"href":"https:\/\/www.otiumhome.fi\/index.php\/wp-json\/"}],"wp:attachment":[{"href":"https:\/\/www.otiumhome.fi\/index.php\/wp-json\/wp\/v2\/media?parent=183758"}],"wp:term":[{"taxonomy":"product_brand","embeddable":true,"href":"https:\/\/www.otiumhome.fi\/index.php\/wp-json\/wp\/v2\/product_brand?post=183758"},{"taxonomy":"product_cat","embeddable":true,"href":"https:\/\/www.otiumhome.fi\/index.php\/wp-json\/wp\/v2\/product_cat?post=183758"},{"taxonomy":"product_tag","embeddable":true,"href":"https:\/\/www.otiumhome.fi\/index.php\/wp-json\/wp\/v2\/product_tag?post=183758"}],"curies":[{"name":"wp","href":"https:\/\/api.w.org\/{rel}","templated":true}]}}