{"id":183703,"date":"2025-10-25T12:00:58","date_gmt":"2025-10-25T12:00:58","guid":{"rendered":"https:\/\/www.otiumhome.fi\/?p=183703"},"modified":"2025-10-26T08:01:35","modified_gmt":"2025-10-26T08:01:35","slug":"4-paneelinen-tilanjakaja-ruskea-160x165-cm-taysi-mangopuu","status":"publish","type":"product","link":"https:\/\/www.otiumhome.fi\/index.php\/tuote\/4-paneelinen-tilanjakaja-ruskea-160x165-cm-taysi-mangopuu\/","title":{"rendered":"4-paneelinen tilanjakaja ruskea 160&#215;165 cm t\u00e4ysi mangopuu"},"content":{"rendered":"<p>Lis\u00e4\u00e4 kotisi sisustukseen ripaus klassista vieh\u00e4tysvoimaa elegantilla, k\u00e4sin veistetyll\u00e4 tilanjakajalla! Se on t\u00e4ydellinen makuuhuoneessa, jotta voidaan luoda erillinen, yksityinen pukeutumistila tai jakaa huone osiin.<\/p>\n<\/p>\n<p>Lis\u00e4ksi tilanjakajassa on vankka rakenne ja se on k\u00e4sin veistetty kauniilla kuvioilla, mik\u00e4 lis\u00e4\u00e4 sen klassista kauneutta. Se voidaan my\u00f6s helposti taittaa pois tilan s\u00e4\u00e4st\u00e4miseksi, kun sit\u00e4 ei k\u00e4ytet\u00e4. Taitettava tilanjakaja on helppo koota.<\/p>\n<\/p>\n<p> Huomio: koska tuote on valmistettu k\u00e4sin, voi kuvioissa ja v\u00e4reiss\u00e4 olla pieni\u00e4 eroavaisuuksia.<\/p>\n<ul>\n<li>Materiaali: MDF ja t\u00e4ysi mangopuu ruskealla laveerauksella<\/li>\n<li>Koko: 160 x 165 cm (L x K)<\/li>\n<li>K\u00e4sin veistetyill\u00e4 kuvioilla<\/li>\n<li>Klassinen tyyli<\/li>\n<\/ul>\n","protected":false},"excerpt":{"rendered":"<ul>\n<li>Materiaali: MDF ja t\u00e4ysi mangopuu ruskealla laveerauksella<\/li>\n<li>Koko: 160 x 165 cm (L x K)<\/li>\n<li>K\u00e4sin veistetyill\u00e4 kuvioilla<\/li>\n<li>Klassinen tyyli<\/li>\n<\/ul>\n","protected":false},"featured_media":100000183703,"comment_status":"closed","ping_status":"closed","template":"","meta":[],"product_brand":[],"product_cat":[84],"product_tag":[],"class_list":{"0":"post-183703","1":"product","2":"type-product","3":"status-publish","4":"has-post-thumbnail","6":"product_cat-huonekalut","8":"first","9":"instock","10":"taxable","11":"shipping-taxable","12":"purchasable","13":"product-type-simple"},"_links":{"self":[{"href":"https:\/\/www.otiumhome.fi\/index.php\/wp-json\/wp\/v2\/product\/183703","targetHints":{"allow":["GET"]}}],"collection":[{"href":"https:\/\/www.otiumhome.fi\/index.php\/wp-json\/wp\/v2\/product"}],"about":[{"href":"https:\/\/www.otiumhome.fi\/index.php\/wp-json\/wp\/v2\/types\/product"}],"replies":[{"embeddable":true,"href":"https:\/\/www.otiumhome.fi\/index.php\/wp-json\/wp\/v2\/comments?post=183703"}],"wp:featuredmedia":[{"embeddable":true,"href":"https:\/\/www.otiumhome.fi\/index.php\/wp-json\/"}],"wp:attachment":[{"href":"https:\/\/www.otiumhome.fi\/index.php\/wp-json\/wp\/v2\/media?parent=183703"}],"wp:term":[{"taxonomy":"product_brand","embeddable":true,"href":"https:\/\/www.otiumhome.fi\/index.php\/wp-json\/wp\/v2\/product_brand?post=183703"},{"taxonomy":"product_cat","embeddable":true,"href":"https:\/\/www.otiumhome.fi\/index.php\/wp-json\/wp\/v2\/product_cat?post=183703"},{"taxonomy":"product_tag","embeddable":true,"href":"https:\/\/www.otiumhome.fi\/index.php\/wp-json\/wp\/v2\/product_tag?post=183703"}],"curies":[{"name":"wp","href":"https:\/\/api.w.org\/{rel}","templated":true}]}}