{"id":183685,"date":"2025-10-25T12:00:52","date_gmt":"2025-10-25T12:00:52","guid":{"rendered":"https:\/\/www.otiumhome.fi\/?p=183685"},"modified":"2025-10-26T06:46:46","modified_gmt":"2025-10-26T06:46:46","slug":"4-paneelinen-tilanjakaja-ruskea-160x170x4-cm-kangas","status":"publish","type":"product","link":"https:\/\/www.otiumhome.fi\/index.php\/tuote\/4-paneelinen-tilanjakaja-ruskea-160x170x4-cm-kangas\/","title":{"rendered":"4-Paneelinen Tilanjakaja ruskea 160x170x4 cm kangas"},"content":{"rendered":"<p>Itsest\u00e4\u00e4n seisovaa ja tyylik\u00e4st\u00e4 4-paneelista tilanjakajaa voidaan k\u00e4ytt\u00e4\u00e4 koristeeksi tai v\u00e4lisein\u00e4n\u00e4. Se sopii t\u00e4ydellisesti makuuhuoneeseen luomaan erillisen pukeutumisalueen tai jakaaksesi huoneen tilan kahtia.<\/p>\n<\/p>\n<p>V\u00e4lisein\u00e4n runko on valmistettu puusta ja sermit kankaasta. Se voidaan taittaa helposti kokoon, kun sit\u00e4 ei k\u00e4ytet\u00e4.<\/p>\n<ul>\n<li>V\u00e4ri: ruskea<\/li>\n<li>Materiaali: kangas ja kuusipuinen runko<\/li>\n<li>Mitat: 160 x 170 x 4 cm (P x K x Paks.)<\/li>\n<li>4 paneelia<\/li>\n<li>Paneeleissa on 6 taskua<\/li>\n<\/ul>\n","protected":false},"excerpt":{"rendered":"<ul>\n<li>V\u00e4ri: ruskea<\/li>\n<li>Materiaali: kangas ja kuusipuinen runko<\/li>\n<li>Mitat: 160 x 170 x 4 cm (P x K x Paks.)<\/li>\n<li>4 paneelia<\/li>\n<li>Paneeleissa on 6 taskua<\/li>\n<\/ul>\n","protected":false},"featured_media":100000183685,"comment_status":"closed","ping_status":"closed","template":"","meta":[],"product_brand":[],"product_cat":[84],"product_tag":[],"class_list":{"0":"post-183685","1":"product","2":"type-product","3":"status-publish","4":"has-post-thumbnail","6":"product_cat-huonekalut","8":"first","9":"instock","10":"taxable","11":"shipping-taxable","12":"purchasable","13":"product-type-simple"},"_links":{"self":[{"href":"https:\/\/www.otiumhome.fi\/index.php\/wp-json\/wp\/v2\/product\/183685","targetHints":{"allow":["GET"]}}],"collection":[{"href":"https:\/\/www.otiumhome.fi\/index.php\/wp-json\/wp\/v2\/product"}],"about":[{"href":"https:\/\/www.otiumhome.fi\/index.php\/wp-json\/wp\/v2\/types\/product"}],"replies":[{"embeddable":true,"href":"https:\/\/www.otiumhome.fi\/index.php\/wp-json\/wp\/v2\/comments?post=183685"}],"wp:featuredmedia":[{"embeddable":true,"href":"https:\/\/www.otiumhome.fi\/index.php\/wp-json\/"}],"wp:attachment":[{"href":"https:\/\/www.otiumhome.fi\/index.php\/wp-json\/wp\/v2\/media?parent=183685"}],"wp:term":[{"taxonomy":"product_brand","embeddable":true,"href":"https:\/\/www.otiumhome.fi\/index.php\/wp-json\/wp\/v2\/product_brand?post=183685"},{"taxonomy":"product_cat","embeddable":true,"href":"https:\/\/www.otiumhome.fi\/index.php\/wp-json\/wp\/v2\/product_cat?post=183685"},{"taxonomy":"product_tag","embeddable":true,"href":"https:\/\/www.otiumhome.fi\/index.php\/wp-json\/wp\/v2\/product_tag?post=183685"}],"curies":[{"name":"wp","href":"https:\/\/api.w.org\/{rel}","templated":true}]}}