{"id":183629,"date":"2025-10-25T11:55:42","date_gmt":"2025-10-25T11:55:42","guid":{"rendered":"https:\/\/www.otiumhome.fi\/?p=183629"},"modified":"2025-10-26T08:39:12","modified_gmt":"2025-10-26T08:39:12","slug":"tilanjakaja-kirjahylly-sonoma-tammi-100x24x140-cm-tekninen-puu","status":"publish","type":"product","link":"https:\/\/www.otiumhome.fi\/index.php\/tuote\/tilanjakaja-kirjahylly-sonoma-tammi-100x24x140-cm-tekninen-puu\/","title":{"rendered":"Tilanjakaja\/kirjahylly Sonoma-tammi 100x24x140 cm tekninen puu"},"content":{"rendered":"<p>Tyylikk\u00e4\u00e4ll\u00e4 ja klassisella designilla varustettu tilanjakaja on koristeellinen ja k\u00e4yt\u00e4nn\u00f6llinen lis\u00e4 sisustukseesi.<\/p>\n<\/p>\n<p>Kaappi on valmistettu ensiluokkaisesta teknisest\u00e4 puusta, joka takaa sen tukevuuden, kest\u00e4vyyden ja pitk\u00e4n k\u00e4ytt\u00f6i\u00e4n. Siin\u00e4 on 13 eri kokoista lokeroa, tilanjakaja tarjoaa runsaasti s\u00e4ilytystilaa. Lis\u00e4ksi tilanjakaja on my\u00f6s monipuolinen hylly, jota voidaan k\u00e4ytt\u00e4\u00e4 kirjahyllyn\u00e4, joka pit\u00e4\u00e4 lehdet, kirjat, DVD-levyt, multimedialaitteet ja muut koriste-esineet hyvin j\u00e4rjestettyin\u00e4 ja k\u00e4den ulottuvilla.<\/p>\n<\/p>\n<p>Kirjahylly on helppo puhdistaa kostealla liinalla. T\u00e4m\u00e4 kaappi on helppo koota mukana tulevilla asennusmateriaaleilla.<\/p>\n<ul>\n<li>V\u00e4ri: Sonoma-tammi<\/li>\n<li>Materiaali: tekninen puu<\/li>\n<li>Mitat: 100 x 24 x 140 cm (L x S x K)<\/li>\n<li>13 osastolla<\/li>\n<li>Voidaan k\u00e4ytt\u00e4\u00e4 my\u00f6s kirjahyllyn\u00e4.<\/li>\n<li><strong>Huomio: <\/strong>Sein\u00e4\u00e4n kiinnitett\u00e4v\u00e4t ruuvit ja tulpat eiv\u00e4t sis\u00e4lly toimitukseen. Etsi ja k\u00e4yt\u00e4 sein\u00e4\u00e4si sopivia ruuveja ja tulppia. Jos olet ep\u00e4varma, kysy ammattilaisen neuvoa. Lue ja seuraa asennusohjeiden jokaista vaihetta huolella.<\/li>\n<\/ul>\n","protected":false},"excerpt":{"rendered":"<ul>\n<li>V\u00e4ri: Sonoma-tammi<\/li>\n<li>Materiaali: tekninen puu<\/li>\n<li>Mitat: 100 x 24 x 140 cm (L x S x K)<\/li>\n<li>13 osastolla<\/li>\n<li>Voidaan k\u00e4ytt\u00e4\u00e4 my\u00f6s kirjahyllyn\u00e4.<\/li>\n<li><strong>Huomio: <\/strong>Sein\u00e4\u00e4n kiinnitett\u00e4v\u00e4t ruuvit ja tulpat eiv\u00e4t sis\u00e4lly toimitukseen. Etsi ja k\u00e4yt\u00e4 sein\u00e4\u00e4si sopivia ruuveja ja tulppia. Jos olet ep\u00e4varma, kysy ammattilaisen neuvoa. Lue ja seuraa asennusohjeiden jokaista vaihetta huolella.<\/li>\n<\/ul>\n","protected":false},"featured_media":100000183629,"comment_status":"closed","ping_status":"closed","template":"","meta":[],"product_brand":[],"product_cat":[84],"product_tag":[],"class_list":{"0":"post-183629","1":"product","2":"type-product","3":"status-publish","4":"has-post-thumbnail","6":"product_cat-huonekalut","8":"first","9":"instock","10":"taxable","11":"shipping-taxable","12":"purchasable","13":"product-type-simple"},"_links":{"self":[{"href":"https:\/\/www.otiumhome.fi\/index.php\/wp-json\/wp\/v2\/product\/183629","targetHints":{"allow":["GET"]}}],"collection":[{"href":"https:\/\/www.otiumhome.fi\/index.php\/wp-json\/wp\/v2\/product"}],"about":[{"href":"https:\/\/www.otiumhome.fi\/index.php\/wp-json\/wp\/v2\/types\/product"}],"replies":[{"embeddable":true,"href":"https:\/\/www.otiumhome.fi\/index.php\/wp-json\/wp\/v2\/comments?post=183629"}],"wp:featuredmedia":[{"embeddable":true,"href":"https:\/\/www.otiumhome.fi\/index.php\/wp-json\/"}],"wp:attachment":[{"href":"https:\/\/www.otiumhome.fi\/index.php\/wp-json\/wp\/v2\/media?parent=183629"}],"wp:term":[{"taxonomy":"product_brand","embeddable":true,"href":"https:\/\/www.otiumhome.fi\/index.php\/wp-json\/wp\/v2\/product_brand?post=183629"},{"taxonomy":"product_cat","embeddable":true,"href":"https:\/\/www.otiumhome.fi\/index.php\/wp-json\/wp\/v2\/product_cat?post=183629"},{"taxonomy":"product_tag","embeddable":true,"href":"https:\/\/www.otiumhome.fi\/index.php\/wp-json\/wp\/v2\/product_tag?post=183629"}],"curies":[{"name":"wp","href":"https:\/\/api.w.org\/{rel}","templated":true}]}}