{"id":183625,"date":"2025-10-25T11:55:41","date_gmt":"2025-10-25T11:55:41","guid":{"rendered":"https:\/\/www.otiumhome.fi\/?p=183625"},"modified":"2025-10-26T04:17:47","modified_gmt":"2025-10-26T04:17:47","slug":"taitettava-tilanjakaja-120x170-cm-maailmankartta-keltainen","status":"publish","type":"product","link":"https:\/\/www.otiumhome.fi\/index.php\/tuote\/taitettava-tilanjakaja-120x170-cm-maailmankartta-keltainen\/","title":{"rendered":"Taitettava tilanjakaja 120&#215;170 cm maailmankartta keltainen"},"content":{"rendered":"<p>T\u00e4m\u00e4 tilanjakaja on 120 cm leve\u00e4 ja 170 cm korkea, se sopii erinomaisesti yksityisyyden luomiseen tai huoneen tilan jakamiseen. Se on k\u00e4yt\u00e4nn\u00f6llinen ja koristeellinen lis\u00e4 makuuhuoneeseen, olohuoneeseen tai toimistoon.<\/p>\n<\/p>\n<p>Suojasermiss\u00e4 on kest\u00e4v\u00e4ll\u00e4 kankaalla p\u00e4\u00e4llystetty puinen runko. Sen molemmilla puolilla on maailmankartta maanl\u00e4heisill\u00e4 v\u00e4reill\u00e4 ja se luo hieman modernia charmia sisustukseesi. Huoneenjakaja voidaan taittaa helposti kokoon, jotta s\u00e4\u00e4st\u00e4t tilaa silloin, kun sit\u00e4 ei k\u00e4ytet\u00e4.<\/p>\n<ul>\n<li>V\u00e4ri: keltainen<\/li>\n<li>Materiaali: t\u00e4ysi kuusipuinen runko + kangasverhoilu<\/li>\n<li>Koko: 120 x 170 cm (L x K)<\/li>\n<li>Maailmankartan kuva kummallakin puolella<\/li>\n<li>Tekstiili: Polyesteri: 100%<\/li>\n<\/ul>\n","protected":false},"excerpt":{"rendered":"<ul>\n<li>V\u00e4ri: keltainen<\/li>\n<li>Materiaali: t\u00e4ysi kuusipuinen runko + kangasverhoilu<\/li>\n<li>Koko: 120 x 170 cm (L x K)<\/li>\n<li>Maailmankartan kuva kummallakin puolella<\/li>\n<li>Tekstiili: Polyesteri: 100%<\/li>\n<\/ul>\n","protected":false},"featured_media":100000183625,"comment_status":"closed","ping_status":"closed","template":"","meta":[],"product_brand":[],"product_cat":[84],"product_tag":[],"class_list":{"0":"post-183625","1":"product","2":"type-product","3":"status-publish","4":"has-post-thumbnail","6":"product_cat-huonekalut","8":"first","9":"outofstock","10":"taxable","11":"shipping-taxable","12":"purchasable","13":"product-type-simple"},"_links":{"self":[{"href":"https:\/\/www.otiumhome.fi\/index.php\/wp-json\/wp\/v2\/product\/183625","targetHints":{"allow":["GET"]}}],"collection":[{"href":"https:\/\/www.otiumhome.fi\/index.php\/wp-json\/wp\/v2\/product"}],"about":[{"href":"https:\/\/www.otiumhome.fi\/index.php\/wp-json\/wp\/v2\/types\/product"}],"replies":[{"embeddable":true,"href":"https:\/\/www.otiumhome.fi\/index.php\/wp-json\/wp\/v2\/comments?post=183625"}],"wp:featuredmedia":[{"embeddable":true,"href":"https:\/\/www.otiumhome.fi\/index.php\/wp-json\/"}],"wp:attachment":[{"href":"https:\/\/www.otiumhome.fi\/index.php\/wp-json\/wp\/v2\/media?parent=183625"}],"wp:term":[{"taxonomy":"product_brand","embeddable":true,"href":"https:\/\/www.otiumhome.fi\/index.php\/wp-json\/wp\/v2\/product_brand?post=183625"},{"taxonomy":"product_cat","embeddable":true,"href":"https:\/\/www.otiumhome.fi\/index.php\/wp-json\/wp\/v2\/product_cat?post=183625"},{"taxonomy":"product_tag","embeddable":true,"href":"https:\/\/www.otiumhome.fi\/index.php\/wp-json\/wp\/v2\/product_tag?post=183625"}],"curies":[{"name":"wp","href":"https:\/\/api.w.org\/{rel}","templated":true}]}}