{"id":183585,"date":"2025-10-25T11:50:24","date_gmt":"2025-10-25T11:50:24","guid":{"rendered":"https:\/\/www.otiumhome.fi\/?p=183585"},"modified":"2025-10-26T06:44:41","modified_gmt":"2025-10-26T06:44:41","slug":"taitettava-tilanjakaja-160x170-cm-ranta","status":"publish","type":"product","link":"https:\/\/www.otiumhome.fi\/index.php\/tuote\/taitettava-tilanjakaja-160x170-cm-ranta\/","title":{"rendered":"Taitettava tilanjakaja 160&#215;170 cm ranta"},"content":{"rendered":"<p>T\u00e4m\u00e4 tilanjakaja tarjoaa erinomaisen mahdollisuuden kotisi j\u00e4rjest\u00e4miseen ja j\u00e4sennykseen. Se antaa mahdollisuuden sisustusideoidesi toteuttamiseen ja huoneen jakamisen eri alueisiin hyvin koristeellisella tavalla.<\/p>\n<\/p>\n<p>T\u00e4m\u00e4 huoneenjakaja on kaksipuolinen, sen molemmille puolille on painettu eri kuvio. Voit nauttia erilaisesta ilmapiirist\u00e4 k\u00e4\u00e4nt\u00e4m\u00e4ll\u00e4 sermin. Katso kuvat n\u00e4hd\u00e4ksesi erilaiset kuviot. Se voidaan taittaa kuljetuksen ja s\u00e4ilytyksen helpottamiseksi.<\/p>\n<ul>\n<li>Koko: 160 x 170 cm (L x K)<\/li>\n<li>Runkomateriaali: t\u00e4ysi kuusi<\/li>\n<li>Paino: 5 kg<\/li>\n<li>Kuvio: ranta<\/li>\n<li>Tekstiili: Polyvinyylikloridi: 100%<\/li>\n<\/ul>\n","protected":false},"excerpt":{"rendered":"<ul>\n<li>Koko: 160 x 170 cm (L x K)<\/li>\n<li>Runkomateriaali: t\u00e4ysi kuusi<\/li>\n<li>Paino: 5 kg<\/li>\n<li>Kuvio: ranta<\/li>\n<li>Tekstiili: Polyvinyylikloridi: 100%<\/li>\n<\/ul>\n","protected":false},"featured_media":100000183585,"comment_status":"closed","ping_status":"closed","template":"","meta":[],"product_brand":[],"product_cat":[84],"product_tag":[],"class_list":{"0":"post-183585","1":"product","2":"type-product","3":"status-publish","4":"has-post-thumbnail","6":"product_cat-huonekalut","8":"first","9":"instock","10":"taxable","11":"shipping-taxable","12":"purchasable","13":"product-type-simple"},"_links":{"self":[{"href":"https:\/\/www.otiumhome.fi\/index.php\/wp-json\/wp\/v2\/product\/183585","targetHints":{"allow":["GET"]}}],"collection":[{"href":"https:\/\/www.otiumhome.fi\/index.php\/wp-json\/wp\/v2\/product"}],"about":[{"href":"https:\/\/www.otiumhome.fi\/index.php\/wp-json\/wp\/v2\/types\/product"}],"replies":[{"embeddable":true,"href":"https:\/\/www.otiumhome.fi\/index.php\/wp-json\/wp\/v2\/comments?post=183585"}],"wp:featuredmedia":[{"embeddable":true,"href":"https:\/\/www.otiumhome.fi\/index.php\/wp-json\/"}],"wp:attachment":[{"href":"https:\/\/www.otiumhome.fi\/index.php\/wp-json\/wp\/v2\/media?parent=183585"}],"wp:term":[{"taxonomy":"product_brand","embeddable":true,"href":"https:\/\/www.otiumhome.fi\/index.php\/wp-json\/wp\/v2\/product_brand?post=183585"},{"taxonomy":"product_cat","embeddable":true,"href":"https:\/\/www.otiumhome.fi\/index.php\/wp-json\/wp\/v2\/product_cat?post=183585"},{"taxonomy":"product_tag","embeddable":true,"href":"https:\/\/www.otiumhome.fi\/index.php\/wp-json\/wp\/v2\/product_tag?post=183585"}],"curies":[{"name":"wp","href":"https:\/\/api.w.org\/{rel}","templated":true}]}}