{"id":183553,"date":"2025-10-25T11:50:15","date_gmt":"2025-10-25T11:50:15","guid":{"rendered":"https:\/\/www.otiumhome.fi\/?p=183553"},"modified":"2025-10-26T08:17:38","modified_gmt":"2025-10-26T08:17:38","slug":"kokoontaitettava-tilanjakaja-5-paneelia-200-cm-bambu-ja-kangas","status":"publish","type":"product","link":"https:\/\/www.otiumhome.fi\/index.php\/tuote\/kokoontaitettava-tilanjakaja-5-paneelia-200-cm-bambu-ja-kangas\/","title":{"rendered":"Kokoontaitettava tilanjakaja 5 paneelia 200 cm bambu ja kangas"},"content":{"rendered":"<p>Luo oma henkil\u00f6kohtainen tilasi yksityisyytt\u00e4 tai rauhaa varten tai jaa osa huoneesta t\u00e4ll\u00e4 klassisella bambu tilanjakajalla!<\/p>\n<\/p>\n<ul>\n<li>Kest\u00e4v\u00e4 materiaali: Yksityisyyden suoja on valmistettu bambusta, tehden siit\u00e4 tukevan ja kest\u00e4v\u00e4n. Se my\u00f6s lis\u00e4\u00e4 luonnollista vieh\u00e4tyst\u00e4 sisustukseesi.<\/li>\n<li>Monipuolinen toiminto: Huoneenjakaja tarjoaa sinulle juuri oikean m\u00e4\u00e4r\u00e4n yksityisyytt\u00e4 miss\u00e4 tahansa paikassa, jota sit\u00e4 eniten tarvitset, kuten olohuoneissa, parvekkeilla ja puutarhoissa. Voit jopa k\u00e4ytt\u00e4\u00e4 sit\u00e4 my\u00f6s taustasein\u00e4n\u00e4.<\/li>\n<li>Joustava muotoilu: Taitettavan muotoilun ansiosta t\u00e4m\u00e4 tilanjakaja voidaan taittaa kokoon helposti ja nopeasti s\u00e4ilytyst\u00e4 varten, kun se ei ole k\u00e4yt\u00f6ss\u00e4.<\/li>\n<\/ul>\n<p>Huomioi:<\/p>\n<ul>\n<li>Jokaisen tuotteen mukana on laatikossa kokoonpano-ohje helppoa asennusta varten.<\/li>\n<\/ul>\n<ul>\n<li>Kankaan v\u00e4ri: musta<\/li>\n<li>Materiaali: bambu, kangas (100% polyesteri)<\/li>\n<li>Koko: 200 x 180 cm (L x K)<\/li>\n<li>5 paneelia<\/li>\n<\/ul>\n","protected":false},"excerpt":{"rendered":"<ul>\n<li>Kankaan v\u00e4ri: musta<\/li>\n<li>Materiaali: bambu, kangas (100% polyesteri)<\/li>\n<li>Koko: 200 x 180 cm (L x K)<\/li>\n<li>5 paneelia<\/li>\n<\/ul>\n","protected":false},"featured_media":100000183553,"comment_status":"closed","ping_status":"closed","template":"","meta":[],"product_brand":[],"product_cat":[84],"product_tag":[],"class_list":{"0":"post-183553","1":"product","2":"type-product","3":"status-publish","4":"has-post-thumbnail","6":"product_cat-huonekalut","8":"first","9":"instock","10":"taxable","11":"shipping-taxable","12":"purchasable","13":"product-type-simple"},"_links":{"self":[{"href":"https:\/\/www.otiumhome.fi\/index.php\/wp-json\/wp\/v2\/product\/183553","targetHints":{"allow":["GET"]}}],"collection":[{"href":"https:\/\/www.otiumhome.fi\/index.php\/wp-json\/wp\/v2\/product"}],"about":[{"href":"https:\/\/www.otiumhome.fi\/index.php\/wp-json\/wp\/v2\/types\/product"}],"replies":[{"embeddable":true,"href":"https:\/\/www.otiumhome.fi\/index.php\/wp-json\/wp\/v2\/comments?post=183553"}],"wp:featuredmedia":[{"embeddable":true,"href":"https:\/\/www.otiumhome.fi\/index.php\/wp-json\/"}],"wp:attachment":[{"href":"https:\/\/www.otiumhome.fi\/index.php\/wp-json\/wp\/v2\/media?parent=183553"}],"wp:term":[{"taxonomy":"product_brand","embeddable":true,"href":"https:\/\/www.otiumhome.fi\/index.php\/wp-json\/wp\/v2\/product_brand?post=183553"},{"taxonomy":"product_cat","embeddable":true,"href":"https:\/\/www.otiumhome.fi\/index.php\/wp-json\/wp\/v2\/product_cat?post=183553"},{"taxonomy":"product_tag","embeddable":true,"href":"https:\/\/www.otiumhome.fi\/index.php\/wp-json\/wp\/v2\/product_tag?post=183553"}],"curies":[{"name":"wp","href":"https:\/\/api.w.org\/{rel}","templated":true}]}}