{"id":182165,"date":"2025-10-25T04:13:29","date_gmt":"2025-10-25T04:13:29","guid":{"rendered":"https:\/\/www.otiumhome.fi\/?p=182165"},"modified":"2025-10-25T20:38:43","modified_gmt":"2025-10-25T20:38:43","slug":"poytalevy-50x50x17-cm-nelio-taysi-manty","status":"publish","type":"product","link":"https:\/\/www.otiumhome.fi\/index.php\/tuote\/poytalevy-50x50x17-cm-nelio-taysi-manty\/","title":{"rendered":"P\u00f6yt\u00e4levy 50x50x1,7 cm neli\u00f6 t\u00e4ysi m\u00e4nty"},"content":{"rendered":"<p>Anna p\u00f6yd\u00e4llesi uusi el\u00e4m\u00e4 t\u00e4m\u00e4n puisen p\u00f6yt\u00e4levyn avulla. Se on erinomainen ratkaisu p\u00f6yd\u00e4n pirist\u00e4miseen kotona tai kaupallisessa ymp\u00e4rist\u00f6ss\u00e4.<\/p>\n<\/p>\n<ul>\n<li>T\u00e4ysi m\u00e4nty: T\u00e4ysi m\u00e4ntypuu on kaunis luonnollinen materiaali. M\u00e4nnyll\u00e4 on suorat puunsyyt ja sen oksanpaikat antavat materiaalille sen ominaisen rustiikkisen ilmeen.<\/li>\n<li>Monipuolinen k\u00e4ytt\u00f6: Vaihtop\u00f6yt\u00e4levy voidaan yhdist\u00e4\u00e4 moniin eri alustoihin tarpeidesi mukaan.<\/li>\n<li>Maalaismainen muotoilu: Yksinkertaisella ja puhtaalla ilmeell\u00e4\u00e4n t\u00e4m\u00e4 puinen p\u00f6yt\u00e4levy lis\u00e4\u00e4 maalaischarmia ruokailutiloihisi.<\/li>\n<li>Helposti puhdistettava pinta: Sile\u00e4 p\u00f6yt\u00e4levy on helppo puhdistaa kostealla liinalla.<\/li>\n<\/ul>\n<p>Hyv\u00e4 tiet\u00e4\u00e4:<\/p>\n<ul>\n<li>Jokainen kappale on ainutlaatuisen eroavilla v\u00e4reill\u00e4 ja puunsyill\u00e4. Toimitus on sattumanvarainen, t\u00e4m\u00e4 takaa tuotteesi erityisyyden ja ainutlaatuisuuden.<\/li>\n<\/ul>\n<ul>\n<li>Materiaali: t\u00e4ysi m\u00e4nty (k\u00e4sittelem\u00e4t\u00f6n)<\/li>\n<li>Mitat: 50 x 50 x 1,7 cm (P x L x Paks.)<\/li>\n<li>Suositeltava p\u00f6yt\u00e4: Sivup\u00f6yt\u00e4<\/li>\n<li>Toimitus sis\u00e4lt\u00e4\u00e4 vain p\u00f6yt\u00e4levyn<\/li>\n<\/ul>\n","protected":false},"excerpt":{"rendered":"<ul>\n<li>Materiaali: t\u00e4ysi m\u00e4nty (k\u00e4sittelem\u00e4t\u00f6n)<\/li>\n<li>Mitat: 50 x 50 x 1,7 cm (P x L x Paks.)<\/li>\n<li>Suositeltava p\u00f6yt\u00e4: Sivup\u00f6yt\u00e4<\/li>\n<li>Toimitus sis\u00e4lt\u00e4\u00e4 vain p\u00f6yt\u00e4levyn<\/li>\n<\/ul>\n","protected":false},"featured_media":100000182165,"comment_status":"closed","ping_status":"closed","template":"","meta":[],"product_brand":[],"product_cat":[84,8578],"product_tag":[],"class_list":{"0":"post-182165","1":"product","2":"type-product","3":"status-publish","4":"has-post-thumbnail","6":"product_cat-huonekalut","7":"product_cat-poytalevyt","9":"first","10":"instock","11":"taxable","12":"shipping-taxable","13":"purchasable","14":"product-type-simple"},"_links":{"self":[{"href":"https:\/\/www.otiumhome.fi\/index.php\/wp-json\/wp\/v2\/product\/182165","targetHints":{"allow":["GET"]}}],"collection":[{"href":"https:\/\/www.otiumhome.fi\/index.php\/wp-json\/wp\/v2\/product"}],"about":[{"href":"https:\/\/www.otiumhome.fi\/index.php\/wp-json\/wp\/v2\/types\/product"}],"replies":[{"embeddable":true,"href":"https:\/\/www.otiumhome.fi\/index.php\/wp-json\/wp\/v2\/comments?post=182165"}],"wp:featuredmedia":[{"embeddable":true,"href":"https:\/\/www.otiumhome.fi\/index.php\/wp-json\/"}],"wp:attachment":[{"href":"https:\/\/www.otiumhome.fi\/index.php\/wp-json\/wp\/v2\/media?parent=182165"}],"wp:term":[{"taxonomy":"product_brand","embeddable":true,"href":"https:\/\/www.otiumhome.fi\/index.php\/wp-json\/wp\/v2\/product_brand?post=182165"},{"taxonomy":"product_cat","embeddable":true,"href":"https:\/\/www.otiumhome.fi\/index.php\/wp-json\/wp\/v2\/product_cat?post=182165"},{"taxonomy":"product_tag","embeddable":true,"href":"https:\/\/www.otiumhome.fi\/index.php\/wp-json\/wp\/v2\/product_tag?post=182165"}],"curies":[{"name":"wp","href":"https:\/\/api.w.org\/{rel}","templated":true}]}}