{"id":182162,"date":"2025-10-25T04:13:26","date_gmt":"2025-10-25T04:13:26","guid":{"rendered":"https:\/\/www.otiumhome.fi\/?p=182162"},"modified":"2025-10-25T20:36:59","modified_gmt":"2025-10-25T20:36:59","slug":"poytalevy-pyorea-o70x3-cm-taysi-manty","status":"publish","type":"product","link":"https:\/\/www.otiumhome.fi\/index.php\/tuote\/poytalevy-pyorea-o70x3-cm-taysi-manty\/","title":{"rendered":"P\u00f6yt\u00e4levy py\u00f6re\u00e4 \u00d870&#215;3 cm t\u00e4ysi m\u00e4nty"},"content":{"rendered":"<p>Anna p\u00f6yd\u00e4llesi t\u00e4ysin uusi el\u00e4m\u00e4 t\u00e4ll\u00e4 perinteisell\u00e4 puup\u00f6yt\u00e4levyll\u00e4!<\/p>\n<\/p>\n<ul>\n<li>T\u00e4ysi m\u00e4nty: T\u00e4ysi m\u00e4ntypuu on kaunis luonnollinen materiaali. M\u00e4nnyll\u00e4 on suorat puunsyyt ja sen oksanpaikat antavat materiaalille sen ominaisen rustiikkisen ilmeen.<\/li>\n<li>Tukeva ja vakaa p\u00f6yt\u00e4taso: Puurunko takaa tukevuuden ja vakauden. Lis\u00e4ksi p\u00f6yt\u00e4levyn 3 cm paksuus tuo ylim\u00e4\u00e4r\u00e4ist\u00e4 vakautta.<\/li>\n<li>Monipuolinen k\u00e4ytt\u00f6: T\u00e4t\u00e4 py\u00f6re\u00e4\u00e4 p\u00f6yt\u00e4levy\u00e4 voidaan k\u00e4ytt\u00e4\u00e4 ruoka- ja sohvap\u00f6ydiss\u00e4 ja jopa johonkin omaan luomukseesi. Voit yhdist\u00e4\u00e4 t\u00e4yspuisen p\u00f6yt\u00e4levyn mink\u00e4 tahansa tyylisten jalkojen kanssa tarpeidesi mukaan.<\/li>\n<\/ul>\n<ul>\n<li>Materiaali: t\u00e4ysi m\u00e4nty (k\u00e4sittelem\u00e4t\u00f6n) <\/li>\n<li>Mitat: 70 x 3 cm (Halkaisija x Paks.)<\/li>\n<li>Muoto: py\u00f6re\u00e4<\/li>\n<li>Suositeltu p\u00f6yt\u00e4: Sohvap\u00f6yt\u00e4levy<\/li>\n<li>Toimituksessa mukana ainoastaan p\u00f6yt\u00e4levy.<\/li>\n<\/ul>\n","protected":false},"excerpt":{"rendered":"<ul>\n<li>Materiaali: t\u00e4ysi m\u00e4nty (k\u00e4sittelem\u00e4t\u00f6n) <\/li>\n<li>Mitat: 70 x 3 cm (Halkaisija x Paks.)<\/li>\n<li>Muoto: py\u00f6re\u00e4<\/li>\n<li>Suositeltu p\u00f6yt\u00e4: Sohvap\u00f6yt\u00e4levy<\/li>\n<li>Toimituksessa mukana ainoastaan p\u00f6yt\u00e4levy.<\/li>\n<\/ul>\n","protected":false},"featured_media":100000182162,"comment_status":"closed","ping_status":"closed","template":"","meta":[],"product_brand":[],"product_cat":[84,8578],"product_tag":[],"class_list":{"0":"post-182162","1":"product","2":"type-product","3":"status-publish","4":"has-post-thumbnail","6":"product_cat-huonekalut","7":"product_cat-poytalevyt","9":"first","10":"instock","11":"taxable","12":"shipping-taxable","13":"purchasable","14":"product-type-simple"},"_links":{"self":[{"href":"https:\/\/www.otiumhome.fi\/index.php\/wp-json\/wp\/v2\/product\/182162","targetHints":{"allow":["GET"]}}],"collection":[{"href":"https:\/\/www.otiumhome.fi\/index.php\/wp-json\/wp\/v2\/product"}],"about":[{"href":"https:\/\/www.otiumhome.fi\/index.php\/wp-json\/wp\/v2\/types\/product"}],"replies":[{"embeddable":true,"href":"https:\/\/www.otiumhome.fi\/index.php\/wp-json\/wp\/v2\/comments?post=182162"}],"wp:featuredmedia":[{"embeddable":true,"href":"https:\/\/www.otiumhome.fi\/index.php\/wp-json\/"}],"wp:attachment":[{"href":"https:\/\/www.otiumhome.fi\/index.php\/wp-json\/wp\/v2\/media?parent=182162"}],"wp:term":[{"taxonomy":"product_brand","embeddable":true,"href":"https:\/\/www.otiumhome.fi\/index.php\/wp-json\/wp\/v2\/product_brand?post=182162"},{"taxonomy":"product_cat","embeddable":true,"href":"https:\/\/www.otiumhome.fi\/index.php\/wp-json\/wp\/v2\/product_cat?post=182162"},{"taxonomy":"product_tag","embeddable":true,"href":"https:\/\/www.otiumhome.fi\/index.php\/wp-json\/wp\/v2\/product_tag?post=182162"}],"curies":[{"name":"wp","href":"https:\/\/api.w.org\/{rel}","templated":true}]}}