{"id":182160,"date":"2025-10-25T04:12:02","date_gmt":"2025-10-25T04:12:02","guid":{"rendered":"https:\/\/www.otiumhome.fi\/?p=182160"},"modified":"2025-10-26T00:39:45","modified_gmt":"2025-10-26T00:39:45","slug":"poytalevy-140x60x25-27-cm-taysi-akaasiapuu","status":"publish","type":"product","link":"https:\/\/www.otiumhome.fi\/index.php\/tuote\/poytalevy-140x60x25-27-cm-taysi-akaasiapuu\/","title":{"rendered":"P\u00f6yt\u00e4levy 140x60x(2,5-2,7) cm t\u00e4ysi akaasiapuu"},"content":{"rendered":"<p>T\u00e4m\u00e4 yksinkertaisen siisti puup\u00f6yt\u00e4levy tuo maalaischarmia ruokatilaasi.<\/p>\n<\/p>\n<p>P\u00f6yt\u00e4levy on valmistettu t\u00e4ydest\u00e4 akaasiapuusta. T\u00e4ysi akaasia on kaunis luonnonmateriaali. Akaasiapuu on trooppinen lehtipuu, joka tihe\u00e4, tukevat ja kest\u00e4v\u00e4 materiaali. Siksi se on my\u00f6s kest\u00e4v\u00e4 ja helppo puhdistaa kostealla liinalla. Lis\u00e4ksi voit yhdist\u00e4\u00e4 t\u00e4m\u00e4n levyn mink\u00e4 tahansa tyylisiin jalkoihin tarpeidesi mukaan.<\/p>\n<\/p>\n<p>T\u00e4rke\u00e4 huomio: V\u00e4rit vaihtelevat kappaleittain tehden jokaisesta kappaleesta ainutlaatuisen; toimitus on sattumanvarainen.<\/p>\n<ul>\n<li>Materiaali: t\u00e4ysi akaasiapuu hunajan ruskealla viimeistelyll\u00e4<\/li>\n<li>Mitat: 140 x 60 x (2,5-2,7) cm (P x L x Paks.)<\/li>\n<li>Kaksi puutukea<\/li>\n<li>Asennus vaaditaan: kyll\u00e4<\/li>\n<\/ul>\n","protected":false},"excerpt":{"rendered":"<ul>\n<li>Materiaali: t\u00e4ysi akaasiapuu hunajan ruskealla viimeistelyll\u00e4<\/li>\n<li>Mitat: 140 x 60 x (2,5-2,7) cm (P x L x Paks.)<\/li>\n<li>Kaksi puutukea<\/li>\n<li>Asennus vaaditaan: kyll\u00e4<\/li>\n<\/ul>\n","protected":false},"featured_media":100000182160,"comment_status":"closed","ping_status":"closed","template":"","meta":[],"product_brand":[],"product_cat":[84,8578],"product_tag":[],"class_list":{"0":"post-182160","1":"product","2":"type-product","3":"status-publish","4":"has-post-thumbnail","6":"product_cat-huonekalut","7":"product_cat-poytalevyt","9":"first","10":"instock","11":"taxable","12":"shipping-taxable","13":"purchasable","14":"product-type-simple"},"_links":{"self":[{"href":"https:\/\/www.otiumhome.fi\/index.php\/wp-json\/wp\/v2\/product\/182160","targetHints":{"allow":["GET"]}}],"collection":[{"href":"https:\/\/www.otiumhome.fi\/index.php\/wp-json\/wp\/v2\/product"}],"about":[{"href":"https:\/\/www.otiumhome.fi\/index.php\/wp-json\/wp\/v2\/types\/product"}],"replies":[{"embeddable":true,"href":"https:\/\/www.otiumhome.fi\/index.php\/wp-json\/wp\/v2\/comments?post=182160"}],"wp:featuredmedia":[{"embeddable":true,"href":"https:\/\/www.otiumhome.fi\/index.php\/wp-json\/"}],"wp:attachment":[{"href":"https:\/\/www.otiumhome.fi\/index.php\/wp-json\/wp\/v2\/media?parent=182160"}],"wp:term":[{"taxonomy":"product_brand","embeddable":true,"href":"https:\/\/www.otiumhome.fi\/index.php\/wp-json\/wp\/v2\/product_brand?post=182160"},{"taxonomy":"product_cat","embeddable":true,"href":"https:\/\/www.otiumhome.fi\/index.php\/wp-json\/wp\/v2\/product_cat?post=182160"},{"taxonomy":"product_tag","embeddable":true,"href":"https:\/\/www.otiumhome.fi\/index.php\/wp-json\/wp\/v2\/product_tag?post=182160"}],"curies":[{"name":"wp","href":"https:\/\/api.w.org\/{rel}","templated":true}]}}