{"id":182121,"date":"2025-10-25T03:46:10","date_gmt":"2025-10-25T03:46:10","guid":{"rendered":"https:\/\/www.otiumhome.fi\/?p=182121"},"modified":"2025-12-14T08:08:32","modified_gmt":"2025-12-14T08:08:32","slug":"penkki-elavilla-reunoilla-105-cm-taysi-mangopuu","status":"publish","type":"product","link":"https:\/\/www.otiumhome.fi\/index.php\/tuote\/penkki-elavilla-reunoilla-105-cm-taysi-mangopuu\/","title":{"rendered":"Penkki el\u00e4vill\u00e4 reunoilla 105 cm t\u00e4ysi mangopuu"},"content":{"rendered":"<p>T\u00e4ss\u00e4 penkiss\u00e4 on mangopuinen istuin ja tukevat X-muotoiset jalat, joten se on upea lis\u00e4 ruokailutilaan, olohuoneeseen tai eteiseen.<\/p>\n<\/p>\n<ul>\n<li>T\u00e4ysi mangopuu: Penkin istuin on valmistettu t\u00e4ydest\u00e4 mangopuusta. T\u00e4ysi mangopuu on luja trooppinen lehtipuu, josta valmistetaan tukevia kalusteita. Kauniit puunsyyt tekev\u00e4t jokaisesta kalusteesta hieman erilaisen kuin seuraavasta.<\/li>\n<li>El\u00e4v\u00e4 reuna: Luonnollinen puun omaa muotoa mukaileva reuna lis\u00e4\u00e4 eteisen penkin kauneutta.<\/li>\n<li>Vakaa runko: Jauhemaalatusta ter\u00e4ksest\u00e4 valmistetut X-muotoiset jalat lis\u00e4\u00e4v\u00e4t sisustukseesi teollista tyyli\u00e4 ja takaavat ruokapenkin vakauden.<\/li>\n<\/ul>\n<p>Hyv\u00e4 tiet\u00e4\u00e4:<\/p>\n<ul>\n<li>Jokainen kappale on ainutlaatuisen eroavilla v\u00e4reill\u00e4 ja puunsyill\u00e4. Toimitus on sattumanvarainen, t\u00e4m\u00e4 takaa tuotteesi erityisyyden ja ainutlaatuisuuden.<\/li>\n<\/ul>\n<ul>\n<li>Materiaali: t\u00e4ysi mangopuu, jauhemaalattu ter\u00e4s<\/li>\n<li>Mitat: 105 x 33 x 45 cm (P x L x K)<\/li>\n<li>Penkin istuimen paksuus: 2,5 cm<\/li>\n<li>Luonnollinen puun omaa muotoa mukaileva reuna<\/li>\n<li>Asennus vaaditaan: Kyll\u00e4<\/li>\n<\/ul>\n","protected":false},"excerpt":{"rendered":"<ul>\n<li>Materiaali: t\u00e4ysi mangopuu, jauhemaalattu ter\u00e4s<\/li>\n<li>Mitat: 105 x 33 x 45 cm (P x L x K)<\/li>\n<li>Penkin istuimen paksuus: 2,5 cm<\/li>\n<li>Luonnollinen puun omaa muotoa mukaileva reuna<\/li>\n<li>Asennus vaaditaan: Kyll\u00e4<\/li>\n<\/ul>\n","protected":false},"featured_media":100000182121,"comment_status":"closed","ping_status":"closed","template":"","meta":[],"product_brand":[],"product_cat":[84],"product_tag":[],"class_list":{"0":"post-182121","1":"product","2":"type-product","3":"status-publish","4":"has-post-thumbnail","6":"product_cat-huonekalut","8":"first","9":"instock","10":"taxable","11":"shipping-taxable","12":"purchasable","13":"product-type-simple"},"_links":{"self":[{"href":"https:\/\/www.otiumhome.fi\/index.php\/wp-json\/wp\/v2\/product\/182121","targetHints":{"allow":["GET"]}}],"collection":[{"href":"https:\/\/www.otiumhome.fi\/index.php\/wp-json\/wp\/v2\/product"}],"about":[{"href":"https:\/\/www.otiumhome.fi\/index.php\/wp-json\/wp\/v2\/types\/product"}],"replies":[{"embeddable":true,"href":"https:\/\/www.otiumhome.fi\/index.php\/wp-json\/wp\/v2\/comments?post=182121"}],"wp:featuredmedia":[{"embeddable":true,"href":"https:\/\/www.otiumhome.fi\/index.php\/wp-json\/"}],"wp:attachment":[{"href":"https:\/\/www.otiumhome.fi\/index.php\/wp-json\/wp\/v2\/media?parent=182121"}],"wp:term":[{"taxonomy":"product_brand","embeddable":true,"href":"https:\/\/www.otiumhome.fi\/index.php\/wp-json\/wp\/v2\/product_brand?post=182121"},{"taxonomy":"product_cat","embeddable":true,"href":"https:\/\/www.otiumhome.fi\/index.php\/wp-json\/wp\/v2\/product_cat?post=182121"},{"taxonomy":"product_tag","embeddable":true,"href":"https:\/\/www.otiumhome.fi\/index.php\/wp-json\/wp\/v2\/product_tag?post=182121"}],"curies":[{"name":"wp","href":"https:\/\/api.w.org\/{rel}","templated":true}]}}