{"id":182116,"date":"2025-10-25T03:46:07","date_gmt":"2025-10-25T03:46:07","guid":{"rendered":"https:\/\/www.otiumhome.fi\/?p=182116"},"modified":"2025-12-14T08:13:37","modified_gmt":"2025-12-14T08:13:37","slug":"penkki-katoksella-vahanruskea-1175x70x1765-cm-taysi-manty","status":"publish","type":"product","link":"https:\/\/www.otiumhome.fi\/index.php\/tuote\/penkki-katoksella-vahanruskea-1175x70x1765-cm-taysi-manty\/","title":{"rendered":"Penkki katoksella vahanruskea 117,5x70x176,5 cm t\u00e4ysi m\u00e4nty"},"content":{"rendered":"<p>T\u00e4m\u00e4 penkki on todellinen katseenvangitsija, joka tarjoaa samalla lis\u00e4\u00e4 istumapaikkoja asuintiloihisi.<\/p>\n<\/p>\n<ul>\n<li>Vakaa ja pitk\u00e4kestoinen runko: T\u00e4ysi m\u00e4nty tunnetaan lujuudestaan ja kest\u00e4vyydest\u00e4\u00e4n. Sen suorat puunsyyt ja erottuvat oksanpaikat lis\u00e4\u00e4v\u00e4t sen rustiikkista charmia.<\/li>\n<li>K\u00e4yt\u00e4nn\u00f6llinen selk\u00e4noja: Penkin selk\u00e4nojan ansiosta voit rentouttaa vartaloasi mukavasti.<\/li>\n<li>Sopii mihin tahansa sisustustyyliin: Yksinkertaisella ulkon\u00e4\u00f6ll\u00e4\u00e4n tyylik\u00e4s, mutta monipuolinen penkki-istuin on upea lis\u00e4 mihin tahansa kotisi tilaan. Se sopii my\u00f6s t\u00e4ydellisesti nykyisiin trendeihin.<\/li>\n<li>Hyv\u00e4 ilmanvaihto: S\u00e4lerakenne varmistaa ilmankierron ja est\u00e4\u00e4 paahtavan l\u00e4mm\u00f6n.<\/li>\n<\/ul>\n<ul>\n<li>V\u00e4ri: Vahanruskea<\/li>\n<li>Materiaali: T\u00e4ysi m\u00e4nty<\/li>\n<li>Kokonaismitat: 117,5 x 70 x 176,5 cm (P x L x K)<\/li>\n<li>Istuimen koko: 106 x 47 cm (L x S)<\/li>\n<li>Selk\u00e4nojan koko: 106 x 35 cm (L x K)<\/li>\n<li>Maksimikantavuus: 220 kg<\/li>\n<li>Tyyny sis\u00e4ltyy toimitukseen: Ei<\/li>\n<li>Asennus vaaditaan: Kyll\u00e4<\/li>\n<\/ul>\n","protected":false},"excerpt":{"rendered":"<ul>\n<li>V\u00e4ri: Vahanruskea<\/li>\n<li>Materiaali: T\u00e4ysi m\u00e4nty<\/li>\n<li>Kokonaismitat: 117,5 x 70 x 176,5 cm (P x L x K)<\/li>\n<li>Istuimen koko: 106 x 47 cm (L x S)<\/li>\n<li>Selk\u00e4nojan koko: 106 x 35 cm (L x K)<\/li>\n<li>Maksimikantavuus: 220 kg<\/li>\n<li>Tyyny sis\u00e4ltyy toimitukseen: Ei<\/li>\n<li>Asennus vaaditaan: Kyll\u00e4<\/li>\n<\/ul>\n","protected":false},"featured_media":100000182116,"comment_status":"closed","ping_status":"closed","template":"","meta":[],"product_brand":[],"product_cat":[84],"product_tag":[],"class_list":{"0":"post-182116","1":"product","2":"type-product","3":"status-publish","4":"has-post-thumbnail","6":"product_cat-huonekalut","8":"first","9":"instock","10":"taxable","11":"shipping-taxable","12":"purchasable","13":"product-type-simple"},"_links":{"self":[{"href":"https:\/\/www.otiumhome.fi\/index.php\/wp-json\/wp\/v2\/product\/182116","targetHints":{"allow":["GET"]}}],"collection":[{"href":"https:\/\/www.otiumhome.fi\/index.php\/wp-json\/wp\/v2\/product"}],"about":[{"href":"https:\/\/www.otiumhome.fi\/index.php\/wp-json\/wp\/v2\/types\/product"}],"replies":[{"embeddable":true,"href":"https:\/\/www.otiumhome.fi\/index.php\/wp-json\/wp\/v2\/comments?post=182116"}],"wp:featuredmedia":[{"embeddable":true,"href":"https:\/\/www.otiumhome.fi\/index.php\/wp-json\/"}],"wp:attachment":[{"href":"https:\/\/www.otiumhome.fi\/index.php\/wp-json\/wp\/v2\/media?parent=182116"}],"wp:term":[{"taxonomy":"product_brand","embeddable":true,"href":"https:\/\/www.otiumhome.fi\/index.php\/wp-json\/wp\/v2\/product_brand?post=182116"},{"taxonomy":"product_cat","embeddable":true,"href":"https:\/\/www.otiumhome.fi\/index.php\/wp-json\/wp\/v2\/product_cat?post=182116"},{"taxonomy":"product_tag","embeddable":true,"href":"https:\/\/www.otiumhome.fi\/index.php\/wp-json\/wp\/v2\/product_tag?post=182116"}],"curies":[{"name":"wp","href":"https:\/\/api.w.org\/{rel}","templated":true}]}}