{"id":182051,"date":"2025-10-25T03:03:24","date_gmt":"2025-10-25T03:03:24","guid":{"rendered":"https:\/\/www.otiumhome.fi\/?p=182051"},"modified":"2025-12-09T07:37:40","modified_gmt":"2025-12-09T07:37:40","slug":"kylpyhuonekalustesetti-2-pcs-musta-tekninen-puu-metalli","status":"publish","type":"product","link":"https:\/\/www.otiumhome.fi\/index.php\/tuote\/kylpyhuonekalustesetti-2-pcs-musta-tekninen-puu-metalli\/","title":{"rendered":"Kylpyhuonekalustesetti 2 pcs Musta Tekninen puu &#038; Metalli"},"content":{"rendered":"<p>T\u00e4m\u00e4 moderni kylpyhuonekalustesetti tuo erinomaisen tyylin ja toiminnallisuuden yhteen. Sen muodikkaat linjat ja yksinkertainen design tekev\u00e4t siit\u00e4 loistavan valinnan kaikille, jotka arvostavat kauneutta. Kest\u00e4v\u00e4 tekninen puu ja metalli tarjoavat tarpeellista pitk\u00e4ik\u00e4isyytt\u00e4 ja eleganttia ilmett\u00e4. Ajattele, kuinka t\u00e4m\u00e4 setti voi todella parantaa kylpyhuoneesi ilmett\u00e4.<\/p>\n<ul>\n<li><b>Tekninen puu ja metalli:<\/b> Valmistettu teknisest\u00e4 puusta, t\u00e4m\u00e4 kylpyhuonesetti kest\u00e4\u00e4 kosteutta ja kulutusta. Metalliset yksityiskohdat korostavat teollista tyyli\u00e4 ja lis\u00e4\u00e4v\u00e4t eleganssia kylpyhuoneeseesi.<\/li>\n<li><b>Sein\u00e4kiinnitett\u00e4v\u00e4 asennus:<\/b> Setti on suunniteltu sein\u00e4kiinnitett\u00e4v\u00e4ksi, joten se s\u00e4\u00e4st\u00e4\u00e4 tilaa. T\u00e4m\u00e4 suunnittelu pit\u00e4\u00e4 ymp\u00e4rist\u00f6n siistin\u00e4 samalla kun kaikki tarpeelliset asiat on helppo l\u00f6yt\u00e4\u00e4.<\/li>\n<li><b>Kaikkien tarpeiden s\u00e4ilytysratkaisu:<\/b> Mukana on pesuallaskaappi ja peilikaappi, jotka vastaavat erilaisiin s\u00e4ilytystarpeisiin. Pesuallaskaapissa on runsaasti tilaa, ja peilikaappi pit\u00e4\u00e4 hygieniatuotteet piilossa, jolloin ilme pysyy siistin\u00e4.<\/li>\n<li><b>K\u00e4yt\u00e4nn\u00f6lliset suunnitteluelementit:<\/b> Saranoidut ovet ja paljon s\u00e4ilytystilaa tekev\u00e4t siit\u00e4 k\u00e4yt\u00e4nn\u00f6llisen. Suorat tankokahvat lis\u00e4\u00e4v\u00e4t modernia ilmett\u00e4 ja tekev\u00e4t k\u00e4yt\u00f6st\u00e4 sujuvaa.<\/li>\n<li><b>Yksinkertainen kokoaminen vaaditaan:<\/b> Kokoaminen tarvitsee kaksi henkil\u00f6\u00e4 ja ruuvimeisselin, mutta se takaa vahvan ja vakaan rakenteen. Yksinkertaiset kokoamisohjeet helpottavat teht\u00e4v\u00e4\u00e4.<\/li>\n<\/ul>\n<ul>\n<li>V\u00e4ri: Musta<\/li>\n<li>Materiaali: Tekninen puu, metalli<\/li>\n<li>Yleiset mitat: 61 x 35 x 64 cm (P x L x K)<\/li>\n<li>Paino: 28,35 kg<\/li>\n<li>Peilill\u00e4<\/li>\n<li>4 ovien kanssa<\/li>\n<li>Sis\u00e4- \/ ulkotiloissa: Vain sis\u00e4k\u00e4ytt\u00f6\u00f6n<\/li>\n<li>Toimitus-:<\/li>\n<li>1 x Kylpyhuoneen allaskaappi: 61 x 35 x 64 cm (PxLxK)<\/li>\n<li>1 x Kylpyhuoneen peilikaappi: 56 x 17 x 55 cm (PxLxK)<\/li>\n<li>Kokoonpano vaaditaan: Kyll\u00e4<\/li>\n<\/ul>\n","protected":false},"excerpt":{"rendered":"<ul>\n<li>V\u00e4ri: Musta<\/li>\n<li>Materiaali: Tekninen puu, metalli<\/li>\n<li>Yleiset mitat: 61 x 35 x 64 cm (P x L x K)<\/li>\n<li>Paino: 28,35 kg<\/li>\n<li>Peilill\u00e4<\/li>\n<li>4 ovien kanssa<\/li>\n<li>Sis\u00e4- \/ ulkotiloissa: Vain sis\u00e4k\u00e4ytt\u00f6\u00f6n<\/li>\n<li>Toimitus-:<\/li>\n<li>1 x Kylpyhuoneen allaskaappi: 61 x 35 x 64 cm (PxLxK)<\/li>\n<li>1 x Kylpyhuoneen peilikaappi: 56 x 17 x 55 cm (PxLxK)<\/li>\n<li>Kokoonpano vaaditaan: Kyll\u00e4<\/li>\n<\/ul>\n","protected":false},"featured_media":100000182051,"comment_status":"closed","ping_status":"closed","template":"","meta":[],"product_brand":[],"product_cat":[84,8561,8562],"product_tag":[],"class_list":{"0":"post-182051","1":"product","2":"type-product","3":"status-publish","4":"has-post-thumbnail","6":"product_cat-huonekalut","7":"product_cat-kampauspoydat","8":"product_cat-kylpyhuoneen-kampauspoydat","10":"first","11":"instock","12":"taxable","13":"shipping-taxable","14":"purchasable","15":"product-type-simple"},"_links":{"self":[{"href":"https:\/\/www.otiumhome.fi\/index.php\/wp-json\/wp\/v2\/product\/182051","targetHints":{"allow":["GET"]}}],"collection":[{"href":"https:\/\/www.otiumhome.fi\/index.php\/wp-json\/wp\/v2\/product"}],"about":[{"href":"https:\/\/www.otiumhome.fi\/index.php\/wp-json\/wp\/v2\/types\/product"}],"replies":[{"embeddable":true,"href":"https:\/\/www.otiumhome.fi\/index.php\/wp-json\/wp\/v2\/comments?post=182051"}],"wp:featuredmedia":[{"embeddable":true,"href":"https:\/\/www.otiumhome.fi\/index.php\/wp-json\/"}],"wp:attachment":[{"href":"https:\/\/www.otiumhome.fi\/index.php\/wp-json\/wp\/v2\/media?parent=182051"}],"wp:term":[{"taxonomy":"product_brand","embeddable":true,"href":"https:\/\/www.otiumhome.fi\/index.php\/wp-json\/wp\/v2\/product_brand?post=182051"},{"taxonomy":"product_cat","embeddable":true,"href":"https:\/\/www.otiumhome.fi\/index.php\/wp-json\/wp\/v2\/product_cat?post=182051"},{"taxonomy":"product_tag","embeddable":true,"href":"https:\/\/www.otiumhome.fi\/index.php\/wp-json\/wp\/v2\/product_tag?post=182051"}],"curies":[{"name":"wp","href":"https:\/\/api.w.org\/{rel}","templated":true}]}}