{"id":182048,"date":"2025-10-25T03:01:49","date_gmt":"2025-10-25T03:01:49","guid":{"rendered":"https:\/\/www.otiumhome.fi\/?p=182048"},"modified":"2025-12-19T16:06:59","modified_gmt":"2025-12-19T16:06:59","slug":"kylpyhuonekalustesetti-laatikon-kanssa-hyllylla-3-pcs-vanha-puu","status":"publish","type":"product","link":"https:\/\/www.otiumhome.fi\/index.php\/tuote\/kylpyhuonekalustesetti-laatikon-kanssa-hyllylla-3-pcs-vanha-puu\/","title":{"rendered":"Kylpyhuonekalustesetti laatikon kanssa hyllyll\u00e4 3 pcs Vanha Puu"},"content":{"rendered":"<p>T\u00e4m\u00e4 moderni kylpyhuonekalustesarja on suunniteltu nostamaan kylpyhuoneen tyyli\u00e4. Se koostuu useista osista, jotka tuovat yksinkertaisuutta, modernin muotoilun ydin. Sarja yhdist\u00e4\u00e4 muodon ja toimivuuden insin\u00f6\u00f6ripuusta ja metallista, luoden hienostuneen lopputuloksen. Materiaalit tuovat nykyaikaisen tunnelman, ja osat sulautuvat moderniin sisustukseen t\u00e4ydellisesti. K\u00e4ytt\u00e4j\u00e4t arvostavat k\u00e4yt\u00e4nn\u00f6llisyytt\u00e4, sill\u00e4 se tarjoaa s\u00e4ilytysratkaisuja hygieniatuotteille, pyyhkeille ja kosmetiikalle. Tyylikk\u00e4\u00e4t pinnat ja tarkka suunnittelu tekev\u00e4t kylpyhuoneen k\u00e4yt\u00f6st\u00e4 luksusta. T\u00e4m\u00e4 sarja edist\u00e4\u00e4 siisti\u00e4 estetiikkaa, tarjoten toimivia ratkaisuja p\u00e4ivitt\u00e4isiin rutiineihin, sopien kaikille, jotka haluavat parantaa kylpyhuoneensa ilmett\u00e4.<\/p>\n<ul><\/br><\/p>\n<li><b>Materiaalit<\/b> Insin\u00f6\u00f6ripuusta tehty, t\u00e4m\u00e4 sarja on tyylik\u00e4s ja kest\u00e4v\u00e4. Sen vahvuus varmistaa pitk\u00e4n k\u00e4ytt\u00f6i\u00e4n, ja sile\u00e4 pinta kehitt\u00e4\u00e4 kylpyhuoneen estetiikkaa. Insin\u00f6\u00f6ripuun kest\u00e4vyys kosteutta vastaan tekee siit\u00e4 k\u00e4yt\u00e4nn\u00f6llisen valinnan.<\/li>\n<p><\/br><\/p>\n<li><b>Mukana olevat osat<\/b> Kalustesarja sis\u00e4lt\u00e4\u00e4 allaskaapin, peilikaapin ja lis\u00e4kylpyhuonekaapin. Jokainen osa on suunniteltu huolella, mik\u00e4 mahdollistaa erilaisten tarpeiden s\u00e4ilytt\u00e4misen, kuten hygieniatuotteet ja muut tarvikkeet, luoden kattavan s\u00e4ilytysratkaisun.<\/li>\n<p><\/br><\/p>\n<li><b>Ominaisuudet \/toiminta \/muotoilu<\/b> Suorat ovet yll\u00e4pit\u00e4v\u00e4t virtaviivaista tyyli\u00e4. Sile\u00e4t hyllyt pit\u00e4v\u00e4t raskaat esineet turvallisesti paikoillaan. Sarjan muotoilu hy\u00f6dynt\u00e4\u00e4 tilan tehokkaasti, ja sein\u00e4kiinnitys mahdollistaa siistin ja j\u00e4rjestelm\u00e4llisen kylpyhuoneen.<\/li>\n<p><\/br><\/p>\n<li><b>Suositellut k\u00e4ytt\u00f6tarkoitukset<\/b> K\u00e4ytt\u00f6 voi olla henkil\u00f6kohtainen kauneudenhoito tai hygieniatuotteiden s\u00e4ilytt\u00e4minen, t\u00e4m\u00e4 sarja hoitaa kaikki p\u00e4ivitt\u00e4iset kylpyhuoneen tarpeet. Se sopii erinomaisesti keskikokoisiin ja suuriin kylpyhuoneisiin, ja palvelee sek\u00e4 yksil\u00f6it\u00e4 ett\u00e4 perheit\u00e4, tehden siit\u00e4 monipuolisen ja k\u00e4yt\u00e4nn\u00f6llisen vaihtoehdon.<\/li>\n<p><\/br><\/p>\n<li><b>Hoito &amp;huolto<\/b> Helpon huollon ansiosta t\u00e4ll\u00e4 kalustesarjalla riitt\u00e4\u00e4 vain kosteaa liinaa puhdistamiseen. T\u00e4llainen yksinkertainen hoitorutiini auttaa s\u00e4ilytt\u00e4m\u00e4\u00e4n sarjan loistavan ulkon\u00e4\u00f6n, varmistaen, ett\u00e4 se n\u00e4ytt\u00e4\u00e4 hyv\u00e4lt\u00e4 pitk\u00e4\u00e4n.<\/li>\n<p><\/br><\/ul>\n<ul>\n<li>V\u00e4ri: Vanha puu<\/li>\n<li>Materiaali: Merkitylt\u00e4\u00e4n puu ja metalli<\/li>\n<li>Yleiset mitat: 76,5 x 35 x 64 cm (P x L x K)<\/li>\n<li>Paino: 51,45 kg<\/li>\n<li>Runsaasti s\u00e4ilytystilaa<\/li>\n<li>3 laatikoilla<\/li>\n<li>Tasainen peili<\/li>\n<li>Mukana 9 levyhyllyt<\/li>\n<li>Mukana 4 tasaiset ovet<\/li>\n<li>Enimm\u00e4ispaino: 180 kg<\/li>\n<li>Vain sis\u00e4k\u00e4ytt\u00f6\u00f6n<\/li>\n<li>Toimitus-:<\/li>\n<li>1 x Kylpyhuoneen pesuallas kaappi: 76.5 x 35 x 64 cm (PxxK)<\/li>\n<li>1 x Kylpyhuoneen peili kaappi: 80 x 17 x 55 cm (PxxK)<\/li>\n<li>1 x Kylpyhuoneen kaappi: 35 x 30 x 80 cm (PxxK)<\/li>\n<li>Kokoonpano vaaditaan: Kyll\u00e4<\/li>\n<\/ul>\n","protected":false},"excerpt":{"rendered":"<ul>\n<li>V\u00e4ri: Vanha puu<\/li>\n<li>Materiaali: Merkitylt\u00e4\u00e4n puu ja metalli<\/li>\n<li>Yleiset mitat: 76,5 x 35 x 64 cm (P x L x K)<\/li>\n<li>Paino: 51,45 kg<\/li>\n<li>Runsaasti s\u00e4ilytystilaa<\/li>\n<li>3 laatikoilla<\/li>\n<li>Tasainen peili<\/li>\n<li>Mukana 9 levyhyllyt<\/li>\n<li>Mukana 4 tasaiset ovet<\/li>\n<li>Enimm\u00e4ispaino: 180 kg<\/li>\n<li>Vain sis\u00e4k\u00e4ytt\u00f6\u00f6n<\/li>\n<li>Toimitus-:<\/li>\n<li>1 x Kylpyhuoneen pesuallas kaappi: 76.5 x 35 x 64 cm (PxxK)<\/li>\n<li>1 x Kylpyhuoneen peili kaappi: 80 x 17 x 55 cm (PxxK)<\/li>\n<li>1 x Kylpyhuoneen kaappi: 35 x 30 x 80 cm (PxxK)<\/li>\n<li>Kokoonpano vaaditaan: Kyll\u00e4<\/li>\n<\/ul>\n","protected":false},"featured_media":100000182048,"comment_status":"closed","ping_status":"closed","template":"","meta":[],"product_brand":[],"product_cat":[84,8560],"product_tag":[],"class_list":{"0":"post-182048","1":"product","2":"type-product","3":"status-publish","4":"has-post-thumbnail","6":"product_cat-huonekalut","7":"product_cat-kylpyhuoneen-kalusteet","9":"first","10":"instock","11":"taxable","12":"shipping-taxable","13":"purchasable","14":"product-type-simple"},"_links":{"self":[{"href":"https:\/\/www.otiumhome.fi\/index.php\/wp-json\/wp\/v2\/product\/182048","targetHints":{"allow":["GET"]}}],"collection":[{"href":"https:\/\/www.otiumhome.fi\/index.php\/wp-json\/wp\/v2\/product"}],"about":[{"href":"https:\/\/www.otiumhome.fi\/index.php\/wp-json\/wp\/v2\/types\/product"}],"replies":[{"embeddable":true,"href":"https:\/\/www.otiumhome.fi\/index.php\/wp-json\/wp\/v2\/comments?post=182048"}],"wp:featuredmedia":[{"embeddable":true,"href":"https:\/\/www.otiumhome.fi\/index.php\/wp-json\/"}],"wp:attachment":[{"href":"https:\/\/www.otiumhome.fi\/index.php\/wp-json\/wp\/v2\/media?parent=182048"}],"wp:term":[{"taxonomy":"product_brand","embeddable":true,"href":"https:\/\/www.otiumhome.fi\/index.php\/wp-json\/wp\/v2\/product_brand?post=182048"},{"taxonomy":"product_cat","embeddable":true,"href":"https:\/\/www.otiumhome.fi\/index.php\/wp-json\/wp\/v2\/product_cat?post=182048"},{"taxonomy":"product_tag","embeddable":true,"href":"https:\/\/www.otiumhome.fi\/index.php\/wp-json\/wp\/v2\/product_tag?post=182048"}],"curies":[{"name":"wp","href":"https:\/\/api.w.org\/{rel}","templated":true}]}}