{"id":181902,"date":"2025-10-25T02:47:15","date_gmt":"2025-10-25T02:47:15","guid":{"rendered":"https:\/\/www.otiumhome.fi\/?p=181902"},"modified":"2025-12-09T06:29:10","modified_gmt":"2025-12-09T06:29:10","slug":"kylpyhuoneen-allaskaappi-ovella-artesaani-tammi-65-x-33-x-60-cm","status":"publish","type":"product","link":"https:\/\/www.otiumhome.fi\/index.php\/tuote\/kylpyhuoneen-allaskaappi-ovella-artesaani-tammi-65-x-33-x-60-cm\/","title":{"rendered":"Kylpyhuoneen allaskaappi ovella artesaani tammi 65 x 33 x 60 cm"},"content":{"rendered":"<p>T\u00e4m\u00e4 moderni pesukoneliit\u00e4nt\u00e4 tekee kylpyhuoneestasi toimivamman ja tyylikk\u00e4\u00e4mm\u00e4n. Huolella suunniteltu, se yhdist\u00e4\u00e4 yksinkertaisuuden ja eleganssin. Suorakaiteen muotoinen muotoilu on t\u00e4ydellinen erilaisiin kylpyhuoneratkaisuihin ja toimii n\u00e4ytt\u00e4v\u00e4n\u00e4 keskipisteen\u00e4. T\u00e4m\u00e4n kaapin avulla yksinkertaistat kylpyhuoneesi s\u00e4ilytyst\u00e4, ja se luo hienostuneen ilmeen k\u00e4yt\u00e4nn\u00f6llisyyden ollessa ykk\u00f6sen\u00e4. Kaappi sopii erilaisiin sisustustyyleihin ja luo modernia tunnelmaa kylpyhuoneeseesi, oli sitten kyseess\u00e4 oma tyyli tai vierashuone.<\/p>\n<ul>\n<li><b>Kest\u00e4v\u00e4 rakenne:<\/b> T\u00e4m\u00e4 kaappi on tehty kest\u00e4v\u00e4ksi, joten se kest\u00e4\u00e4 aikaa ja k\u00e4ytt\u00f6\u00e4. Kulutuskest\u00e4v\u00e4 keinopuu pit\u00e4\u00e4 sen hyv\u00e4ss\u00e4 kunnossa k\u00e4yt\u00f6ss\u00e4. T\u00e4ydellinen valinta, jos etsit tyyli\u00e4 ja kest\u00e4vyytt\u00e4 kylpyhuoneeseesi.<\/li>\n<li><b>Toiminnallinen moderni muotoilu:<\/b> Puhtaat linjat ja minimalistinen tyyli tekev\u00e4t siit\u00e4 ajattoman. Mustat ter\u00e4skahvat lis\u00e4\u00e4v\u00e4t eleganssia ja k\u00e4ytt\u00f6mukavuutta. Tolppapjalka tuo luotettavaa tukea ja tasapainoa muotoilun ja k\u00e4yt\u00e4nn\u00f6llisyyden v\u00e4lill\u00e4.<\/li>\n<li><b>Runsas s\u00e4ilytystila:<\/b> Hy\u00f6dynn\u00e4 tilavaa s\u00e4ilytystilaa kylpyhuoneen tarvikkeiden j\u00e4rjest\u00e4miseen. Se vastaa kaikkiin s\u00e4ilytystarpeisiin ja tekee j\u00e4rjest\u00e4misest\u00e4 helppoa. Helposti saatavilla olevat osastot pit\u00e4v\u00e4t kylpyhuoneesi siistin\u00e4 ja parantavat rutiinejasi.<\/li>\n<li><b>Tyylik\u00e4s ulkon\u00e4k\u00f6:<\/b> Teksturoitu pinta ei vain n\u00e4yt\u00e4 hyv\u00e4lt\u00e4 vaan se kest\u00e4\u00e4 my\u00f6s kosteutta, pit\u00e4en ulkon\u00e4\u00f6n raikkaana pitk\u00e4\u00e4n.<\/li>\n<li><b>Helppo huolto:<\/b> Pid\u00e4 kaappy moitteettomana yksinkertaisesti pyyhkim\u00e4ll\u00e4 se kostealla liinalla. N\u00e4m\u00e4 hoitovinkit auttavat sen pitk\u00e4ik\u00e4isen ulkon\u00e4\u00f6n yll\u00e4pit\u00e4misess\u00e4 ja tekev\u00e4t huollosta vaivattoman. T\u00e4m\u00e4 helppo hoito takaa, ett\u00e4 kaappi pysyy hyv\u00e4ss\u00e4 kunnossa kuin uutena pitk\u00e4\u00e4n.<\/li>\n<\/ul>\n<ul>\n<li>V\u00e4ri: Artesaani tammi<\/li>\n<li>Materiaali: Tekninen puu<\/li>\n<li>Yleiset mitat: 65 x 33 x 60 cm (P x L x K)<\/li>\n<li>Paino: 14,8 kg<\/li>\n<li>Kest\u00e4v\u00e4<\/li>\n<li>Kehysmateriaali: Ter\u00e4s<\/li>\n<li>Ovella<\/li>\n<li>Sis\u00e4- \/ ulkotiloissa: Vain sis\u00e4k\u00e4ytt\u00f6\u00f6n<\/li>\n<li>Toimitus-:<\/li>\n<li>1 x Kylpyhuoneen pesukaappi<\/li>\n<li>Kokoonpano vaaditaan: Kyll\u00e4<\/li>\n<\/ul>\n","protected":false},"excerpt":{"rendered":"<ul>\n<li>V\u00e4ri: Artesaani tammi<\/li>\n<li>Materiaali: Tekninen puu<\/li>\n<li>Yleiset mitat: 65 x 33 x 60 cm (P x L x K)<\/li>\n<li>Paino: 14,8 kg<\/li>\n<li>Kest\u00e4v\u00e4<\/li>\n<li>Kehysmateriaali: Ter\u00e4s<\/li>\n<li>Ovella<\/li>\n<li>Sis\u00e4- \/ ulkotiloissa: Vain sis\u00e4k\u00e4ytt\u00f6\u00f6n<\/li>\n<li>Toimitus-:<\/li>\n<li>1 x Kylpyhuoneen pesukaappi<\/li>\n<li>Kokoonpano vaaditaan: Kyll\u00e4<\/li>\n<\/ul>\n","protected":false},"featured_media":100000181902,"comment_status":"closed","ping_status":"closed","template":"","meta":[],"product_brand":[],"product_cat":[84,8560],"product_tag":[],"class_list":{"0":"post-181902","1":"product","2":"type-product","3":"status-publish","4":"has-post-thumbnail","6":"product_cat-huonekalut","7":"product_cat-kylpyhuoneen-kalusteet","9":"first","10":"instock","11":"taxable","12":"shipping-taxable","13":"purchasable","14":"product-type-simple"},"_links":{"self":[{"href":"https:\/\/www.otiumhome.fi\/index.php\/wp-json\/wp\/v2\/product\/181902","targetHints":{"allow":["GET"]}}],"collection":[{"href":"https:\/\/www.otiumhome.fi\/index.php\/wp-json\/wp\/v2\/product"}],"about":[{"href":"https:\/\/www.otiumhome.fi\/index.php\/wp-json\/wp\/v2\/types\/product"}],"replies":[{"embeddable":true,"href":"https:\/\/www.otiumhome.fi\/index.php\/wp-json\/wp\/v2\/comments?post=181902"}],"wp:featuredmedia":[{"embeddable":true,"href":"https:\/\/www.otiumhome.fi\/index.php\/wp-json\/"}],"wp:attachment":[{"href":"https:\/\/www.otiumhome.fi\/index.php\/wp-json\/wp\/v2\/media?parent=181902"}],"wp:term":[{"taxonomy":"product_brand","embeddable":true,"href":"https:\/\/www.otiumhome.fi\/index.php\/wp-json\/wp\/v2\/product_brand?post=181902"},{"taxonomy":"product_cat","embeddable":true,"href":"https:\/\/www.otiumhome.fi\/index.php\/wp-json\/wp\/v2\/product_cat?post=181902"},{"taxonomy":"product_tag","embeddable":true,"href":"https:\/\/www.otiumhome.fi\/index.php\/wp-json\/wp\/v2\/product_tag?post=181902"}],"curies":[{"name":"wp","href":"https:\/\/api.w.org\/{rel}","templated":true}]}}