{"id":181900,"date":"2025-10-25T02:46:38","date_gmt":"2025-10-25T02:46:38","guid":{"rendered":"https:\/\/www.otiumhome.fi\/?p=181900"},"modified":"2025-12-19T16:13:44","modified_gmt":"2025-12-19T16:13:44","slug":"kylpyhuonekalustesetti-laatikon-kanssa-5-pcs-sonoman-tammi","status":"publish","type":"product","link":"https:\/\/www.otiumhome.fi\/index.php\/tuote\/kylpyhuonekalustesetti-laatikon-kanssa-5-pcs-sonoman-tammi\/","title":{"rendered":"Kylpyhuonekalustesetti laatikon kanssa 5 pcs Sonoman tammi"},"content":{"rendered":"<p>Moderni kylpyhuonekalustesetti tuo uuden twistin esteettisyyteen ja k\u00e4yt\u00e4nn\u00f6llisyyteen kylpyhuoneessasi. Sen minimalistinen muotoilu yhdist\u00e4\u00e4 teknisen puun ja metallin, luoden vahvan kontrastin, joka parantaa mit\u00e4 tahansa tilaa. Setti sis\u00e4lt\u00e4\u00e4 erilaisia s\u00e4ilytysratkaisuja, joista l\u00f6ytyy vaihtoehtoja sek\u00e4 pienille ett\u00e4 suurille tarpeille. Sen nykyaikainen tyyli sopii t\u00e4ydellisesti jokaisen makuun ja pit\u00e4\u00e4 samalla tilan siistin\u00e4. T\u00e4m\u00e4 tyylik\u00e4s ratkaisu on kaikille, jotka haluavat yhdist\u00e4\u00e4 modernin vieh\u00e4tyksen k\u00e4yt\u00e4nn\u00f6n toimintaan.<\/p>\n<ul>\n<li><b>Tekninen puu ja metalli:<\/b> T\u00e4m\u00e4 setti yhdist\u00e4\u00e4 teknisen puun ja metallin, jotka yhdess\u00e4 luovat kest\u00e4v\u00e4n ja modernin lookin. Puu tuo l\u00e4mp\u00f6\u00e4, kun taas metalli varmistaa tukevuuden. Kaikki osat pysyv\u00e4t hyv\u00e4n\u00e4 pitk\u00e4\u00e4n, mik\u00e4 tekee t\u00e4st\u00e4 loistavan valinnan erilaisiin kylpyhuoneisiin.<\/li>\n<li><b>Monipuoliset osat:<\/b> Setiss\u00e4 on viisi erillist\u00e4 osaa: pesukaappi, peilikaappi ja kolme erikorkuista kaappia. Jokainen osa on suunniteltu tarjoamaan joustavuutta, joten voit j\u00e4rjest\u00e4\u00e4 kylpyhuoneesi tarpeidesi mukaan. K\u00e4ytett\u00e4ess\u00e4 voit s\u00e4ilytt\u00e4\u00e4 niin p\u00e4ivitt\u00e4iset tarvikkeet kuin n\u00e4ytt\u00e4v\u00e4t koristeet.<\/li>\n<li><b>Runsaita s\u00e4ilytysratkaisuja:<\/b> Useat levyhyllyt ja tukevat laatikot tarjoavat runsaasti tilaa kylpyhuoneen tarvikkeille. Suunnittelu helpottaa j\u00e4rjest\u00e4mist\u00e4, niin ett\u00e4 kaikki tarpeellinen on helposti saatavilla mutta pois n\u00e4kyvist\u00e4.<\/li>\n<li><b>Moderni muotoilu:<\/b> Liukuovet, tolppajalat ja tankokahvat tekev\u00e4t setist\u00e4 tyylikk\u00e4\u00e4n ja hienostuneen. Monokromaattinen v\u00e4rimaailma ja minimalistiset yksityiskohdat tekev\u00e4t setist\u00e4 t\u00e4ydellisen osan moderneihin koteihin, tuoden ajattoman vieh\u00e4tyksen.<\/li>\n<li><b>Vaivaton hoito ja yll\u00e4pito:<\/b> Kaikki osat vaativat vain v\u00e4h\u00e4n hoitoa, puhdistaminen on helppoa. Pyyhi vain kostealla liinalla, ja kokoamisohjeet ovat selke\u00e4t, ruuvimeisseli riitt\u00e4\u00e4.<\/li>\n<\/ul>\n<ul>\n<li>V\u00e4ri: Sonoman tammi<\/li>\n<li>Materiaali: Merkitylt\u00e4\u00e4n puu ja metalli<\/li>\n<li>Yleiset mitat: 35 x 30 x 192 cm (P x L x K)<\/li>\n<li>Paino: 84,56 kg<\/li>\n<li>Runsaasti s\u00e4ilytystilaa<\/li>\n<li>2 laatikoilla<\/li>\n<li>Tasainen peili<\/li>\n<li>Mukana 18 levyhyllyt<\/li>\n<li>Mukana 7 tasaiset ovet<\/li>\n<li>Enimm\u00e4ispaino: 300 kg<\/li>\n<li>Vain sis\u00e4k\u00e4ytt\u00f6\u00f6n<\/li>\n<li>Toimitus-:<\/li>\n<li>1 x Kylpyhuoneen pesuallaskaappi: 76,5 x 35 x 64 cm (PxLxK)<\/li>\n<li>1 x Kylpyhuoneen peilikaappi: 80 x 17 x 55 cm (PxLxK)<\/li>\n<li>1 x Kylpyhuoneen kaappi (matala): 31,5 x 30 x 61 cm (PxLxK)<\/li>\n<li>1 x Kylpyhuoneen kaappi (keskikorkea): 35 x 30 x 95 cm (PxLxK)<\/li>\n<li>1 x Kylpyhuoneen kaappi (korkea): 35 x 30 x 192 cm (PxLxK)<\/li>\n<li>Kokoonpano vaaditaan: Kyll\u00e4<\/li>\n<\/ul>\n","protected":false},"excerpt":{"rendered":"<ul>\n<li>V\u00e4ri: Sonoman tammi<\/li>\n<li>Materiaali: Merkitylt\u00e4\u00e4n puu ja metalli<\/li>\n<li>Yleiset mitat: 35 x 30 x 192 cm (P x L x K)<\/li>\n<li>Paino: 84,56 kg<\/li>\n<li>Runsaasti s\u00e4ilytystilaa<\/li>\n<li>2 laatikoilla<\/li>\n<li>Tasainen peili<\/li>\n<li>Mukana 18 levyhyllyt<\/li>\n<li>Mukana 7 tasaiset ovet<\/li>\n<li>Enimm\u00e4ispaino: 300 kg<\/li>\n<li>Vain sis\u00e4k\u00e4ytt\u00f6\u00f6n<\/li>\n<li>Toimitus-:<\/li>\n<li>1 x Kylpyhuoneen pesuallaskaappi: 76,5 x 35 x 64 cm (PxLxK)<\/li>\n<li>1 x Kylpyhuoneen peilikaappi: 80 x 17 x 55 cm (PxLxK)<\/li>\n<li>1 x Kylpyhuoneen kaappi (matala): 31,5 x 30 x 61 cm (PxLxK)<\/li>\n<li>1 x Kylpyhuoneen kaappi (keskikorkea): 35 x 30 x 95 cm (PxLxK)<\/li>\n<li>1 x Kylpyhuoneen kaappi (korkea): 35 x 30 x 192 cm (PxLxK)<\/li>\n<li>Kokoonpano vaaditaan: Kyll\u00e4<\/li>\n<\/ul>\n","protected":false},"featured_media":100000181900,"comment_status":"closed","ping_status":"closed","template":"","meta":[],"product_brand":[],"product_cat":[84,8560],"product_tag":[],"class_list":{"0":"post-181900","1":"product","2":"type-product","3":"status-publish","4":"has-post-thumbnail","6":"product_cat-huonekalut","7":"product_cat-kylpyhuoneen-kalusteet","9":"first","10":"instock","11":"taxable","12":"shipping-taxable","13":"purchasable","14":"product-type-simple"},"_links":{"self":[{"href":"https:\/\/www.otiumhome.fi\/index.php\/wp-json\/wp\/v2\/product\/181900","targetHints":{"allow":["GET"]}}],"collection":[{"href":"https:\/\/www.otiumhome.fi\/index.php\/wp-json\/wp\/v2\/product"}],"about":[{"href":"https:\/\/www.otiumhome.fi\/index.php\/wp-json\/wp\/v2\/types\/product"}],"replies":[{"embeddable":true,"href":"https:\/\/www.otiumhome.fi\/index.php\/wp-json\/wp\/v2\/comments?post=181900"}],"wp:featuredmedia":[{"embeddable":true,"href":"https:\/\/www.otiumhome.fi\/index.php\/wp-json\/"}],"wp:attachment":[{"href":"https:\/\/www.otiumhome.fi\/index.php\/wp-json\/wp\/v2\/media?parent=181900"}],"wp:term":[{"taxonomy":"product_brand","embeddable":true,"href":"https:\/\/www.otiumhome.fi\/index.php\/wp-json\/wp\/v2\/product_brand?post=181900"},{"taxonomy":"product_cat","embeddable":true,"href":"https:\/\/www.otiumhome.fi\/index.php\/wp-json\/wp\/v2\/product_cat?post=181900"},{"taxonomy":"product_tag","embeddable":true,"href":"https:\/\/www.otiumhome.fi\/index.php\/wp-json\/wp\/v2\/product_tag?post=181900"}],"curies":[{"name":"wp","href":"https:\/\/api.w.org\/{rel}","templated":true}]}}