{"id":181886,"date":"2025-10-25T02:37:39","date_gmt":"2025-10-25T02:37:39","guid":{"rendered":"https:\/\/www.otiumhome.fi\/?p=181886"},"modified":"2025-10-26T05:30:48","modified_gmt":"2025-10-26T05:30:48","slug":"ilmailutyylinen-tyopoyta-hopea-112x50x76-cm-metalli","status":"publish","type":"product","link":"https:\/\/www.otiumhome.fi\/index.php\/tuote\/ilmailutyylinen-tyopoyta-hopea-112x50x76-cm-metalli\/","title":{"rendered":"Ilmailutyylinen ty\u00f6p\u00f6yt\u00e4 hopea 112x50x76 cm metalli"},"content":{"rendered":"<p>Lentokoneen siiven inspiroima ilmailutyylinen ty\u00f6p\u00f6yt\u00e4 huokuu teollista vieh\u00e4tysvoimaa ja se on ainutlaatuisesti suunniteltu lis\u00e4 opiskeluhuoneeseesi tai toimistoosi.<\/p>\n<\/p>\n<p>Ilmailutyylinen p\u00f6yt\u00e4 on valmistettu puusta ja sen pinta on verhoiltu kiillotettujen metallilevyjen tilkkut\u00e4kill\u00e4, korostettuna paljailla ter\u00e4sruuveilla, mik\u00e4 tekee siit\u00e4 eritt\u00e4in kest\u00e4v\u00e4n. Siin\u00e4 on lis\u00e4ksi iso p\u00f6yt\u00e4levy, joka tarjoaa runsaasti tilaa kansioiden, paperien, kirjojen tai muiden esineiden sijoittamiseen. Kirjoitusp\u00f6yt\u00e4 on helppo koota.<\/p>\n<\/p>\n<p>Huomio: Niittien kuviot voivat vaihdella jokaisen kappaleen v\u00e4lill\u00e4 tehden jokaisesta p\u00f6yd\u00e4st\u00e4 ainutlaatuisen; toimitus on sattumanvarainen.<\/p>\n<ul>\n<li>V\u00e4ri: hopea<\/li>\n<li>Materiaali: metalli ja MDF<\/li>\n<li>Mitat: 112 x 50 x 76 cm (P x L x K)<\/li>\n<li>Lentokoneen siiven tyylinen muotoilu<\/li>\n<li>Niiteill\u00e4<\/li>\n<\/ul>\n","protected":false},"excerpt":{"rendered":"<ul>\n<li>V\u00e4ri: hopea<\/li>\n<li>Materiaali: metalli ja MDF<\/li>\n<li>Mitat: 112 x 50 x 76 cm (P x L x K)<\/li>\n<li>Lentokoneen siiven tyylinen muotoilu<\/li>\n<li>Niiteill\u00e4<\/li>\n<\/ul>\n","protected":false},"featured_media":100000181886,"comment_status":"closed","ping_status":"closed","template":"","meta":[],"product_brand":[],"product_cat":[84,8551],"product_tag":[],"class_list":{"0":"post-181886","1":"product","2":"type-product","3":"status-publish","4":"has-post-thumbnail","6":"product_cat-huonekalut","7":"product_cat-kirjoituspoydat","9":"first","10":"outofstock","11":"taxable","12":"shipping-taxable","13":"purchasable","14":"product-type-simple"},"_links":{"self":[{"href":"https:\/\/www.otiumhome.fi\/index.php\/wp-json\/wp\/v2\/product\/181886","targetHints":{"allow":["GET"]}}],"collection":[{"href":"https:\/\/www.otiumhome.fi\/index.php\/wp-json\/wp\/v2\/product"}],"about":[{"href":"https:\/\/www.otiumhome.fi\/index.php\/wp-json\/wp\/v2\/types\/product"}],"replies":[{"embeddable":true,"href":"https:\/\/www.otiumhome.fi\/index.php\/wp-json\/wp\/v2\/comments?post=181886"}],"wp:featuredmedia":[{"embeddable":true,"href":"https:\/\/www.otiumhome.fi\/index.php\/wp-json\/"}],"wp:attachment":[{"href":"https:\/\/www.otiumhome.fi\/index.php\/wp-json\/wp\/v2\/media?parent=181886"}],"wp:term":[{"taxonomy":"product_brand","embeddable":true,"href":"https:\/\/www.otiumhome.fi\/index.php\/wp-json\/wp\/v2\/product_brand?post=181886"},{"taxonomy":"product_cat","embeddable":true,"href":"https:\/\/www.otiumhome.fi\/index.php\/wp-json\/wp\/v2\/product_cat?post=181886"},{"taxonomy":"product_tag","embeddable":true,"href":"https:\/\/www.otiumhome.fi\/index.php\/wp-json\/wp\/v2\/product_tag?post=181886"}],"curies":[{"name":"wp","href":"https:\/\/api.w.org\/{rel}","templated":true}]}}