{"id":181884,"date":"2025-10-25T02:36:03","date_gmt":"2025-10-25T02:36:03","guid":{"rendered":"https:\/\/www.otiumhome.fi\/?p=181884"},"modified":"2025-10-26T06:45:56","modified_gmt":"2025-10-26T06:45:56","slug":"tietokonetorniteline-laatikolla-savustammi-35x45x77-cm","status":"publish","type":"product","link":"https:\/\/www.otiumhome.fi\/index.php\/tuote\/tietokonetorniteline-laatikolla-savustammi-35x45x77-cm\/","title":{"rendered":"Tietokonetorniteline laatikolla Savustammi 35x45x77 cm"},"content":{"rendered":"<p>Tietokonetorniteline tarjoaa s\u00e4ilytystilaa ja suojaa tietokoneesi koteloa pudotuksilta ja naarmuilta.<\/p>\n<\/p>\n<ul>\n<li>Vakaa ja kest\u00e4v\u00e4 materiaali: Tekninen puu on kest\u00e4v\u00e4 ja vakaa materiaali, jonka sile\u00e4 pinta kest\u00e4\u00e4 kosteutta, v\u00e4\u00e4ntymist\u00e4 ja halkeilua, joten se on luotettava valinta erilaisiin projekteihin.<\/li>\n<li>Runsaasti s\u00e4ilytystilaa: Tietokonekaappi sis\u00e4lt\u00e4\u00e4 avoimen pohjalokeron tietokonekotelolle, yl\u00e4pinnan kirjoille ja asiakirjoille sek\u00e4 k\u00e4tev\u00e4n laatikon kaapeleiden, laturien ja muiden pienten tarvikkeiden siistiin s\u00e4ilytt\u00e4miseen, mik\u00e4 varmistaa, ett\u00e4 ty\u00f6tilasi pysyy j\u00e4rjestyksess\u00e4 ja sotkuttomana. .<\/li>\n<li>Monipuolinen k\u00e4ytt\u00f6: Toimipa sitten tietokonetornitelineen\u00e4 tai sivup\u00f6yt\u00e4n\u00e4, kaappi mukautuu erilaisiin asetuksiin ja tarjoaa ihanteellisen yhdistelm\u00e4n toimivuutta ja tyyli\u00e4 kotitoimistoihin ja asuintiloihin.<\/li>\n<li>Helppo huoltaa: PC-pyyhetelineen sile\u00e4n pinnan ansiosta se on helppo puhdistaa kostealla liinalla ja vaatii v\u00e4hemm\u00e4n huoltoa.<\/li>\n<\/ul>\n<p>Varoitus:<\/p>\n<ul>\n<li>Kaatumisen est\u00e4miseksi t\u00e4t\u00e4 tuotetta on k\u00e4ytett\u00e4v\u00e4 mukana toimitetun sein\u00e4kiinnityslaitteen kanssa.<\/li>\n<\/ul>\n<ul>\n<li>V\u00e4ri: savutammi<\/li>\n<li>Materiaali: Tekninen puu<\/li>\n<li>Kokonaismitat: 35 x 45 x 77 cm (L x S x K)<\/li>\n<li>Avoin lokeron korkeus: 63 cm<\/li>\n<li>Kokonaiskantavuus: 60 kg<\/li>\n<li>Laatikon paino: 5 kg<\/li>\n<li>Asennus vaaditaan: Kyll\u00e4<\/li>\n<\/ul>\n","protected":false},"excerpt":{"rendered":"<ul>\n<li>V\u00e4ri: savutammi<\/li>\n<li>Materiaali: Tekninen puu<\/li>\n<li>Kokonaismitat: 35 x 45 x 77 cm (L x S x K)<\/li>\n<li>Avoin lokeron korkeus: 63 cm<\/li>\n<li>Kokonaiskantavuus: 60 kg<\/li>\n<li>Laatikon paino: 5 kg<\/li>\n<li>Asennus vaaditaan: Kyll\u00e4<\/li>\n<\/ul>\n","protected":false},"featured_media":100000181884,"comment_status":"closed","ping_status":"closed","template":"","meta":[],"product_brand":[],"product_cat":[84,8551],"product_tag":[],"class_list":{"0":"post-181884","1":"product","2":"type-product","3":"status-publish","4":"has-post-thumbnail","6":"product_cat-huonekalut","7":"product_cat-kirjoituspoydat","9":"first","10":"instock","11":"taxable","12":"shipping-taxable","13":"purchasable","14":"product-type-simple"},"_links":{"self":[{"href":"https:\/\/www.otiumhome.fi\/index.php\/wp-json\/wp\/v2\/product\/181884","targetHints":{"allow":["GET"]}}],"collection":[{"href":"https:\/\/www.otiumhome.fi\/index.php\/wp-json\/wp\/v2\/product"}],"about":[{"href":"https:\/\/www.otiumhome.fi\/index.php\/wp-json\/wp\/v2\/types\/product"}],"replies":[{"embeddable":true,"href":"https:\/\/www.otiumhome.fi\/index.php\/wp-json\/wp\/v2\/comments?post=181884"}],"wp:featuredmedia":[{"embeddable":true,"href":"https:\/\/www.otiumhome.fi\/index.php\/wp-json\/"}],"wp:attachment":[{"href":"https:\/\/www.otiumhome.fi\/index.php\/wp-json\/wp\/v2\/media?parent=181884"}],"wp:term":[{"taxonomy":"product_brand","embeddable":true,"href":"https:\/\/www.otiumhome.fi\/index.php\/wp-json\/wp\/v2\/product_brand?post=181884"},{"taxonomy":"product_cat","embeddable":true,"href":"https:\/\/www.otiumhome.fi\/index.php\/wp-json\/wp\/v2\/product_cat?post=181884"},{"taxonomy":"product_tag","embeddable":true,"href":"https:\/\/www.otiumhome.fi\/index.php\/wp-json\/wp\/v2\/product_tag?post=181884"}],"curies":[{"name":"wp","href":"https:\/\/api.w.org\/{rel}","templated":true}]}}