{"id":181841,"date":"2025-10-25T01:26:13","date_gmt":"2025-10-25T01:26:13","guid":{"rendered":"https:\/\/www.otiumhome.fi\/?p=181841"},"modified":"2025-10-26T18:36:39","modified_gmt":"2025-10-26T18:36:39","slug":"kosmetiikkakaappi-valkoinen-80x40x65-cm-tekninen-puu","status":"publish","type":"product","link":"https:\/\/www.otiumhome.fi\/index.php\/tuote\/kosmetiikkakaappi-valkoinen-80x40x65-cm-tekninen-puu\/","title":{"rendered":"Kosmetiikkakaappi valkoinen 80x40x65 cm tekninen puu"},"content":{"rendered":"<p>Sano hyv\u00e4stit katoaville tavaroille ja tuo t\u00e4m\u00e4 elegantti sek\u00e4 toimiva asustekaappi kotiisi! Siin\u00e4 yhdistyv\u00e4t muotoilu, k\u00e4yt\u00e4nn\u00f6llisyys ja nykyaikaisuus.<\/p>\n<\/p>\n<ul>\n<li>Tukeva materiaali: Tekninen puu on poikkeuksellisen laadukasta ja sile\u00e4pintaista. Se on my\u00f6s luja, vakaa ja kosteudelle vastustuskykyinen.<\/li>\n<li>K\u00e4yt\u00e4nn\u00f6llinen suunnittelu: T\u00e4t\u00e4 s\u00e4ilytyskaappia voidaan k\u00e4ytt\u00e4\u00e4 erikseen tai yhdistell\u00e4 vapaasti. Joten voit yhdist\u00e4\u00e4 t\u00e4m\u00e4n kaapin pukeutumisp\u00f6yd\u00e4n kanssa luodaksesi omanlaisesi s\u00e4ilytysratkaisun.<\/li>\n<li>Runsaasti s\u00e4ilytystilaa: T\u00e4ss\u00e4 kaapissa on tilavia lokeroita, jotka tarjoavat paljon tilaa meikeille, asusteille, laukuille ja kauneudenhoitotuotteille.<\/li>\n<\/ul>\n<p>VAROITUS:<\/p>\n<ul>\n<li>Kaatumisen est\u00e4miseksi on t\u00e4t\u00e4 tuotetta k\u00e4ytett\u00e4v\u00e4 mukana toimitetun sein\u00e4kiinnityslaitteen kanssa.<\/li>\n<\/ul>\n<p>Huomioi:<\/p>\n<ul>\n<li>Jokaisen tuotteen mukana on laatikossa kokoonpano-ohje helppoa asennusta varten.<\/li>\n<\/ul>\n<ul>\n<li>V\u00e4ri: Valkoinen<\/li>\n<li>Materiaali: tekninen puu<\/li>\n<li>Mitat: 80 x 40 x 65 cm (L x S x K)<\/li>\n<li>Legal Documents:\n<p><span>Lis\u00e4tietoja huonekalujesi kaatumisen est\u00e4misest\u00e4 voit l\u00f6yt\u00e4\u00e4 <span style=\"text-decoration: underline\"><strong><a title=\"https:\/\/bit.ly\/3bVwkQp\" href=\"https:\/\/bit.ly\/3bVwkQp\" target=\"_blank\">t\u00e4\u00e4lt\u00e4<\/a><\/strong><\/span><\/span><\/p>\n<\/li>\n<\/ul>\n","protected":false},"excerpt":{"rendered":"<ul>\n<li>V\u00e4ri: Valkoinen<\/li>\n<li>Materiaali: tekninen puu<\/li>\n<li>Mitat: 80 x 40 x 65 cm (L x S x K)<\/li>\n<li>Legal Documents:\n<p><span>Lis\u00e4tietoja huonekalujesi kaatumisen est\u00e4misest\u00e4 voit l\u00f6yt\u00e4\u00e4 <span style=\"text-decoration: underline\"><strong><a title=\"https:\/\/bit.ly\/3bVwkQp\" href=\"https:\/\/bit.ly\/3bVwkQp\" target=\"_blank\">t\u00e4\u00e4lt\u00e4<\/a><\/strong><\/span><\/span><\/p>\n<\/li>\n<\/ul>\n","protected":false},"featured_media":100000181841,"comment_status":"closed","ping_status":"closed","template":"","meta":[],"product_brand":[],"product_cat":[84],"product_tag":[],"class_list":{"0":"post-181841","1":"product","2":"type-product","3":"status-publish","4":"has-post-thumbnail","6":"product_cat-huonekalut","8":"first","9":"instock","10":"taxable","11":"shipping-taxable","12":"purchasable","13":"product-type-simple"},"_links":{"self":[{"href":"https:\/\/www.otiumhome.fi\/index.php\/wp-json\/wp\/v2\/product\/181841","targetHints":{"allow":["GET"]}}],"collection":[{"href":"https:\/\/www.otiumhome.fi\/index.php\/wp-json\/wp\/v2\/product"}],"about":[{"href":"https:\/\/www.otiumhome.fi\/index.php\/wp-json\/wp\/v2\/types\/product"}],"replies":[{"embeddable":true,"href":"https:\/\/www.otiumhome.fi\/index.php\/wp-json\/wp\/v2\/comments?post=181841"}],"wp:featuredmedia":[{"embeddable":true,"href":"https:\/\/www.otiumhome.fi\/index.php\/wp-json\/"}],"wp:attachment":[{"href":"https:\/\/www.otiumhome.fi\/index.php\/wp-json\/wp\/v2\/media?parent=181841"}],"wp:term":[{"taxonomy":"product_brand","embeddable":true,"href":"https:\/\/www.otiumhome.fi\/index.php\/wp-json\/wp\/v2\/product_brand?post=181841"},{"taxonomy":"product_cat","embeddable":true,"href":"https:\/\/www.otiumhome.fi\/index.php\/wp-json\/wp\/v2\/product_cat?post=181841"},{"taxonomy":"product_tag","embeddable":true,"href":"https:\/\/www.otiumhome.fi\/index.php\/wp-json\/wp\/v2\/product_tag?post=181841"}],"curies":[{"name":"wp","href":"https:\/\/api.w.org\/{rel}","templated":true}]}}