{"id":181838,"date":"2025-10-25T01:26:12","date_gmt":"2025-10-25T01:26:12","guid":{"rendered":"https:\/\/www.otiumhome.fi\/?p=181838"},"modified":"2025-10-26T17:54:42","modified_gmt":"2025-10-26T17:54:42","slug":"eteisen-kaappi-vanha-puu-975x37x99-cm-tekninen-puu","status":"publish","type":"product","link":"https:\/\/www.otiumhome.fi\/index.php\/tuote\/eteisen-kaappi-vanha-puu-975x37x99-cm-tekninen-puu\/","title":{"rendered":"Eteisen kaappi vanha puu 97,5x37x99 cm tekninen puu"},"content":{"rendered":"<p>T\u00e4m\u00e4n klassisen eteiskaapin tarkoituksena on olla tilans\u00e4\u00e4st\u00e4j\u00e4 likaa lattiatilaa viem\u00e4tt\u00e4, mutta samalla se tarjoaa suuren s\u00e4ilytystilan.<\/p>\n<\/p>\n<ul>\n<li>Tukeva materiaali: Tekninen puu on poikkeuksellisen laadukasta ja sile\u00e4pintaista. Se on my\u00f6s luja, vakaa ja kosteudelle vastustuskykyinen.<\/li>\n<li>Runsaasti s\u00e4ilytystilaa: Hyllyill\u00e4, ripustustangolla ja lokerolla varustettu eteisen kaluste voi tarjota riitt\u00e4v\u00e4sti s\u00e4ilytystilaa kirjakokoelman, lehtien ja asiakirjojen s\u00e4ilytt\u00e4miseen tai koriste-esineiden kuten valokuvakehysten esille asettamiseen sek\u00e4 vaatteidesi ripustamiseen.<\/li>\n<li>Erikoissuunnittelu: T\u00e4m\u00e4 eteisyksikk\u00f6 voidaan asentaa seinille asuintilasi maksimoimiseksi. Lis\u00e4ksi avattava ja suljettava lokero suojaa tavaroitasi p\u00f6lylt\u00e4.<\/li>\n<li>Tyylik\u00e4s ilme: Eteisyksikk\u00f6 sopii asuintilaasi t\u00e4ydellisesti modernin muotoilunsa ansiosta.<\/li>\n<\/ul>\n<p>Varoitus:<\/p>\n<ul>\n<li>Kaatumisen est\u00e4miseksi on t\u00e4t\u00e4 tuotetta k\u00e4ytett\u00e4v\u00e4 mukana toimitetun sein\u00e4kiinnityslaitteen kanssa.<\/li>\n<\/ul>\n<p>Hyv\u00e4 tiet\u00e4\u00e4:<\/p>\n<ul>\n<li>Sein\u00e4\u00e4n kiinnitett\u00e4v\u00e4t ruuvit ja tulpat eiv\u00e4t sis\u00e4lly toimitukseen. Etsi ja k\u00e4yt\u00e4 sein\u00e4\u00e4si sopivia ruuveja ja tulppia. Jos olet ep\u00e4varma, kysy ammattilaisen neuvoa. Lue ja seuraa asennusohjeiden jokaista vaihetta huolella.<\/li>\n<\/ul>\n<ul>\n<li>V\u00e4ri: Vanha puu<\/li>\n<li>Materiaali: Tekninen puu<\/li>\n<li>Mitat: 97,5 x 37 x 99 cm (L x S x K)<\/li>\n<li>Maksimikantavuus (yhteens\u00e4): 60 kg<\/li>\n<li>Asennus vaaditaan: Kyll\u00e4<\/li>\n<\/ul>\n","protected":false},"excerpt":{"rendered":"<ul>\n<li>V\u00e4ri: Vanha puu<\/li>\n<li>Materiaali: Tekninen puu<\/li>\n<li>Mitat: 97,5 x 37 x 99 cm (L x S x K)<\/li>\n<li>Maksimikantavuus (yhteens\u00e4): 60 kg<\/li>\n<li>Asennus vaaditaan: Kyll\u00e4<\/li>\n<\/ul>\n","protected":false},"featured_media":100000181838,"comment_status":"closed","ping_status":"closed","template":"","meta":[],"product_brand":[],"product_cat":[84],"product_tag":[],"class_list":{"0":"post-181838","1":"product","2":"type-product","3":"status-publish","4":"has-post-thumbnail","6":"product_cat-huonekalut","8":"first","9":"instock","10":"taxable","11":"shipping-taxable","12":"purchasable","13":"product-type-simple"},"_links":{"self":[{"href":"https:\/\/www.otiumhome.fi\/index.php\/wp-json\/wp\/v2\/product\/181838","targetHints":{"allow":["GET"]}}],"collection":[{"href":"https:\/\/www.otiumhome.fi\/index.php\/wp-json\/wp\/v2\/product"}],"about":[{"href":"https:\/\/www.otiumhome.fi\/index.php\/wp-json\/wp\/v2\/types\/product"}],"replies":[{"embeddable":true,"href":"https:\/\/www.otiumhome.fi\/index.php\/wp-json\/wp\/v2\/comments?post=181838"}],"wp:featuredmedia":[{"embeddable":true,"href":"https:\/\/www.otiumhome.fi\/index.php\/wp-json\/"}],"wp:attachment":[{"href":"https:\/\/www.otiumhome.fi\/index.php\/wp-json\/wp\/v2\/media?parent=181838"}],"wp:term":[{"taxonomy":"product_brand","embeddable":true,"href":"https:\/\/www.otiumhome.fi\/index.php\/wp-json\/wp\/v2\/product_brand?post=181838"},{"taxonomy":"product_cat","embeddable":true,"href":"https:\/\/www.otiumhome.fi\/index.php\/wp-json\/wp\/v2\/product_cat?post=181838"},{"taxonomy":"product_tag","embeddable":true,"href":"https:\/\/www.otiumhome.fi\/index.php\/wp-json\/wp\/v2\/product_tag?post=181838"}],"curies":[{"name":"wp","href":"https:\/\/api.w.org\/{rel}","templated":true}]}}