{"id":181834,"date":"2025-10-25T01:26:11","date_gmt":"2025-10-25T01:26:11","guid":{"rendered":"https:\/\/www.otiumhome.fi\/?p=181834"},"modified":"2025-10-26T17:49:41","modified_gmt":"2025-10-26T17:49:41","slug":"kenkakaapit-2-kpl-vanhaa-puuta-52x30x50-cm","status":"publish","type":"product","link":"https:\/\/www.otiumhome.fi\/index.php\/tuote\/kenkakaapit-2-kpl-vanhaa-puuta-52x30x50-cm\/","title":{"rendered":"Kenk\u00e4kaapit 2 kpl vanhaa puuta 52x30x50 cm"},"content":{"rendered":"<p>N\u00e4m\u00e4 pakolliset kenk\u00e4kaapit on tyylikk\u00e4\u00e4sti muotoiltu ja niist\u00e4 tulee upea lis\u00e4 sisustukseesi. Samalla se pit\u00e4\u00e4 kenk\u00e4si j\u00e4rjestyksess\u00e4.<\/p>\n<\/p>\n<ul>\n<li>Tukeva materiaali: Tekninen puu on poikkeuksellisen laadukasta ja sile\u00e4pintaista. Se on my\u00f6s luja, vakaa ja kosteudelle vastustuskykyinen.<\/li>\n<li>K\u00e4yt\u00e4nn\u00f6llinen s\u00e4ilytystoiminto: Kenkien s\u00e4ilytystelineess\u00e4 on 12 lokeroa kenkien s\u00e4ilytt\u00e4miseen. Samalla ne pysyv\u00e4t hyvin tuuletettuina.<\/li>\n<li>Joustavat asennustavat: N\u00e4m\u00e4 kenkien s\u00e4ilytyskaapit voidaan asettaa vakaasti lattialle, tai voit kiinnitt\u00e4\u00e4 ne sein\u00e4lle lattiatilan s\u00e4\u00e4st\u00e4miseksi.<\/li>\n<\/ul>\n<p>Varoitus:<\/p>\n<ul>\n<li>Kaatumisen est\u00e4miseksi on t\u00e4t\u00e4 tuotetta k\u00e4ytett\u00e4v\u00e4 mukana toimitetun sein\u00e4kiinnityslaitteen kanssa.<\/li>\n<\/ul>\n<p>Hyv\u00e4 tiet\u00e4\u00e4:<\/p>\n<ul>\n<li>Sein\u00e4\u00e4n kiinnitett\u00e4v\u00e4t ruuvit ja tulpat eiv\u00e4t sis\u00e4lly toimitukseen. Etsi ja k\u00e4yt\u00e4 sein\u00e4\u00e4si sopivia ruuveja ja tulppia. Jos olet ep\u00e4varma, kysy ammattilaisen neuvoa. Lue ja seuraa asennusohjeiden jokaista vaihetta huolella.<\/li>\n<\/ul>\n<ul>\n<li>V\u00e4ri: Vanha puu<\/li>\n<li>Materiaali: Tekninen puu<\/li>\n<li>Mitat: 52 x 30 x 50 cm (L x S x K)<\/li>\n<li>Asennus vaaditaan: Kyll\u00e4<\/li>\n<li> <\/li>\n<li><strong>Toimitus sis\u00e4lt\u00e4\u00e4:<\/strong><\/li>\n<li>2 x kenk\u00e4kaappi<\/li>\n<\/ul>\n","protected":false},"excerpt":{"rendered":"<ul>\n<li>V\u00e4ri: Vanha puu<\/li>\n<li>Materiaali: Tekninen puu<\/li>\n<li>Mitat: 52 x 30 x 50 cm (L x S x K)<\/li>\n<li>Asennus vaaditaan: Kyll\u00e4<\/li>\n<li> <\/li>\n<li><strong>Toimitus sis\u00e4lt\u00e4\u00e4:<\/strong><\/li>\n<li>2 x kenk\u00e4kaappi<\/li>\n<\/ul>\n","protected":false},"featured_media":100000181834,"comment_status":"closed","ping_status":"closed","template":"","meta":[],"product_brand":[],"product_cat":[84],"product_tag":[],"class_list":{"0":"post-181834","1":"product","2":"type-product","3":"status-publish","4":"has-post-thumbnail","6":"product_cat-huonekalut","8":"first","9":"instock","10":"taxable","11":"shipping-taxable","12":"purchasable","13":"product-type-simple"},"_links":{"self":[{"href":"https:\/\/www.otiumhome.fi\/index.php\/wp-json\/wp\/v2\/product\/181834","targetHints":{"allow":["GET"]}}],"collection":[{"href":"https:\/\/www.otiumhome.fi\/index.php\/wp-json\/wp\/v2\/product"}],"about":[{"href":"https:\/\/www.otiumhome.fi\/index.php\/wp-json\/wp\/v2\/types\/product"}],"replies":[{"embeddable":true,"href":"https:\/\/www.otiumhome.fi\/index.php\/wp-json\/wp\/v2\/comments?post=181834"}],"wp:featuredmedia":[{"embeddable":true,"href":"https:\/\/www.otiumhome.fi\/index.php\/wp-json\/"}],"wp:attachment":[{"href":"https:\/\/www.otiumhome.fi\/index.php\/wp-json\/wp\/v2\/media?parent=181834"}],"wp:term":[{"taxonomy":"product_brand","embeddable":true,"href":"https:\/\/www.otiumhome.fi\/index.php\/wp-json\/wp\/v2\/product_brand?post=181834"},{"taxonomy":"product_cat","embeddable":true,"href":"https:\/\/www.otiumhome.fi\/index.php\/wp-json\/wp\/v2\/product_cat?post=181834"},{"taxonomy":"product_tag","embeddable":true,"href":"https:\/\/www.otiumhome.fi\/index.php\/wp-json\/wp\/v2\/product_tag?post=181834"}],"curies":[{"name":"wp","href":"https:\/\/api.w.org\/{rel}","templated":true}]}}