{"id":181823,"date":"2025-10-25T01:26:08","date_gmt":"2025-10-25T01:26:08","guid":{"rendered":"https:\/\/www.otiumhome.fi\/?p=181823"},"modified":"2025-10-26T17:49:14","modified_gmt":"2025-10-26T17:49:14","slug":"seinahylly-artisan-tammi-85x16x525-cm-keinopuu","status":"publish","type":"product","link":"https:\/\/www.otiumhome.fi\/index.php\/tuote\/seinahylly-artisan-tammi-85x16x525-cm-keinopuu\/","title":{"rendered":"Sein\u00e4hylly Artisan-tammi 85x16x52,5 cm keinopuu"},"content":{"rendered":"<p>T\u00e4m\u00e4 tyylik\u00e4s sein\u00e4hylly on upea ja tyylik\u00e4s. Se on erinomainen s\u00e4ilytys- ja sisustusvaihtoehto.<\/p>\n<\/p>\n<ul>\n<li>Ensiluokkainen materiaali: Kelluva hylly on valmistettu erikoispuusta, joka on poikkeuksellisen laadukasta ja jolla on sile\u00e4 pinta. Se on my\u00f6s kest\u00e4v\u00e4, vakaa ja kosteutta hylkiv\u00e4.<\/li>\n<li>Runsaasti s\u00e4ilytystilaa: Kahdeksan lokeroa sis\u00e4lt\u00e4v\u00e4 sein\u00e4hylly tarjoaa runsaasti s\u00e4ilytystilaa. Voit s\u00e4ilytt\u00e4\u00e4 lehti\u00e4, kirjoja, DVD-levyj\u00e4 ja muita tavaroita k\u00e4den ulottuvilla.<\/li>\n<li>K\u00e4yt\u00e4nn\u00f6llinen muotoilu: Sein\u00e4kaappi voidaan kiinnitt\u00e4\u00e4 sein\u00e4\u00e4n lis\u00e4\u00e4m\u00e4\u00e4n s\u00e4ilytystilaa. N\u00e4in voit maksimoida lattiatilan ja pit\u00e4\u00e4 alueen siistin\u00e4.<\/li>\n<\/ul>\n<p>Hyv\u00e4 tiet\u00e4\u00e4:<\/p>\n<ul>\n<li>Sein\u00e4n sis\u00e4puolelle tarkoitetut ruuvit ja tulpat eiv\u00e4t sis\u00e4lly toimitukseen. Etsi ja k\u00e4yt\u00e4 seiniisi sopivia ruuveja ja tulppia. Jos olet ep\u00e4varma, kysy ammattilaisen neuvoa. Lue ja noudata ohjeita huolellisesti.<\/li>\n<\/ul>\n<ul>\n<li>V\u00e4ri: K\u00e4sity\u00f6n\u00e4 valmistettu tammi<\/li>\n<li>Materiaali: Puu<\/li>\n<li>Mitat: 85 x 16 x 52,5 cm (L x S x K)<\/li>\n<li>Suurin kuormituskapasiteetti (kokonais): 40 kg<\/li>\n<li>Kokoaminen vaaditaan: Kyll\u00e4<\/li>\n<\/ul>\n","protected":false},"excerpt":{"rendered":"<ul>\n<li>V\u00e4ri: K\u00e4sity\u00f6n\u00e4 valmistettu tammi<\/li>\n<li>Materiaali: Puu<\/li>\n<li>Mitat: 85 x 16 x 52,5 cm (L x S x K)<\/li>\n<li>Suurin kuormituskapasiteetti (kokonais): 40 kg<\/li>\n<li>Kokoaminen vaaditaan: Kyll\u00e4<\/li>\n<\/ul>\n","protected":false},"featured_media":100000181823,"comment_status":"closed","ping_status":"closed","template":"","meta":[],"product_brand":[],"product_cat":[84],"product_tag":[],"class_list":{"0":"post-181823","1":"product","2":"type-product","3":"status-publish","4":"has-post-thumbnail","6":"product_cat-huonekalut","8":"first","9":"instock","10":"taxable","11":"shipping-taxable","12":"purchasable","13":"product-type-simple"},"_links":{"self":[{"href":"https:\/\/www.otiumhome.fi\/index.php\/wp-json\/wp\/v2\/product\/181823","targetHints":{"allow":["GET"]}}],"collection":[{"href":"https:\/\/www.otiumhome.fi\/index.php\/wp-json\/wp\/v2\/product"}],"about":[{"href":"https:\/\/www.otiumhome.fi\/index.php\/wp-json\/wp\/v2\/types\/product"}],"replies":[{"embeddable":true,"href":"https:\/\/www.otiumhome.fi\/index.php\/wp-json\/wp\/v2\/comments?post=181823"}],"wp:featuredmedia":[{"embeddable":true,"href":"https:\/\/www.otiumhome.fi\/index.php\/wp-json\/"}],"wp:attachment":[{"href":"https:\/\/www.otiumhome.fi\/index.php\/wp-json\/wp\/v2\/media?parent=181823"}],"wp:term":[{"taxonomy":"product_brand","embeddable":true,"href":"https:\/\/www.otiumhome.fi\/index.php\/wp-json\/wp\/v2\/product_brand?post=181823"},{"taxonomy":"product_cat","embeddable":true,"href":"https:\/\/www.otiumhome.fi\/index.php\/wp-json\/wp\/v2\/product_cat?post=181823"},{"taxonomy":"product_tag","embeddable":true,"href":"https:\/\/www.otiumhome.fi\/index.php\/wp-json\/wp\/v2\/product_tag?post=181823"}],"curies":[{"name":"wp","href":"https:\/\/api.w.org\/{rel}","templated":true}]}}