{"id":181813,"date":"2025-10-25T01:16:56","date_gmt":"2025-10-25T01:16:56","guid":{"rendered":"https:\/\/www.otiumhome.fi\/?p=181813"},"modified":"2025-10-30T01:35:14","modified_gmt":"2025-10-30T01:35:14","slug":"seinahylly-sonoma-tammi-36x16x90-cm-tekninen-puu","status":"publish","type":"product","link":"https:\/\/www.otiumhome.fi\/index.php\/tuote\/seinahylly-sonoma-tammi-36x16x90-cm-tekninen-puu\/","title":{"rendered":"Sein\u00e4hylly Sonoma-tammi 36x16x90 cm tekninen puu"},"content":{"rendered":"<p>T\u00e4m\u00e4 muodikas sein\u00e4hylly on upea ja tyylik\u00e4s. Se on erinomainen s\u00e4ilytys- ja sisustusvaihtoehto.<\/p>\n<\/p>\n<ul>\n<li>Ensiluokkainen materiaali: Kelluva hylly on valmistettu teknisest\u00e4 puusta, se on poikkeuksellisen laadukasta ja sile\u00e4pintaista. Se on my\u00f6s luja, vakaa ja kosteudelle vastustuskykyinen.<\/li>\n<li>Runsaasti s\u00e4ilytystilaa: Kahdeksan lokeron ansiosta t\u00e4m\u00e4 sein\u00e4kiinnitett\u00e4v\u00e4 sivukaappi tarjoaa runsaasti s\u00e4ilytystilaa. Voit pit\u00e4\u00e4 aikakauslehtesi, kirjojasi, DVD-levyjesi ja muut tavarasi k\u00e4den ulottuvilla.<\/li>\n<li>Sein\u00e4kiinnitystoiminto: Sein\u00e4kaappi voidaan asentaa sein\u00e4lle lis\u00e4s\u00e4ilytystilan saamiseksi. T\u00e4ll\u00e4 tavalla voit maksimoida lattiatilasi ja pit\u00e4\u00e4 alueen siistin\u00e4.<\/li>\n<\/ul>\n<p>Huomioi:<\/p>\n<ul>\n<li>Sein\u00e4\u00e4n kiinnitett\u00e4v\u00e4t ruuvit ja tulpat eiv\u00e4t sis\u00e4lly toimitukseen. Etsi ja k\u00e4yt\u00e4 sein\u00e4\u00e4si sopivia ruuveja ja tulppia. Jos olet ep\u00e4varma, kysy ammattilaisen neuvoa. Lue ja seuraa asennusohjeiden jokaista vaihetta huolella.<\/li>\n<li>Jokaisen tuotteen mukana on laatikossa kokoonpano-ohje helppoa asennusta varten.<\/li>\n<\/ul>\n<ul>\n<li>V\u00e4ri: Sonoma-tammi<\/li>\n<li>Materiaali: tekninen puu<\/li>\n<li>Mitat: 85 x 16 x 52,5 cm (L x S x K)<\/li>\n<li>Maksimikantavuus (yhteens\u00e4): 40 kg<\/li>\n<\/ul>\n","protected":false},"excerpt":{"rendered":"<ul>\n<li>V\u00e4ri: Sonoma-tammi<\/li>\n<li>Materiaali: tekninen puu<\/li>\n<li>Mitat: 85 x 16 x 52,5 cm (L x S x K)<\/li>\n<li>Maksimikantavuus (yhteens\u00e4): 40 kg<\/li>\n<\/ul>\n","protected":false},"featured_media":100000181813,"comment_status":"closed","ping_status":"closed","template":"","meta":[],"product_brand":[],"product_cat":[84],"product_tag":[],"class_list":{"0":"post-181813","1":"product","2":"type-product","3":"status-publish","4":"has-post-thumbnail","6":"product_cat-huonekalut","8":"first","9":"instock","10":"taxable","11":"shipping-taxable","12":"purchasable","13":"product-type-simple"},"_links":{"self":[{"href":"https:\/\/www.otiumhome.fi\/index.php\/wp-json\/wp\/v2\/product\/181813","targetHints":{"allow":["GET"]}}],"collection":[{"href":"https:\/\/www.otiumhome.fi\/index.php\/wp-json\/wp\/v2\/product"}],"about":[{"href":"https:\/\/www.otiumhome.fi\/index.php\/wp-json\/wp\/v2\/types\/product"}],"replies":[{"embeddable":true,"href":"https:\/\/www.otiumhome.fi\/index.php\/wp-json\/wp\/v2\/comments?post=181813"}],"wp:featuredmedia":[{"embeddable":true,"href":"https:\/\/www.otiumhome.fi\/index.php\/wp-json\/"}],"wp:attachment":[{"href":"https:\/\/www.otiumhome.fi\/index.php\/wp-json\/wp\/v2\/media?parent=181813"}],"wp:term":[{"taxonomy":"product_brand","embeddable":true,"href":"https:\/\/www.otiumhome.fi\/index.php\/wp-json\/wp\/v2\/product_brand?post=181813"},{"taxonomy":"product_cat","embeddable":true,"href":"https:\/\/www.otiumhome.fi\/index.php\/wp-json\/wp\/v2\/product_cat?post=181813"},{"taxonomy":"product_tag","embeddable":true,"href":"https:\/\/www.otiumhome.fi\/index.php\/wp-json\/wp\/v2\/product_tag?post=181813"}],"curies":[{"name":"wp","href":"https:\/\/api.w.org\/{rel}","templated":true}]}}