{"id":181808,"date":"2025-10-25T01:16:54","date_gmt":"2025-10-25T01:16:54","guid":{"rendered":"https:\/\/www.otiumhome.fi\/?p=181808"},"modified":"2025-10-26T17:39:26","modified_gmt":"2025-10-26T17:39:26","slug":"siirrettava-arkistokaappi-pyorilla-kasityolainen-tammi","status":"publish","type":"product","link":"https:\/\/www.otiumhome.fi\/index.php\/tuote\/siirrettava-arkistokaappi-pyorilla-kasityolainen-tammi\/","title":{"rendered":"siirrett\u00e4v\u00e4 arkistokaappi py\u00f6rill\u00e4 k\u00e4sity\u00f6l\u00e4inen tammi"},"content":{"rendered":"<p>T\u00e4ss\u00e4 klassisessa arkistokaapissa on rullapy\u00f6r\u00e4t helppoa siirt\u00e4mist\u00e4 varten. Se tarjoaa runsaasti tilaa juomille, aikakauslehdille ja koriste-esineille.<\/p>\n<\/p>\n<ul>\n<li>K\u00e4yt\u00e4nn\u00f6llinen materiaali: Tekninen puu on poikkeuksellisen laadukasta ja sile\u00e4pintaista. Se on my\u00f6s luja, vakaa ja kosteudelle vastustuskykyinen.<\/li>\n<li>Runsaasti s\u00e4ilytystilaa: T\u00e4m\u00e4 p\u00f6yt\u00e4kaappi tarjoaa runsaasti s\u00e4ilytystilaa t\u00e4rkeiden tavaroiden s\u00e4ilytt\u00e4miseen ja k\u00e4ttesi ulottuvilla pit\u00e4miseen.<\/li>\n<li>Esittelytoiminto: Yl\u00e4kerros tarjoaa vakaan pinnan, johon voit sijoittaa juomat, kirjat tai koriste-esineet.<\/li>\n<li>Helppo siirt\u00e4\u00e4: T\u00e4m\u00e4 toimistokaappi voidaan helposti siirt\u00e4\u00e4 haluttuun paikkaan mukana tulevalla nelj\u00e4ll\u00e4 k\u00e4\u00e4ntyv\u00e4ll\u00e4 py\u00f6r\u00e4ll\u00e4. Kaksi py\u00f6rist\u00e4 on lukittavia, mik\u00e4 pit\u00e4\u00e4 kaapin paikallaan ja lis\u00e4\u00e4 vakautta.<\/li>\n<\/ul>\n<ul>\n<li>V\u00e4ri: artisaanitammi<\/li>\n<li>Materiaali: Tekninen puu<\/li>\n<li>Mitat: 45 x 38 x 54 cm (L x S x K)<\/li>\n<li>Sis\u00e4lt\u00e4\u00e4 nelj\u00e4 py\u00f6r\u00e4\u00e4<\/li>\n<li>Asennus vaaditaan: Kyll\u00e4<\/li>\n<\/ul>\n","protected":false},"excerpt":{"rendered":"<ul>\n<li>V\u00e4ri: artisaanitammi<\/li>\n<li>Materiaali: Tekninen puu<\/li>\n<li>Mitat: 45 x 38 x 54 cm (L x S x K)<\/li>\n<li>Sis\u00e4lt\u00e4\u00e4 nelj\u00e4 py\u00f6r\u00e4\u00e4<\/li>\n<li>Asennus vaaditaan: Kyll\u00e4<\/li>\n<\/ul>\n","protected":false},"featured_media":100000181808,"comment_status":"closed","ping_status":"closed","template":"","meta":[],"product_brand":[],"product_cat":[84],"product_tag":[],"class_list":{"0":"post-181808","1":"product","2":"type-product","3":"status-publish","4":"has-post-thumbnail","6":"product_cat-huonekalut","8":"first","9":"instock","10":"taxable","11":"shipping-taxable","12":"purchasable","13":"product-type-simple"},"_links":{"self":[{"href":"https:\/\/www.otiumhome.fi\/index.php\/wp-json\/wp\/v2\/product\/181808","targetHints":{"allow":["GET"]}}],"collection":[{"href":"https:\/\/www.otiumhome.fi\/index.php\/wp-json\/wp\/v2\/product"}],"about":[{"href":"https:\/\/www.otiumhome.fi\/index.php\/wp-json\/wp\/v2\/types\/product"}],"replies":[{"embeddable":true,"href":"https:\/\/www.otiumhome.fi\/index.php\/wp-json\/wp\/v2\/comments?post=181808"}],"wp:featuredmedia":[{"embeddable":true,"href":"https:\/\/www.otiumhome.fi\/index.php\/wp-json\/"}],"wp:attachment":[{"href":"https:\/\/www.otiumhome.fi\/index.php\/wp-json\/wp\/v2\/media?parent=181808"}],"wp:term":[{"taxonomy":"product_brand","embeddable":true,"href":"https:\/\/www.otiumhome.fi\/index.php\/wp-json\/wp\/v2\/product_brand?post=181808"},{"taxonomy":"product_cat","embeddable":true,"href":"https:\/\/www.otiumhome.fi\/index.php\/wp-json\/wp\/v2\/product_cat?post=181808"},{"taxonomy":"product_tag","embeddable":true,"href":"https:\/\/www.otiumhome.fi\/index.php\/wp-json\/wp\/v2\/product_tag?post=181808"}],"curies":[{"name":"wp","href":"https:\/\/api.w.org\/{rel}","templated":true}]}}