{"id":181679,"date":"2025-10-25T01:15:41","date_gmt":"2025-10-25T01:15:41","guid":{"rendered":"https:\/\/www.otiumhome.fi\/?p=181679"},"modified":"2025-10-30T01:35:31","modified_gmt":"2025-10-30T01:35:31","slug":"yopoydat-2-kpl-valkoinen-40x35x50-cm","status":"publish","type":"product","link":"https:\/\/www.otiumhome.fi\/index.php\/tuote\/yopoydat-2-kpl-valkoinen-40x35x50-cm\/","title":{"rendered":"Y\u00f6p\u00f6yd\u00e4t 2 kpl valkoinen 40x35x50 cm"},"content":{"rendered":"<p>N\u00e4m\u00e4 elegantisti suunnitellut y\u00f6p\u00f6yd\u00e4t ovat ajaton lis\u00e4 huoneesi sisustukseen.<\/p>\n<\/p>\n<ul>\n<li>Kest\u00e4v\u00e4 materiaali: Tekninen puu on poikkeuksellisen laadukasta ja sile\u00e4pintaista. Se on luja, vakaa ja kosteudelle vastustuskykyinen. <\/li>\n<li>Runsaasti s\u00e4ilytystilaa: Y\u00f6p\u00f6yd\u00e4ss\u00e4 on lokero ja laatikko, jotta voit pit\u00e4\u00e4 tavarat j\u00e4rjestyksess\u00e4 ja helposti saatavilla. <\/li>\n<li>Metallijalat: Metallijalat lis\u00e4\u00e4v\u00e4t sisustukseesi teollista tyyli\u00e4 ja takaavat samalla vakauden.<\/li>\n<li>Vakaa ja tukeva p\u00f6yt\u00e4levy: Sivukaapin p\u00f6yt\u00e4levy on t\u00e4ydellinen koristeiden, valokuvien ja ruukkukasvien esille laittoon.<\/li>\n<\/ul>\n<p>Huomioi:<\/p>\n<ul>\n<li>Jokaisen tuotteen mukana on laatikossa kokoonpano-ohje helppoa asennusta varten.<\/li>\n<\/ul>\n<ul>\n<li>V\u00e4ri: Valkoinen <\/li>\n<li>Materiaali: tekninen puu, metalli <\/li>\n<li>Mitat: 40 x 35 x 50 cm (L x S x K)<\/li>\n<li><strong>Toimitus sis\u00e4lt\u00e4\u00e4:<\/strong><\/li>\n<li>2 x y\u00f6p\u00f6yt\u00e4<\/li>\n<\/ul>\n","protected":false},"excerpt":{"rendered":"<ul>\n<li>V\u00e4ri: Valkoinen <\/li>\n<li>Materiaali: tekninen puu, metalli <\/li>\n<li>Mitat: 40 x 35 x 50 cm (L x S x K)<\/li>\n<li><strong>Toimitus sis\u00e4lt\u00e4\u00e4:<\/strong><\/li>\n<li>2 x y\u00f6p\u00f6yt\u00e4<\/li>\n<\/ul>\n","protected":false},"featured_media":100000181679,"comment_status":"closed","ping_status":"closed","template":"","meta":[],"product_brand":[],"product_cat":[84],"product_tag":[],"class_list":{"0":"post-181679","1":"product","2":"type-product","3":"status-publish","4":"has-post-thumbnail","6":"product_cat-huonekalut","8":"first","9":"instock","10":"taxable","11":"shipping-taxable","12":"purchasable","13":"product-type-simple"},"_links":{"self":[{"href":"https:\/\/www.otiumhome.fi\/index.php\/wp-json\/wp\/v2\/product\/181679","targetHints":{"allow":["GET"]}}],"collection":[{"href":"https:\/\/www.otiumhome.fi\/index.php\/wp-json\/wp\/v2\/product"}],"about":[{"href":"https:\/\/www.otiumhome.fi\/index.php\/wp-json\/wp\/v2\/types\/product"}],"replies":[{"embeddable":true,"href":"https:\/\/www.otiumhome.fi\/index.php\/wp-json\/wp\/v2\/comments?post=181679"}],"wp:featuredmedia":[{"embeddable":true,"href":"https:\/\/www.otiumhome.fi\/index.php\/wp-json\/"}],"wp:attachment":[{"href":"https:\/\/www.otiumhome.fi\/index.php\/wp-json\/wp\/v2\/media?parent=181679"}],"wp:term":[{"taxonomy":"product_brand","embeddable":true,"href":"https:\/\/www.otiumhome.fi\/index.php\/wp-json\/wp\/v2\/product_brand?post=181679"},{"taxonomy":"product_cat","embeddable":true,"href":"https:\/\/www.otiumhome.fi\/index.php\/wp-json\/wp\/v2\/product_cat?post=181679"},{"taxonomy":"product_tag","embeddable":true,"href":"https:\/\/www.otiumhome.fi\/index.php\/wp-json\/wp\/v2\/product_tag?post=181679"}],"curies":[{"name":"wp","href":"https:\/\/api.w.org\/{rel}","templated":true}]}}