{"id":181667,"date":"2025-10-25T01:15:38","date_gmt":"2025-10-25T01:15:38","guid":{"rendered":"https:\/\/www.otiumhome.fi\/?p=181667"},"modified":"2025-12-14T05:37:41","modified_gmt":"2025-12-14T05:37:41","slug":"peilikaappi-led-valoilla-ruskea-tammi-76x15x55-cm","status":"publish","type":"product","link":"https:\/\/www.otiumhome.fi\/index.php\/tuote\/peilikaappi-led-valoilla-ruskea-tammi-76x15x55-cm\/","title":{"rendered":"Peilikaappi LED-valoilla ruskea tammi 76x15x55 cm"},"content":{"rendered":"<p>Pid\u00e4 meikkitarvikkeet siistiss\u00e4 j\u00e4rjestyksess\u00e4 t\u00e4m\u00e4n trendikk\u00e4\u00e4n LED-valoilla varustetun peilikaapin avulla!<\/p>\n<\/p>\n<ul>\n<li>Kest\u00e4v\u00e4 materiaali: Tekninen puu on poikkeuksellisen laadukasta ja sile\u00e4pintaista. Se on luja, vakaa ja kosteudelle vastustuskykyinen. Teknisest\u00e4 puusta valmistettu LED peilikaappi on helppo puhdistaa.<\/li>\n<li>Meikkipeili: Kaunis meikkipeili takaa selke\u00e4n n\u00e4kym\u00e4n meikkauksen aikana. Se lis\u00e4\u00e4 my\u00f6s tyylikk\u00e4\u00e4n ilmeen kylpyhuoneen meikkipeilille.<\/li>\n<li>LED-valot: Sein\u00e4kaapissa on LED-valot, jotka on varustettu USB-k\u00e4ytt\u00f6liittym\u00e4ll\u00e4, tehden siit\u00e4 eritt\u00e4in k\u00e4tev\u00e4n k\u00e4ytt\u00e4\u00e4.<\/li>\n<li>Reilusti s\u00e4ilytystilaa: T\u00e4m\u00e4 peilillinen korukaappi sis\u00e4lt\u00e4\u00e4 kuusi lokeroa, jotka tarjoavat tilaa esineillesi ja pit\u00e4\u00e4 kaiken paikallaan.<\/li>\n<li>Sein\u00e4lle kiinnitett\u00e4v\u00e4 malli: Kylpyhuoneen LED peilikaappi voidaan kiinnitt\u00e4\u00e4 sein\u00e4lle. Voit t\u00e4ll\u00e4 tavoin maksimoida lattiatilasi ja pit\u00e4\u00e4 alueen siistin\u00e4.<\/li>\n<\/ul>\n<p>Huomioi:<\/p>\n<ul>\n<li>Jokaisen tuotteen mukana on laatikossa kokoonpano-ohje helppoa asennusta varten.<\/li>\n<li>Sein\u00e4\u00e4n kiinnitett\u00e4v\u00e4t ruuvit ja tulpat eiv\u00e4t sis\u00e4lly toimitukseen. Etsi ja k\u00e4yt\u00e4 sein\u00e4\u00e4si sopivia ruuveja ja tulppia. Jos olet ep\u00e4varma, kysy ammattilaisen neuvoa. Lue ja seuraa asennusohjeiden jokaista vaihetta huolella.<\/li>\n<\/ul>\n<ul>\n<li>V\u00e4ri: ruskea tammi<\/li>\n<li>Materiaali: Tekninen puu, akryyli<\/li>\n<li>Mitat: 76 x 15 x 55 cm (L x S x K)<\/li>\n<li>Maksimikantavuus (yhteens\u00e4): 60 kg<\/li>\n<\/ul>\n","protected":false},"excerpt":{"rendered":"<ul>\n<li>V\u00e4ri: ruskea tammi<\/li>\n<li>Materiaali: Tekninen puu, akryyli<\/li>\n<li>Mitat: 76 x 15 x 55 cm (L x S x K)<\/li>\n<li>Maksimikantavuus (yhteens\u00e4): 60 kg<\/li>\n<\/ul>\n","protected":false},"featured_media":100000181667,"comment_status":"closed","ping_status":"closed","template":"","meta":[],"product_brand":[],"product_cat":[84],"product_tag":[],"class_list":{"0":"post-181667","1":"product","2":"type-product","3":"status-publish","4":"has-post-thumbnail","6":"product_cat-huonekalut","8":"first","9":"instock","10":"taxable","11":"shipping-taxable","12":"purchasable","13":"product-type-simple"},"_links":{"self":[{"href":"https:\/\/www.otiumhome.fi\/index.php\/wp-json\/wp\/v2\/product\/181667","targetHints":{"allow":["GET"]}}],"collection":[{"href":"https:\/\/www.otiumhome.fi\/index.php\/wp-json\/wp\/v2\/product"}],"about":[{"href":"https:\/\/www.otiumhome.fi\/index.php\/wp-json\/wp\/v2\/types\/product"}],"replies":[{"embeddable":true,"href":"https:\/\/www.otiumhome.fi\/index.php\/wp-json\/wp\/v2\/comments?post=181667"}],"wp:featuredmedia":[{"embeddable":true,"href":"https:\/\/www.otiumhome.fi\/index.php\/wp-json\/"}],"wp:attachment":[{"href":"https:\/\/www.otiumhome.fi\/index.php\/wp-json\/wp\/v2\/media?parent=181667"}],"wp:term":[{"taxonomy":"product_brand","embeddable":true,"href":"https:\/\/www.otiumhome.fi\/index.php\/wp-json\/wp\/v2\/product_brand?post=181667"},{"taxonomy":"product_cat","embeddable":true,"href":"https:\/\/www.otiumhome.fi\/index.php\/wp-json\/wp\/v2\/product_cat?post=181667"},{"taxonomy":"product_tag","embeddable":true,"href":"https:\/\/www.otiumhome.fi\/index.php\/wp-json\/wp\/v2\/product_tag?post=181667"}],"curies":[{"name":"wp","href":"https:\/\/api.w.org\/{rel}","templated":true}]}}