{"id":181528,"date":"2025-10-20T09:58:22","date_gmt":"2025-10-20T09:58:22","guid":{"rendered":"https:\/\/www.otiumhome.fi\/?p=181528"},"modified":"2025-10-25T18:23:20","modified_gmt":"2025-10-25T18:23:20","slug":"tv-taso-musta-68x39x435-cm-kylmavalssattu-teras","status":"publish","type":"product","link":"https:\/\/www.otiumhome.fi\/index.php\/tuote\/tv-taso-musta-68x39x435-cm-kylmavalssattu-teras\/","title":{"rendered":"TV-taso musta 68x39x43,5 cm kylm\u00e4valssattu ter\u00e4s"},"content":{"rendered":"<p>T\u00e4m\u00e4 teollista tyyli\u00e4 oleva tukeva TV-taso on ajaton lis\u00e4 olo- tai makuuhuoneeseen.<\/p>\n<\/p>\n<ul>\n<li>Vakaa materiaali: TV-tason runko on valmistettu kylm\u00e4valssatusta ter\u00e4ksest\u00e4. Kylm\u00e4valssattu ter\u00e4s on v\u00e4h\u00e4hiilinen ter\u00e4styyppi, joka on valmistettu l\u00e4hes normaalissa huoneen l\u00e4mm\u00f6ss\u00e4 &#8221;kylm\u00e4valssaamalla&#8221;. Kylm\u00e4valssatun ter\u00e4ksen pinta on sile\u00e4mpi, lujempi ja tarkemmin valmistettu.<\/li>\n<li>Runsaasti s\u00e4ilytystilaa: Kahdella lokerolla ja kahdella laatikoilla varustettu kaappi tarjoaa runsaasti s\u00e4ilytystilaa p\u00e4ivitt\u00e4istavaroiden hyv\u00e4ss\u00e4 j\u00e4rjestyksess\u00e4 ja helposti ulottuvilla pit\u00e4miseen.<\/li>\n<li>S\u00e4\u00e4dett\u00e4v\u00e4t ruuvijalat: T\u00e4m\u00e4 TV-senkki on varustettu nelj\u00e4ll\u00e4 s\u00e4\u00e4dett\u00e4v\u00e4ll\u00e4 ruuvijalalla, jotka kompensoivat lattian ep\u00e4tasaisuutta ja varmistavat vakauden ja tasapainon.<\/li>\n<li>Helppo puhdistaa: Metallikaappi on helppo puhdistaa kostealla liinalla ja se tarvitsee vain v\u00e4h\u00e4ist\u00e4 huoltoa.<\/li>\n<\/ul>\n<ul>\n<li>V\u00e4ri: Musta<\/li>\n<li>Materiaali: Kylm\u00e4valssattu ter\u00e4s<\/li>\n<li>Mitat: 68 x 39 x 43,5 cm (P x L x K)<\/li>\n<li>2 osastoa ja 2 laatikkoa<\/li>\n<li>Asennus vaaditaan: Kyll\u00e4<\/li>\n<\/ul>\n","protected":false},"excerpt":{"rendered":"<ul>\n<li>V\u00e4ri: Musta<\/li>\n<li>Materiaali: Kylm\u00e4valssattu ter\u00e4s<\/li>\n<li>Mitat: 68 x 39 x 43,5 cm (P x L x K)<\/li>\n<li>2 osastoa ja 2 laatikkoa<\/li>\n<li>Asennus vaaditaan: Kyll\u00e4<\/li>\n<\/ul>\n","protected":false},"featured_media":100000181528,"comment_status":"closed","ping_status":"closed","template":"","meta":[],"product_brand":[],"product_cat":[84],"product_tag":[],"class_list":{"0":"post-181528","1":"product","2":"type-product","3":"status-publish","4":"has-post-thumbnail","6":"product_cat-huonekalut","8":"first","9":"instock","10":"taxable","11":"shipping-taxable","12":"purchasable","13":"product-type-simple"},"_links":{"self":[{"href":"https:\/\/www.otiumhome.fi\/index.php\/wp-json\/wp\/v2\/product\/181528","targetHints":{"allow":["GET"]}}],"collection":[{"href":"https:\/\/www.otiumhome.fi\/index.php\/wp-json\/wp\/v2\/product"}],"about":[{"href":"https:\/\/www.otiumhome.fi\/index.php\/wp-json\/wp\/v2\/types\/product"}],"replies":[{"embeddable":true,"href":"https:\/\/www.otiumhome.fi\/index.php\/wp-json\/wp\/v2\/comments?post=181528"}],"wp:featuredmedia":[{"embeddable":true,"href":"https:\/\/www.otiumhome.fi\/index.php\/wp-json\/"}],"wp:attachment":[{"href":"https:\/\/www.otiumhome.fi\/index.php\/wp-json\/wp\/v2\/media?parent=181528"}],"wp:term":[{"taxonomy":"product_brand","embeddable":true,"href":"https:\/\/www.otiumhome.fi\/index.php\/wp-json\/wp\/v2\/product_brand?post=181528"},{"taxonomy":"product_cat","embeddable":true,"href":"https:\/\/www.otiumhome.fi\/index.php\/wp-json\/wp\/v2\/product_cat?post=181528"},{"taxonomy":"product_tag","embeddable":true,"href":"https:\/\/www.otiumhome.fi\/index.php\/wp-json\/wp\/v2\/product_tag?post=181528"}],"curies":[{"name":"wp","href":"https:\/\/api.w.org\/{rel}","templated":true}]}}