{"id":181458,"date":"2025-10-20T09:52:41","date_gmt":"2025-10-20T09:52:41","guid":{"rendered":"https:\/\/www.otiumhome.fi\/?p=181458"},"modified":"2025-12-14T18:48:42","modified_gmt":"2025-12-14T18:48:42","slug":"2-osainen-tv-kaappisarja-led-valoilla-vanhaa-puutavaraa","status":"publish","type":"product","link":"https:\/\/www.otiumhome.fi\/index.php\/tuote\/2-osainen-tv-kaappisarja-led-valoilla-vanhaa-puutavaraa\/","title":{"rendered":"2-osainen TV-kaappisarja LED-valoilla Vanhaa puutavaraa"},"content":{"rendered":"<p>Trendik\u00e4s mutta k\u00e4yt\u00e4nn\u00f6llinen muotoilu on t\u00e4m\u00e4 tukeva TV-kaappi, josta tulee huoneesi keskipiste.<\/p>\n<ul>\n<li>Kest\u00e4v\u00e4 materiaali: Tekninen puu on poikkeuksellisen laadukasta ja sile\u00e4pintaista. Se on luja, vakaa ja kosteudelle vastustuskykyinen.<\/li>\n<li>RGB LED-valot: T\u00e4ss\u00e4 TV-tasossa on RGB LED-valot eri s\u00e4\u00e4d\u00f6ill\u00e4, jotka muuttavat valojen v\u00e4ri\u00e4 ja mahdollistavat v\u00e4rin s\u00e4\u00e4t\u00e4misen niin, ett\u00e4 ne vaihtavat automaattisesti v\u00e4ri\u00e4. LED-valot korostavat modernia ilmett\u00e4 ja edist\u00e4v\u00e4t trendik\u00e4st\u00e4 tuntumaa.<\/li>\n<li>S\u00e4ilytystilalla: T\u00e4ss\u00e4 TV-telineess\u00e4 on k\u00e4tev\u00e4 s\u00e4ilytystila p\u00f6yd\u00e4n alla, joten voit j\u00e4rjest\u00e4\u00e4 ja s\u00e4ilytt\u00e4\u00e4 pienet tavarat siististi tarpeidesi mukaan.<\/li>\n<li>Esittelytoiminto: Kelluvan TV-yksik\u00f6n yl\u00e4kerros on t\u00e4ydellinen paikka valokuvakehyksillesi, ruukkukasveillesi tai muille koriste-esineille.<\/li>\n<\/ul>\n<p>Hyv\u00e4 tiet\u00e4\u00e4:<\/p>\n<ul>\n<li>Tuotteessa on USB-liitin, joka vaatii 5 V USB virtal\u00e4hteen (ei mukana).<\/li>\n<\/ul>\n<ul>\n<li>V\u00e4ri: Vanha puu<\/li>\n<li>Materiaali: Tekninen puu<\/li>\n<li>Mitat: 75 x 35 x 40 cm (L x S x K)<\/li>\n<li>Yksi ovi ja yksi avoin lokero<\/li>\n<li>Asennus vaaditaan: Kyll\u00e4<\/li>\n<li><strong>Toimitus sis\u00e4lt\u00e4\u00e4:<\/strong><\/li>\n<li>2 x TV-kaappi<\/li>\n<\/ul>\n","protected":false},"excerpt":{"rendered":"<ul>\n<li>V\u00e4ri: Vanha puu<\/li>\n<li>Materiaali: Tekninen puu<\/li>\n<li>Mitat: 75 x 35 x 40 cm (L x S x K)<\/li>\n<li>Yksi ovi ja yksi avoin lokero<\/li>\n<li>Asennus vaaditaan: Kyll\u00e4<\/li>\n<li><strong>Toimitus sis\u00e4lt\u00e4\u00e4:<\/strong><\/li>\n<li>2 x TV-kaappi<\/li>\n<\/ul>\n","protected":false},"featured_media":100000181458,"comment_status":"closed","ping_status":"closed","template":"","meta":[],"product_brand":[],"product_cat":[84],"product_tag":[],"class_list":{"0":"post-181458","1":"product","2":"type-product","3":"status-publish","4":"has-post-thumbnail","6":"product_cat-huonekalut","8":"first","9":"instock","10":"taxable","11":"shipping-taxable","12":"purchasable","13":"product-type-simple"},"_links":{"self":[{"href":"https:\/\/www.otiumhome.fi\/index.php\/wp-json\/wp\/v2\/product\/181458","targetHints":{"allow":["GET"]}}],"collection":[{"href":"https:\/\/www.otiumhome.fi\/index.php\/wp-json\/wp\/v2\/product"}],"about":[{"href":"https:\/\/www.otiumhome.fi\/index.php\/wp-json\/wp\/v2\/types\/product"}],"replies":[{"embeddable":true,"href":"https:\/\/www.otiumhome.fi\/index.php\/wp-json\/wp\/v2\/comments?post=181458"}],"wp:featuredmedia":[{"embeddable":true,"href":"https:\/\/www.otiumhome.fi\/index.php\/wp-json\/"}],"wp:attachment":[{"href":"https:\/\/www.otiumhome.fi\/index.php\/wp-json\/wp\/v2\/media?parent=181458"}],"wp:term":[{"taxonomy":"product_brand","embeddable":true,"href":"https:\/\/www.otiumhome.fi\/index.php\/wp-json\/wp\/v2\/product_brand?post=181458"},{"taxonomy":"product_cat","embeddable":true,"href":"https:\/\/www.otiumhome.fi\/index.php\/wp-json\/wp\/v2\/product_cat?post=181458"},{"taxonomy":"product_tag","embeddable":true,"href":"https:\/\/www.otiumhome.fi\/index.php\/wp-json\/wp\/v2\/product_tag?post=181458"}],"curies":[{"name":"wp","href":"https:\/\/api.w.org\/{rel}","templated":true}]}}