{"id":181321,"date":"2025-10-20T09:44:27","date_gmt":"2025-10-20T09:44:27","guid":{"rendered":"https:\/\/www.otiumhome.fi\/?p=181321"},"modified":"2025-10-20T17:49:00","modified_gmt":"2025-10-20T17:49:00","slug":"nayttokoroke-vanhaa-puuta-42x24x13-cm-lastulevy","status":"publish","type":"product","link":"https:\/\/www.otiumhome.fi\/index.php\/tuote\/nayttokoroke-vanhaa-puuta-42x24x13-cm-lastulevy\/","title":{"rendered":"N\u00e4ytt\u00f6koroke vanhaa puuta 42x24x13 cm lastulevy"},"content":{"rendered":"<p>T\u00e4m\u00e4 k\u00e4yt\u00e4nn\u00f6llinen ja minimalistinen n\u00e4ytt\u00f6koroke tuo asuintilaasi modernia ilmett\u00e4 ja pit\u00e4\u00e4 n\u00e4ytt\u00f6si oikeassa paikassa!<\/p>\n<\/p>\n<ul>\n<li>Vakaa ja kest\u00e4v\u00e4 materiaali: Tekninen puu on kest\u00e4v\u00e4 ja vakaa materiaali, jonka sile\u00e4 pinta kest\u00e4\u00e4 kosteutta, v\u00e4\u00e4ntymist\u00e4 ja halkeilua, joten se on luotettava valinta erilaisiin projekteihin.<\/li>\n<li>Lis\u00e4s\u00e4ilytystila: Alla olevaan s\u00e4ilytyshyllyyn mahtuu n\u00e4pp\u00e4imist\u00f6, DVD-soitin, pelikonsoli, suoratoistolaite, vastaanottimet, mediav\u00e4lineet, muistikirjat, kyn\u00e4t ja muut esineet.<\/li>\n<li>Monet toiminnot: T\u00e4m\u00e4 n\u00e4ytt\u00f6koroketta voidaan k\u00e4ytt\u00e4\u00e4 TV-tasona tai tietokoneen n\u00e4yt\u00f6n korokkeena, tai muiden multimedialaitteiden kanssa. N\u00e4yt\u00f6n korottaminen v\u00e4hent\u00e4\u00e4 niskaan ja selk\u00e4\u00e4n kohdistuvaa rasitusta.<\/li>\n<\/ul>\n<ul>\n<li>V\u00e4ri: Vanha puu<\/li>\n<li>Materiaali: Tekninen puu<\/li>\n<li>Mitat: 42 x 24 x 13 cm (L x S x K)<\/li>\n<li>Sis\u00e4lt\u00e4\u00e4 hyllyn<\/li>\n<li>Asennus vaaditaan: Kyll\u00e4<\/li>\n<\/ul>\n","protected":false},"excerpt":{"rendered":"<ul>\n<li>V\u00e4ri: Vanha puu<\/li>\n<li>Materiaali: Tekninen puu<\/li>\n<li>Mitat: 42 x 24 x 13 cm (L x S x K)<\/li>\n<li>Sis\u00e4lt\u00e4\u00e4 hyllyn<\/li>\n<li>Asennus vaaditaan: Kyll\u00e4<\/li>\n<\/ul>\n","protected":false},"featured_media":100000181321,"comment_status":"closed","ping_status":"closed","template":"","meta":[],"product_brand":[],"product_cat":[84],"product_tag":[],"class_list":{"0":"post-181321","1":"product","2":"type-product","3":"status-publish","4":"has-post-thumbnail","6":"product_cat-huonekalut","8":"first","9":"instock","10":"taxable","11":"shipping-taxable","12":"purchasable","13":"product-type-simple"},"_links":{"self":[{"href":"https:\/\/www.otiumhome.fi\/index.php\/wp-json\/wp\/v2\/product\/181321","targetHints":{"allow":["GET"]}}],"collection":[{"href":"https:\/\/www.otiumhome.fi\/index.php\/wp-json\/wp\/v2\/product"}],"about":[{"href":"https:\/\/www.otiumhome.fi\/index.php\/wp-json\/wp\/v2\/types\/product"}],"replies":[{"embeddable":true,"href":"https:\/\/www.otiumhome.fi\/index.php\/wp-json\/wp\/v2\/comments?post=181321"}],"wp:featuredmedia":[{"embeddable":true,"href":"https:\/\/www.otiumhome.fi\/index.php\/wp-json\/"}],"wp:attachment":[{"href":"https:\/\/www.otiumhome.fi\/index.php\/wp-json\/wp\/v2\/media?parent=181321"}],"wp:term":[{"taxonomy":"product_brand","embeddable":true,"href":"https:\/\/www.otiumhome.fi\/index.php\/wp-json\/wp\/v2\/product_brand?post=181321"},{"taxonomy":"product_cat","embeddable":true,"href":"https:\/\/www.otiumhome.fi\/index.php\/wp-json\/wp\/v2\/product_cat?post=181321"},{"taxonomy":"product_tag","embeddable":true,"href":"https:\/\/www.otiumhome.fi\/index.php\/wp-json\/wp\/v2\/product_tag?post=181321"}],"curies":[{"name":"wp","href":"https:\/\/api.w.org\/{rel}","templated":true}]}}