{"id":181135,"date":"2025-10-20T09:36:31","date_gmt":"2025-10-20T09:36:31","guid":{"rendered":"https:\/\/www.otiumhome.fi\/?p=181135"},"modified":"2025-12-14T18:18:50","modified_gmt":"2025-12-14T18:18:50","slug":"tv-seinakaappi-led-valoilla-betoninharmaa-100x31x35-cm","status":"publish","type":"product","link":"https:\/\/www.otiumhome.fi\/index.php\/tuote\/tv-seinakaappi-led-valoilla-betoninharmaa-100x31x35-cm\/","title":{"rendered":"TV-sein\u00e4kaappi LED-valoilla betoninharmaa 100x31x35 cm"},"content":{"rendered":"<p>T\u00e4m\u00e4 TV-sein\u00e4kaappi on t\u00e4ydellinen ratkaisu asuintilaasi s\u00e4ilytystilan maksimoimiseksi ja lattiatilojen siistin\u00e4 pit\u00e4miseksi.<\/p>\n<ul>\n<li>Vakaa ja kest\u00e4v\u00e4 materiaali: Tekninen puu on kest\u00e4v\u00e4 ja vakaa materiaali, jonka sile\u00e4 pinta kest\u00e4\u00e4 kosteutta, v\u00e4\u00e4ntymist\u00e4 ja halkeilua, joten se on luotettava valinta erilaisiin projekteihin.<\/li>\n<li>RGB LED-valot miellytt\u00e4v\u00e4\u00e4n tunnelmaan: T\u00e4ss\u00e4 TV-tasossa on LED-valot, joita voidaan helposti s\u00e4\u00e4t\u00e4\u00e4 yksil\u00f6llisen valon\u00e4yt\u00f6ksen luomiseksi. Voit mukauttaa tiloja, v\u00e4rej\u00e4 ja kirkkautta sis\u00e4tilojen tunnelman ehostamiseksi.<\/li>\n<li>Runsaasti s\u00e4ilytystilaa: TV-tasossa on kaksi laatikkoa, jotka tarjoavat runsaasti tilaa p\u00e4ivitt\u00e4istavaroiden, kuten kirjojen, DVD-levyjen, aikakauslehtien, mediatarvikkeiden ja muiden tavaroiden j\u00e4rjest\u00e4miseen ja ulottuvilla pit\u00e4miseen.<\/li>\n<li>Tilaa s\u00e4\u00e4st\u00e4v\u00e4: Sein\u00e4kiinnitett\u00e4v\u00e4 muotoilu maksimoi k\u00e4ytt\u00e4m\u00e4tt\u00f6m\u00e4n sein\u00e4tilan, muuttaen sen kompaktiksi ja tehokkaaksi s\u00e4ilytystilaksi.<\/li>\n<li>Tee-se-itse muotoilu: Kelluva TV-kaappi tarjoaa loputtomasti suunnitteluvaihtoehtoja, joten voit k\u00e4ytt\u00e4\u00e4 sit\u00e4 yksin\u00e4\u00e4n tai yhdist\u00e4\u00e4 sen muiden TV-sein\u00e4yksik\u00f6iden kanssa t\u00e4ydellisen viihdekeskuksen luomiseksi.<\/li>\n<\/ul>\n<p>Hyv\u00e4 tiet\u00e4\u00e4:<\/p>\n<ul>\n<li>Sein\u00e4\u00e4n kiinnitett\u00e4v\u00e4t ruuvit ja tulpat eiv\u00e4t sis\u00e4lly toimitukseen. Suosittelemme sinua etsim\u00e4\u00e4n ja k\u00e4ytt\u00e4m\u00e4\u00e4n sein\u00e4\u00e4si sopivia ruuveja ja tulppia. Jos olet ep\u00e4varma, kysy ammattilaisen neuvoa. Ole hyv\u00e4 ja lue kaikki ohjeet<\/li>\n<li>Tuotteessa on USB-liitin, joka vaatii 5 V USB virtal\u00e4hteen (ei mukana).<\/li>\n<\/ul>\n<ul>\n<li>V\u00e4ri: Betoninharmaa<\/li>\n<li>Materiaali: Tekninen puu<\/li>\n<li>Mitat: 100 x 31 x 38 cm (P x L x K)<\/li>\n<li>Laatikoiden lukum\u00e4\u00e4r\u00e4: 2<\/li>\n<li>LED-valoilla<\/li>\n<li>Asennus vaaditaan: Kyll\u00e4<\/li>\n<\/ul>\n","protected":false},"excerpt":{"rendered":"<ul>\n<li>V\u00e4ri: Betoninharmaa<\/li>\n<li>Materiaali: Tekninen puu<\/li>\n<li>Mitat: 100 x 31 x 38 cm (P x L x K)<\/li>\n<li>Laatikoiden lukum\u00e4\u00e4r\u00e4: 2<\/li>\n<li>LED-valoilla<\/li>\n<li>Asennus vaaditaan: Kyll\u00e4<\/li>\n<\/ul>\n","protected":false},"featured_media":100000181135,"comment_status":"closed","ping_status":"closed","template":"","meta":[],"product_brand":[],"product_cat":[84],"product_tag":[],"class_list":{"0":"post-181135","1":"product","2":"type-product","3":"status-publish","4":"has-post-thumbnail","6":"product_cat-huonekalut","8":"first","9":"instock","10":"taxable","11":"shipping-taxable","12":"purchasable","13":"product-type-simple"},"_links":{"self":[{"href":"https:\/\/www.otiumhome.fi\/index.php\/wp-json\/wp\/v2\/product\/181135","targetHints":{"allow":["GET"]}}],"collection":[{"href":"https:\/\/www.otiumhome.fi\/index.php\/wp-json\/wp\/v2\/product"}],"about":[{"href":"https:\/\/www.otiumhome.fi\/index.php\/wp-json\/wp\/v2\/types\/product"}],"replies":[{"embeddable":true,"href":"https:\/\/www.otiumhome.fi\/index.php\/wp-json\/wp\/v2\/comments?post=181135"}],"wp:featuredmedia":[{"embeddable":true,"href":"https:\/\/www.otiumhome.fi\/index.php\/wp-json\/"}],"wp:attachment":[{"href":"https:\/\/www.otiumhome.fi\/index.php\/wp-json\/wp\/v2\/media?parent=181135"}],"wp:term":[{"taxonomy":"product_brand","embeddable":true,"href":"https:\/\/www.otiumhome.fi\/index.php\/wp-json\/wp\/v2\/product_brand?post=181135"},{"taxonomy":"product_cat","embeddable":true,"href":"https:\/\/www.otiumhome.fi\/index.php\/wp-json\/wp\/v2\/product_cat?post=181135"},{"taxonomy":"product_tag","embeddable":true,"href":"https:\/\/www.otiumhome.fi\/index.php\/wp-json\/wp\/v2\/product_tag?post=181135"}],"curies":[{"name":"wp","href":"https:\/\/api.w.org\/{rel}","templated":true}]}}