{"id":181034,"date":"2025-10-20T09:25:31","date_gmt":"2025-10-20T09:25:31","guid":{"rendered":"https:\/\/www.otiumhome.fi\/?p=181034"},"modified":"2025-12-14T18:46:26","modified_gmt":"2025-12-14T18:46:26","slug":"seinakiinnitettava-yopoyta-led-valoilla-sonoma-tammi","status":"publish","type":"product","link":"https:\/\/www.otiumhome.fi\/index.php\/tuote\/seinakiinnitettava-yopoyta-led-valoilla-sonoma-tammi\/","title":{"rendered":"Sein\u00e4kiinnitett\u00e4v\u00e4 y\u00f6p\u00f6yt\u00e4 LED-valoilla Sonoma tammi"},"content":{"rendered":"<p>P\u00e4ivit\u00e4 makuuhuoneesi t\u00e4ll\u00e4 sein\u00e4kiinnitett\u00e4v\u00e4ll\u00e4, LED-valoilla varustetulla y\u00f6p\u00f6yd\u00e4ll\u00e4! Se sopii helposti kaikkiin kodin huonekalutyyleihisi!<\/p>\n<\/p>\n<ul>\n<li>Vakaa ja kest\u00e4v\u00e4 materiaali: Tekninen puu on kest\u00e4v\u00e4 ja vakaa materiaali, jonka sile\u00e4 pinta kest\u00e4\u00e4 kosteutta, v\u00e4\u00e4ntymist\u00e4 ja halkeilua, joten se on luotettava valinta erilaisiin projekteihin.<\/li>\n<li>Runsaasti s\u00e4ilytystilaa: Vuoteen vieress\u00e4 oleva y\u00f6p\u00f6yt\u00e4 tarjoaa runsaasti s\u00e4ilytystilaa aikakauslehdille, kirjoille, laseille ja muille nukkumaanmenoa varten v\u00e4ltt\u00e4m\u00e4tt\u00f6mille tavaroille pit\u00e4en ne j\u00e4rjestyksess\u00e4 ja k\u00e4den ulottuvilla.<\/li>\n<li>RGB-LED-valot miellytt\u00e4v\u00e4\u00e4n tunnelmaan: LED-valoja voidaan helposti s\u00e4\u00e4t\u00e4\u00e4 yksil\u00f6llisen valoshown luomiseksi. Voit mukauttaa tiloja, v\u00e4rej\u00e4 ja kirkkautta parantaaksesi sis\u00e4tilan tunnelmaa.<\/li>\n<li>Sein\u00e4lle kiinnitett\u00e4v\u00e4 malli: Kelluva y\u00f6p\u00f6yt\u00e4 voidaan kiinnitt\u00e4\u00e4 sein\u00e4lle lis\u00e4s\u00e4ilytystilan luomiseksi. T\u00e4ll\u00e4 tavoin voit maksimoida lattiatilasi ja pit\u00e4\u00e4 alueen siistin\u00e4.<\/li>\n<li>Tukeva yl\u00e4osa: Y\u00f6p\u00f6yt\u00e4telineen tukeva yl\u00e4osa sopii erinomaisesti p\u00f6yt\u00e4lamppujen, her\u00e4tyskellojen, kirjojen, taulunkehysten, pienten ruukkukasvien, koristeiden tai muiden tarvikkeiden sijoittamiseen.<\/li>\n<\/ul>\n<p>Hyv\u00e4 tiet\u00e4\u00e4:<\/p>\n<ul>\n<li>Sein\u00e4\u00e4n kiinnitett\u00e4v\u00e4t ruuvit ja tulpat eiv\u00e4t sis\u00e4lly toimitukseen. Suosittelemme etsim\u00e4\u00e4n ja k\u00e4ytt\u00e4m\u00e4\u00e4n sein\u00e4\u00e4si sopivia ruuveja ja tulppia. Jos olet ep\u00e4varma, kysy ammattilaisen neuvoa. Lue ja noudata ohjeiden jokaista vaihetta.<\/li>\n<li>Tuotteessa on USB-liitin, joka vaatii 5 V USB virtal\u00e4hteen (ei mukana).<\/li>\n<\/ul>\n<ul>\n<li>V\u00e4ri: Sonoma-tammi<\/li>\n<li>Materiaali: Tekninen puu<\/li>\n<li>Kokonaismitat: 51 x 35,5 x 25 cm (L x S x K)<\/li>\n<li>Laatikon mitat: 47 x 28,5 x 19 cm (L x S x K)<\/li>\n<li>Asennus vaaditaan: Kyll\u00e4<\/li>\n<\/ul>\n","protected":false},"excerpt":{"rendered":"<ul>\n<li>V\u00e4ri: Sonoma-tammi<\/li>\n<li>Materiaali: Tekninen puu<\/li>\n<li>Kokonaismitat: 51 x 35,5 x 25 cm (L x S x K)<\/li>\n<li>Laatikon mitat: 47 x 28,5 x 19 cm (L x S x K)<\/li>\n<li>Asennus vaaditaan: Kyll\u00e4<\/li>\n<\/ul>\n","protected":false},"featured_media":100000181034,"comment_status":"closed","ping_status":"closed","template":"","meta":[],"product_brand":[],"product_cat":[84],"product_tag":[],"class_list":{"0":"post-181034","1":"product","2":"type-product","3":"status-publish","4":"has-post-thumbnail","6":"product_cat-huonekalut","8":"first","9":"instock","10":"taxable","11":"shipping-taxable","12":"purchasable","13":"product-type-simple"},"_links":{"self":[{"href":"https:\/\/www.otiumhome.fi\/index.php\/wp-json\/wp\/v2\/product\/181034","targetHints":{"allow":["GET"]}}],"collection":[{"href":"https:\/\/www.otiumhome.fi\/index.php\/wp-json\/wp\/v2\/product"}],"about":[{"href":"https:\/\/www.otiumhome.fi\/index.php\/wp-json\/wp\/v2\/types\/product"}],"replies":[{"embeddable":true,"href":"https:\/\/www.otiumhome.fi\/index.php\/wp-json\/wp\/v2\/comments?post=181034"}],"wp:featuredmedia":[{"embeddable":true,"href":"https:\/\/www.otiumhome.fi\/index.php\/wp-json\/"}],"wp:attachment":[{"href":"https:\/\/www.otiumhome.fi\/index.php\/wp-json\/wp\/v2\/media?parent=181034"}],"wp:term":[{"taxonomy":"product_brand","embeddable":true,"href":"https:\/\/www.otiumhome.fi\/index.php\/wp-json\/wp\/v2\/product_brand?post=181034"},{"taxonomy":"product_cat","embeddable":true,"href":"https:\/\/www.otiumhome.fi\/index.php\/wp-json\/wp\/v2\/product_cat?post=181034"},{"taxonomy":"product_tag","embeddable":true,"href":"https:\/\/www.otiumhome.fi\/index.php\/wp-json\/wp\/v2\/product_tag?post=181034"}],"curies":[{"name":"wp","href":"https:\/\/api.w.org\/{rel}","templated":true}]}}