{"id":180971,"date":"2025-10-20T09:05:46","date_gmt":"2025-10-20T09:05:46","guid":{"rendered":"https:\/\/www.otiumhome.fi\/?p=180971"},"modified":"2025-10-25T18:43:27","modified_gmt":"2025-10-25T18:43:27","slug":"tv-taso-valkoinen-80x40x40-cm-lastulevy","status":"publish","type":"product","link":"https:\/\/www.otiumhome.fi\/index.php\/tuote\/tv-taso-valkoinen-80x40x40-cm-lastulevy\/","title":{"rendered":"TV-taso valkoinen 80x40x40 cm lastulevy"},"content":{"rendered":"<p>Muuta asuintilasi t\u00e4ll\u00e4 tyylikk\u00e4\u00e4ll\u00e4 TV-kaapilla, joka vaihtaa vaivattomasti toimivan mediakaapin ja tyylikk\u00e4\u00e4n sohvap\u00f6yd\u00e4n v\u00e4lill\u00e4.<\/p>\n<\/p>\n<ul>\n<li>Kest\u00e4v\u00e4 materiaali: Tekninen puu on poikkeuksellisen laadukasta ja sile\u00e4pintaista. Se on luja, vakaa ja kosteudelle vastustuskykyinen.<\/li>\n<li>Runsaasti s\u00e4ilytystilaa: T\u00e4ss\u00e4 TV-p\u00f6yd\u00e4ss\u00e4 on hylly, joka tarjoaa runsaasti s\u00e4ilytystilaa lehtien, kirjojen, DVD-levyjen ja multimedialaitteiden pit\u00e4miseen hyvin j\u00e4rjestyksess\u00e4 ja k\u00e4den ulottuvilla.<\/li>\n<li>Vakaa ja tukeva yl\u00e4taso: Tukeva yl\u00e4taso on ihanteellinen paikka TV:n ja stereoj\u00e4rjestelmien, tai joidenkin koristeiden, kuten maljakoiden tai ruukkukasvien sijoittamiseen.<\/li>\n<li>Kaksitoiminen muotoilu: T\u00e4m\u00e4 monipuolinen TV-kaappi toimii my\u00f6s sohvap\u00f6yt\u00e4n\u00e4 ja tarjoaa joustavia sijoitusvaihtoehtoja, jotka sopivat t\u00e4ydellisesti tarpeisiisi.<\/li>\n<li>Helppo huoltaa: TV-kaappi on helppo puhdistaa kostealla liinalla ja se tarvitsee vain v\u00e4h\u00e4ist\u00e4 huoltoa.<\/li>\n<\/ul>\n<ul>\n<li>V\u00e4ri: Valkoinen<\/li>\n<li>Materiaali: Tekninen puu<\/li>\n<li>Mitat: 80 x 40 x 40 cm (L x S x K)<\/li>\n<li>Asennus vaaditaan: Kyll\u00e4<\/li>\n<\/ul>\n","protected":false},"excerpt":{"rendered":"<ul>\n<li>V\u00e4ri: Valkoinen<\/li>\n<li>Materiaali: Tekninen puu<\/li>\n<li>Mitat: 80 x 40 x 40 cm (L x S x K)<\/li>\n<li>Asennus vaaditaan: Kyll\u00e4<\/li>\n<\/ul>\n","protected":false},"featured_media":100000180971,"comment_status":"closed","ping_status":"closed","template":"","meta":[],"product_brand":[],"product_cat":[84],"product_tag":[],"class_list":{"0":"post-180971","1":"product","2":"type-product","3":"status-publish","4":"has-post-thumbnail","6":"product_cat-huonekalut","8":"first","9":"instock","10":"taxable","11":"shipping-taxable","12":"purchasable","13":"product-type-simple"},"_links":{"self":[{"href":"https:\/\/www.otiumhome.fi\/index.php\/wp-json\/wp\/v2\/product\/180971","targetHints":{"allow":["GET"]}}],"collection":[{"href":"https:\/\/www.otiumhome.fi\/index.php\/wp-json\/wp\/v2\/product"}],"about":[{"href":"https:\/\/www.otiumhome.fi\/index.php\/wp-json\/wp\/v2\/types\/product"}],"replies":[{"embeddable":true,"href":"https:\/\/www.otiumhome.fi\/index.php\/wp-json\/wp\/v2\/comments?post=180971"}],"wp:featuredmedia":[{"embeddable":true,"href":"https:\/\/www.otiumhome.fi\/index.php\/wp-json\/"}],"wp:attachment":[{"href":"https:\/\/www.otiumhome.fi\/index.php\/wp-json\/wp\/v2\/media?parent=180971"}],"wp:term":[{"taxonomy":"product_brand","embeddable":true,"href":"https:\/\/www.otiumhome.fi\/index.php\/wp-json\/wp\/v2\/product_brand?post=180971"},{"taxonomy":"product_cat","embeddable":true,"href":"https:\/\/www.otiumhome.fi\/index.php\/wp-json\/wp\/v2\/product_cat?post=180971"},{"taxonomy":"product_tag","embeddable":true,"href":"https:\/\/www.otiumhome.fi\/index.php\/wp-json\/wp\/v2\/product_tag?post=180971"}],"curies":[{"name":"wp","href":"https:\/\/api.w.org\/{rel}","templated":true}]}}