{"id":180844,"date":"2025-10-20T09:02:41","date_gmt":"2025-10-20T09:02:41","guid":{"rendered":"https:\/\/www.otiumhome.fi\/?p=180844"},"modified":"2025-10-25T18:23:41","modified_gmt":"2025-10-25T18:23:41","slug":"tv-taso-artesaani-tammi-180x315x40-cm-tekninen-puu","status":"publish","type":"product","link":"https:\/\/www.otiumhome.fi\/index.php\/tuote\/tv-taso-artesaani-tammi-180x315x40-cm-tekninen-puu\/","title":{"rendered":"TV-taso artesaani tammi 180&#215;31,5&#215;40 cm tekninen puu"},"content":{"rendered":"<p>T\u00e4ss\u00e4 trendikk\u00e4\u00e4ss\u00e4 TV-tasossa on sulavalinjainen ja tyylik\u00e4s muotoilu. Se on koristeellinen ja k\u00e4yt\u00e4nn\u00f6llinen lis\u00e4 huoneesi sisustukseesi.<\/p>\n<ul>\n<li>Pitk\u00e4ik\u00e4inen materiaali: Tekninen puu on poikkeuksellisen laadukasta ja sile\u00e4pintaista. Se on luja, vakaa ja kosteudelle vastustuskykyinen.<\/li>\n<li>Runsaasti s\u00e4ilytystilaa: TV-yksikk\u00f6 on varustettu nelj\u00e4ll\u00e4 lokerolla ja nelj\u00e4ll\u00e4 ovella, joten se tarjoaa runsaasti s\u00e4ilytystilaa henkil\u00f6kohtaisten tavaroiden s\u00e4ilytt\u00e4miseen ja k\u00e4ttesi ulottuvilla pit\u00e4miseen.<\/li>\n<li>Tukeva rakenne: Metallijalat lis\u00e4\u00e4v\u00e4t rauhallista tyyli\u00e4 sisustukseesi ja takaavat samalla vakauden.<\/li>\n<li>Esittelytoiminto: TV-tason tukeva yl\u00e4taso on t\u00e4ydellinen paikka esitell\u00e4 ruukkukasveja, valokuvakehyksi\u00e4 ja muita koriste-esineit\u00e4.<\/li>\n<\/ul>\n<ul>\n<li>V\u00e4ri: Artesaani tammi<\/li>\n<li>Materiaali: Tekninen puu, metalli<\/li>\n<li>Mitat: 180 x 31,5 x 40 cm (P x L x K)<\/li>\n<\/ul>\n","protected":false},"excerpt":{"rendered":"<ul>\n<li>V\u00e4ri: Artesaani tammi<\/li>\n<li>Materiaali: Tekninen puu, metalli<\/li>\n<li>Mitat: 180 x 31,5 x 40 cm (P x L x K)<\/li>\n<\/ul>\n","protected":false},"featured_media":100000180844,"comment_status":"closed","ping_status":"closed","template":"","meta":[],"product_brand":[],"product_cat":[84],"product_tag":[],"class_list":{"0":"post-180844","1":"product","2":"type-product","3":"status-publish","4":"has-post-thumbnail","6":"product_cat-huonekalut","8":"first","9":"instock","10":"taxable","11":"shipping-taxable","12":"purchasable","13":"product-type-simple"},"_links":{"self":[{"href":"https:\/\/www.otiumhome.fi\/index.php\/wp-json\/wp\/v2\/product\/180844","targetHints":{"allow":["GET"]}}],"collection":[{"href":"https:\/\/www.otiumhome.fi\/index.php\/wp-json\/wp\/v2\/product"}],"about":[{"href":"https:\/\/www.otiumhome.fi\/index.php\/wp-json\/wp\/v2\/types\/product"}],"replies":[{"embeddable":true,"href":"https:\/\/www.otiumhome.fi\/index.php\/wp-json\/wp\/v2\/comments?post=180844"}],"wp:featuredmedia":[{"embeddable":true,"href":"https:\/\/www.otiumhome.fi\/index.php\/wp-json\/"}],"wp:attachment":[{"href":"https:\/\/www.otiumhome.fi\/index.php\/wp-json\/wp\/v2\/media?parent=180844"}],"wp:term":[{"taxonomy":"product_brand","embeddable":true,"href":"https:\/\/www.otiumhome.fi\/index.php\/wp-json\/wp\/v2\/product_brand?post=180844"},{"taxonomy":"product_cat","embeddable":true,"href":"https:\/\/www.otiumhome.fi\/index.php\/wp-json\/wp\/v2\/product_cat?post=180844"},{"taxonomy":"product_tag","embeddable":true,"href":"https:\/\/www.otiumhome.fi\/index.php\/wp-json\/wp\/v2\/product_tag?post=180844"}],"curies":[{"name":"wp","href":"https:\/\/api.w.org\/{rel}","templated":true}]}}