{"id":180793,"date":"2025-10-20T09:02:27","date_gmt":"2025-10-20T09:02:27","guid":{"rendered":"https:\/\/www.otiumhome.fi\/?p=180793"},"modified":"2025-12-09T17:12:18","modified_gmt":"2025-12-09T17:12:18","slug":"tv-kaappi-laatikon-kanssa-140-x-35-x-40-cm-tekninen-puu","status":"publish","type":"product","link":"https:\/\/www.otiumhome.fi\/index.php\/tuote\/tv-kaappi-laatikon-kanssa-140-x-35-x-40-cm-tekninen-puu\/","title":{"rendered":"TV-kaappi laatikon kanssa 140 x 35 x 40 cm Tekninen puu"},"content":{"rendered":"<p>T\u00e4m\u00e4 moderni TV-kaappi sopii t\u00e4ydellisesti mihin tahansa nykyaikaisen olohuoneeseen. Sen hienostunut ja toimiva muotoilu sulautuu saumattomasti audiovisuaaliseen laitteistoon. T\u00e4m\u00e4 matala kaappi tuo tyylikk\u00e4\u00e4n ja virtaviivaisen ilmeen tilaan. Kaapin yksinkertainen mutta tyylik\u00e4s muotoilu mahdollistaa monipuolisen sijoittamisen eri sisustuksiin.<\/p>\n<ul>\n<li><b>Tekninen puurunko:<\/b> Kaappi on valmistettu laadukkaasta teknisest\u00e4 puusta, joka takaa sen kest\u00e4vyyden. Vahva runko varmistaa stabiliteetin, joten se on luotettava lis\u00e4 tilaan.<\/li>\n<li><b>Toiminnalliset laatikot:<\/b> Kaapin laatikot tarjoavat runsaasti s\u00e4ilytystilaa medias\u00e4ilytykseen, kirjoille ja henkil\u00f6kohtaisille esineille. Jokainen laatikko auttaa pit\u00e4m\u00e4\u00e4n tilan j\u00e4rjestyksess\u00e4 ja parantaa viihdealueen k\u00e4ytett\u00e4vyytt\u00e4.<\/li>\n<li><b>Ter\u00e4svedin:<\/b> Kaappi on varustettu pitkill\u00e4 ter\u00e4svetimill\u00e4, jotka helpottavat p\u00e4\u00e4sy\u00e4 s\u00e4ilytysosiin. N\u00e4m\u00e4 modernit vetimet lis\u00e4\u00e4v\u00e4t k\u00e4yt\u00e4nn\u00f6llisyytt\u00e4 ja eleganssia kaapille.<\/li>\n<li><b>Moderni muotoilu:<\/b> Yksinkertaiset linjat ja sile\u00e4t pinnat antavat kaapille modernin ilmeen, joka sulautuu vaivatta eri sisustustyyleihin.<\/li>\n<li><b>Helppo koota:<\/b> T\u00e4m\u00e4 kaappi tulee selkeiden ohjeiden kanssa ja vaatii kaksi henkil\u00f6\u00e4 kokoamiseen. Ruuvimeisseli\u00e4 k\u00e4ytt\u00e4en ohjeiden mukaan kaappi on nopeasti valmis k\u00e4ytett\u00e4v\u00e4ksi.<\/li>\n<\/ul>\n<ul>\n<li>Materiaali: Tekninen puu<\/li>\n<li>Yleiset mitat: 140 x 35 x 40 cm (P x L x K)<\/li>\n<li>Laatikolla<\/li>\n<li>Kokoonpano vaaditaan: Kyll\u00e4<\/li>\n<li>Toimitus-:<\/li>\n<li>1 x TV-kaappi<\/li>\n<\/ul>\n","protected":false},"excerpt":{"rendered":"<ul>\n<li>Materiaali: Tekninen puu<\/li>\n<li>Yleiset mitat: 140 x 35 x 40 cm (P x L x K)<\/li>\n<li>Laatikolla<\/li>\n<li>Kokoonpano vaaditaan: Kyll\u00e4<\/li>\n<li>Toimitus-:<\/li>\n<li>1 x TV-kaappi<\/li>\n<\/ul>\n","protected":false},"featured_media":100000180793,"comment_status":"closed","ping_status":"closed","template":"","meta":[],"product_brand":[],"product_cat":[84],"product_tag":[],"class_list":{"0":"post-180793","1":"product","2":"type-product","3":"status-publish","4":"has-post-thumbnail","6":"product_cat-huonekalut","8":"first","9":"instock","10":"taxable","11":"shipping-taxable","12":"purchasable","13":"product-type-simple"},"_links":{"self":[{"href":"https:\/\/www.otiumhome.fi\/index.php\/wp-json\/wp\/v2\/product\/180793","targetHints":{"allow":["GET"]}}],"collection":[{"href":"https:\/\/www.otiumhome.fi\/index.php\/wp-json\/wp\/v2\/product"}],"about":[{"href":"https:\/\/www.otiumhome.fi\/index.php\/wp-json\/wp\/v2\/types\/product"}],"replies":[{"embeddable":true,"href":"https:\/\/www.otiumhome.fi\/index.php\/wp-json\/wp\/v2\/comments?post=180793"}],"wp:featuredmedia":[{"embeddable":true,"href":"https:\/\/www.otiumhome.fi\/index.php\/wp-json\/"}],"wp:attachment":[{"href":"https:\/\/www.otiumhome.fi\/index.php\/wp-json\/wp\/v2\/media?parent=180793"}],"wp:term":[{"taxonomy":"product_brand","embeddable":true,"href":"https:\/\/www.otiumhome.fi\/index.php\/wp-json\/wp\/v2\/product_brand?post=180793"},{"taxonomy":"product_cat","embeddable":true,"href":"https:\/\/www.otiumhome.fi\/index.php\/wp-json\/wp\/v2\/product_cat?post=180793"},{"taxonomy":"product_tag","embeddable":true,"href":"https:\/\/www.otiumhome.fi\/index.php\/wp-json\/wp\/v2\/product_tag?post=180793"}],"curies":[{"name":"wp","href":"https:\/\/api.w.org\/{rel}","templated":true}]}}