{"id":180788,"date":"2025-10-20T09:02:25","date_gmt":"2025-10-20T09:02:25","guid":{"rendered":"https:\/\/www.otiumhome.fi\/?p=180788"},"modified":"2025-10-20T18:02:31","modified_gmt":"2025-10-20T18:02:31","slug":"tv-taso-tammi-140x35x40-cm-tekopuu","status":"publish","type":"product","link":"https:\/\/www.otiumhome.fi\/index.php\/tuote\/tv-taso-tammi-140x35x40-cm-tekopuu\/","title":{"rendered":"TV-taso tammi 140x35x40 cm tekopuu"},"content":{"rendered":"<p>T\u00e4m\u00e4 runsaasti s\u00e4ilytystilaa sis\u00e4lt\u00e4v\u00e4 TV-taso on k\u00e4yt\u00e4nn\u00f6llinen ja katseenvangitseva lis\u00e4 olohuoneeseesi tai makuuhuoneeseesi.<\/p>\n<\/p>\n<ul>\n<li>Vakaa ja kest\u00e4v\u00e4 materiaali: Puu on kest\u00e4v\u00e4 ja vakaa materiaali, jonka sile\u00e4 pinta on kosteutta, v\u00e4\u00e4ntymist\u00e4 ja halkeilua kest\u00e4v\u00e4, joten se on luotettava valinta monenlaisiin projekteihin.<\/li>\n<li>Runsaasti s\u00e4ilytystilaa: T\u00e4m\u00e4 TV-taso tarjoaa runsaasti s\u00e4ilytystilaa lehtien, kirjojen, DVD-levyjen ja multimedialaitteiden s\u00e4ilytt\u00e4miseen j\u00e4rjestyksess\u00e4 ja k\u00e4den ulottuvilla.<\/li>\n<li>Vakaa ja tukeva p\u00f6yt\u00e4levy: Tukeva p\u00f6yt\u00e4levy sopii erinomaisesti television ja stereoiden tai koriste-esineiden, kuten maljakoiden tai ruukkukasvien, s\u00e4ilytt\u00e4miseen.<\/li>\n<li>Helppohoitoinen: Sile\u00e4n pinnan ansiosta TV-senkki on helppo puhdistaa kostealla liinalla, eik\u00e4 se vaadi paljon huoltoa.<\/li>\n<\/ul>\n<ul>\n<li>V\u00e4ri: K\u00e4sity\u00f6n\u00e4 valmistettu tammi<\/li>\n<li>Materiaali: Puu<\/li>\n<li>Mitat: 140 x 35 x 40 cm (L x S x K)<\/li>\n<li>Suurin painokapasiteetti (kokonais): 60 kg<\/li>\n<li>3 laatikolla ja 3 hyllyll\u00e4<\/li>\n<li>Kokoaminen vaaditaan: Kyll\u00e4<\/li>\n<\/ul>\n","protected":false},"excerpt":{"rendered":"<ul>\n<li>V\u00e4ri: K\u00e4sity\u00f6n\u00e4 valmistettu tammi<\/li>\n<li>Materiaali: Puu<\/li>\n<li>Mitat: 140 x 35 x 40 cm (L x S x K)<\/li>\n<li>Suurin painokapasiteetti (kokonais): 60 kg<\/li>\n<li>3 laatikolla ja 3 hyllyll\u00e4<\/li>\n<li>Kokoaminen vaaditaan: Kyll\u00e4<\/li>\n<\/ul>\n","protected":false},"featured_media":100000180788,"comment_status":"closed","ping_status":"closed","template":"","meta":[],"product_brand":[],"product_cat":[84],"product_tag":[],"class_list":{"0":"post-180788","1":"product","2":"type-product","3":"status-publish","4":"has-post-thumbnail","6":"product_cat-huonekalut","8":"first","9":"instock","10":"taxable","11":"shipping-taxable","12":"purchasable","13":"product-type-simple"},"_links":{"self":[{"href":"https:\/\/www.otiumhome.fi\/index.php\/wp-json\/wp\/v2\/product\/180788","targetHints":{"allow":["GET"]}}],"collection":[{"href":"https:\/\/www.otiumhome.fi\/index.php\/wp-json\/wp\/v2\/product"}],"about":[{"href":"https:\/\/www.otiumhome.fi\/index.php\/wp-json\/wp\/v2\/types\/product"}],"replies":[{"embeddable":true,"href":"https:\/\/www.otiumhome.fi\/index.php\/wp-json\/wp\/v2\/comments?post=180788"}],"wp:featuredmedia":[{"embeddable":true,"href":"https:\/\/www.otiumhome.fi\/index.php\/wp-json\/"}],"wp:attachment":[{"href":"https:\/\/www.otiumhome.fi\/index.php\/wp-json\/wp\/v2\/media?parent=180788"}],"wp:term":[{"taxonomy":"product_brand","embeddable":true,"href":"https:\/\/www.otiumhome.fi\/index.php\/wp-json\/wp\/v2\/product_brand?post=180788"},{"taxonomy":"product_cat","embeddable":true,"href":"https:\/\/www.otiumhome.fi\/index.php\/wp-json\/wp\/v2\/product_cat?post=180788"},{"taxonomy":"product_tag","embeddable":true,"href":"https:\/\/www.otiumhome.fi\/index.php\/wp-json\/wp\/v2\/product_tag?post=180788"}],"curies":[{"name":"wp","href":"https:\/\/api.w.org\/{rel}","templated":true}]}}