{"id":180785,"date":"2025-10-20T09:02:24","date_gmt":"2025-10-20T09:02:24","guid":{"rendered":"https:\/\/www.otiumhome.fi\/?p=180785"},"modified":"2025-12-14T18:49:31","modified_gmt":"2025-12-14T18:49:31","slug":"tv-taso-led-valoilla-musta-tammi-60x35x155-cm","status":"publish","type":"product","link":"https:\/\/www.otiumhome.fi\/index.php\/tuote\/tv-taso-led-valoilla-musta-tammi-60x35x155-cm\/","title":{"rendered":"TV-taso LED-valoilla musta tammi 60x35x15,5 cm"},"content":{"rendered":"<p>Tyylikk\u00e4\u00e4n mutta k\u00e4yt\u00e4nn\u00f6llisen muotoilunsa ansiosta t\u00e4m\u00e4 LED-valoilla varustettu TV-taso on tarkoitettu huoneesi keskipisteeksi.<\/p>\n<\/p>\n<ul>\n<li>Vakaa ja kest\u00e4v\u00e4 materiaali: Puu on kest\u00e4v\u00e4 ja vakaa materiaali, jonka sile\u00e4 pinta kest\u00e4\u00e4 kosteutta, v\u00e4\u00e4ntymist\u00e4 ja halkeilua, joten se on luotettava valinta monenlaisiin projekteihin.<\/li>\n<li>Runsaasti s\u00e4ilytystilaa: T\u00e4m\u00e4 TV-senkki tarjoaa runsaasti s\u00e4ilytystilaa lehtien, kirjojen, DVD-levyjen ja multimedialaitteiden s\u00e4ilytt\u00e4miseen j\u00e4rjestyksess\u00e4 ja k\u00e4den ulottuvilla.<\/li>\n<li>RGB-LED-valot miellytt\u00e4v\u00e4\u00e4n tunnelmaan: T\u00e4ss\u00e4 TV-tasossa on LED-valot, joita voidaan helposti s\u00e4\u00e4t\u00e4\u00e4 henkil\u00f6kohtaisen valoshow&#8217;n luomiseksi. Voit mukauttaa tiloja, v\u00e4rej\u00e4 ja kirkkautta parantaaksesi sis\u00e4tilasi tunnelmaa.<\/li>\n<li>Tilans\u00e4\u00e4st\u00f6: TV-taso voidaan kiinnitt\u00e4\u00e4 sein\u00e4\u00e4n lis\u00e4\u00e4m\u00e4\u00e4n s\u00e4ilytystilaa. N\u00e4in voit maksimoida lattiapinta-alan ja pit\u00e4\u00e4 alueen puhtaana.<\/li>\n<li>Helppo huoltaa: TV-taso on helppo puhdistaa kostealla liinalla ja vaatii v\u00e4hemm\u00e4n huoltoa.<\/li>\n<\/ul>\n<p>Hyv\u00e4 tiet\u00e4\u00e4:<\/p>\n<ul>\n<li>Tuotteessa on USB-liitin, joka vaatii sertifioidun 5 V:n USB-virtal\u00e4hteen (ei sis\u00e4lly toimitukseen).<\/li>\n<li>Sein\u00e4n sis\u00e4puolelle tarkoitetut ruuvit ja tulpat eiv\u00e4t sis\u00e4lly toimitukseen. Suosittelemme etsim\u00e4\u00e4n ja k\u00e4ytt\u00e4m\u00e4\u00e4n seinille sopivia ruuveja ja tulppia. Jos et ole varma, voit ottaa yhteytt\u00e4 ammattilaiseen. Lue ja noudata ohjeita jokaista vaihetta.<\/li>\n<\/ul>\n<ul>\n<li>V\u00e4ri: Musta tammi<\/li>\n<li>Materiaali: Puusep\u00e4nty\u00f6t<\/li>\n<li>Mitat: 60 x 35 x 15,5 cm (L x S x K)<\/li>\n<li>Suurin painokapasiteetti (kokonaispaino): 60 kg<\/li>\n<li>Kokoaminen vaaditaan: Kyll\u00e4<\/li>\n<\/ul>\n","protected":false},"excerpt":{"rendered":"<ul>\n<li>V\u00e4ri: Musta tammi<\/li>\n<li>Materiaali: Puusep\u00e4nty\u00f6t<\/li>\n<li>Mitat: 60 x 35 x 15,5 cm (L x S x K)<\/li>\n<li>Suurin painokapasiteetti (kokonaispaino): 60 kg<\/li>\n<li>Kokoaminen vaaditaan: Kyll\u00e4<\/li>\n<\/ul>\n","protected":false},"featured_media":100000180785,"comment_status":"closed","ping_status":"closed","template":"","meta":[],"product_brand":[],"product_cat":[84],"product_tag":[],"class_list":{"0":"post-180785","1":"product","2":"type-product","3":"status-publish","4":"has-post-thumbnail","6":"product_cat-huonekalut","8":"first","9":"instock","10":"taxable","11":"shipping-taxable","12":"purchasable","13":"product-type-simple"},"_links":{"self":[{"href":"https:\/\/www.otiumhome.fi\/index.php\/wp-json\/wp\/v2\/product\/180785","targetHints":{"allow":["GET"]}}],"collection":[{"href":"https:\/\/www.otiumhome.fi\/index.php\/wp-json\/wp\/v2\/product"}],"about":[{"href":"https:\/\/www.otiumhome.fi\/index.php\/wp-json\/wp\/v2\/types\/product"}],"replies":[{"embeddable":true,"href":"https:\/\/www.otiumhome.fi\/index.php\/wp-json\/wp\/v2\/comments?post=180785"}],"wp:featuredmedia":[{"embeddable":true,"href":"https:\/\/www.otiumhome.fi\/index.php\/wp-json\/"}],"wp:attachment":[{"href":"https:\/\/www.otiumhome.fi\/index.php\/wp-json\/wp\/v2\/media?parent=180785"}],"wp:term":[{"taxonomy":"product_brand","embeddable":true,"href":"https:\/\/www.otiumhome.fi\/index.php\/wp-json\/wp\/v2\/product_brand?post=180785"},{"taxonomy":"product_cat","embeddable":true,"href":"https:\/\/www.otiumhome.fi\/index.php\/wp-json\/wp\/v2\/product_cat?post=180785"},{"taxonomy":"product_tag","embeddable":true,"href":"https:\/\/www.otiumhome.fi\/index.php\/wp-json\/wp\/v2\/product_tag?post=180785"}],"curies":[{"name":"wp","href":"https:\/\/api.w.org\/{rel}","templated":true}]}}