{"id":180780,"date":"2025-10-20T09:02:23","date_gmt":"2025-10-20T09:02:23","guid":{"rendered":"https:\/\/www.otiumhome.fi\/?p=180780"},"modified":"2025-10-20T18:02:22","modified_gmt":"2025-10-20T18:02:22","slug":"tv-taso-artesaani-tammi-130x35x50-cm-tekninen-puu","status":"publish","type":"product","link":"https:\/\/www.otiumhome.fi\/index.php\/tuote\/tv-taso-artesaani-tammi-130x35x50-cm-tekninen-puu\/","title":{"rendered":"TV-taso artesaani tammi 130x35x50 cm tekninen puu"},"content":{"rendered":"<p>Puhdaslinjainen TV-taso lis\u00e4\u00e4 hieman eleganssia olohuoneeseen tai makuuhuoneeseen.<\/p>\n<ul>\n<li>Tukeva materiaali: Tekninen puu on poikkeuksellisen laadukasta ja sile\u00e4pintaista. Se on my\u00f6s luja, vakaa ja kosteudelle vastustuskykyinen.<\/li>\n<li>Runsaasti s\u00e4ilytystilaa: 2 ovella ja 2 hyllyll\u00e4 varustettu TV-taso tarjoaa runsaasti s\u00e4ilytystilaa, jotta kaikki aikakauslehdet, DVD-levyt ja muut esineet pysyv\u00e4t hyvin j\u00e4rjestyksess\u00e4.<\/li>\n<li>Tukeva yl\u00e4taso: Tukeva yl\u00e4taso on ihanteellinen koristeiden, valokuvien ja ruukkukasvien esille asettamiseen.<\/li>\n<li>K\u00e4yt\u00e4nn\u00f6lliset ovet: Pid\u00e4 t\u00e4rke\u00e4t tavarasi p\u00f6lytt\u00f6min\u00e4 piilottamalla ne t\u00e4m\u00e4n mediakaapin ovien taakse.<\/li>\n<\/ul>\n<ul>\n<li>V\u00e4ri: artisaanitammi<\/li>\n<li>Materiaali: Tekninen puu<\/li>\n<li>Mitat: 130 x 35 x 50 cm (P x L x K)<\/li>\n<li>Asennus vaaditaan: Kyll\u00e4<\/li>\n<\/ul>\n","protected":false},"excerpt":{"rendered":"<ul>\n<li>V\u00e4ri: artisaanitammi<\/li>\n<li>Materiaali: Tekninen puu<\/li>\n<li>Mitat: 130 x 35 x 50 cm (P x L x K)<\/li>\n<li>Asennus vaaditaan: Kyll\u00e4<\/li>\n<\/ul>\n","protected":false},"featured_media":100000180780,"comment_status":"closed","ping_status":"closed","template":"","meta":[],"product_brand":[],"product_cat":[84],"product_tag":[],"class_list":{"0":"post-180780","1":"product","2":"type-product","3":"status-publish","4":"has-post-thumbnail","6":"product_cat-huonekalut","8":"first","9":"instock","10":"taxable","11":"shipping-taxable","12":"purchasable","13":"product-type-simple"},"_links":{"self":[{"href":"https:\/\/www.otiumhome.fi\/index.php\/wp-json\/wp\/v2\/product\/180780","targetHints":{"allow":["GET"]}}],"collection":[{"href":"https:\/\/www.otiumhome.fi\/index.php\/wp-json\/wp\/v2\/product"}],"about":[{"href":"https:\/\/www.otiumhome.fi\/index.php\/wp-json\/wp\/v2\/types\/product"}],"replies":[{"embeddable":true,"href":"https:\/\/www.otiumhome.fi\/index.php\/wp-json\/wp\/v2\/comments?post=180780"}],"wp:featuredmedia":[{"embeddable":true,"href":"https:\/\/www.otiumhome.fi\/index.php\/wp-json\/"}],"wp:attachment":[{"href":"https:\/\/www.otiumhome.fi\/index.php\/wp-json\/wp\/v2\/media?parent=180780"}],"wp:term":[{"taxonomy":"product_brand","embeddable":true,"href":"https:\/\/www.otiumhome.fi\/index.php\/wp-json\/wp\/v2\/product_brand?post=180780"},{"taxonomy":"product_cat","embeddable":true,"href":"https:\/\/www.otiumhome.fi\/index.php\/wp-json\/wp\/v2\/product_cat?post=180780"},{"taxonomy":"product_tag","embeddable":true,"href":"https:\/\/www.otiumhome.fi\/index.php\/wp-json\/wp\/v2\/product_tag?post=180780"}],"curies":[{"name":"wp","href":"https:\/\/api.w.org\/{rel}","templated":true}]}}