{"id":180736,"date":"2025-10-20T09:02:09","date_gmt":"2025-10-20T09:02:09","guid":{"rendered":"https:\/\/www.otiumhome.fi\/?p=180736"},"modified":"2025-10-20T17:57:35","modified_gmt":"2025-10-20T17:57:35","slug":"seina-tv-kaappi-artisan-oak-305x30x30-cm","status":"publish","type":"product","link":"https:\/\/www.otiumhome.fi\/index.php\/tuote\/seina-tv-kaappi-artisan-oak-305x30x30-cm\/","title":{"rendered":"Sein\u00e4-TV-kaappi Artisan Oak 30,5x30x30 cm"},"content":{"rendered":"<p>Sulavalinjaisella ja klassisella suunnittelulla varustettu sein\u00e4kiinnitett\u00e4v\u00e4 TV-kaappi on koristeellinen ja k\u00e4yt\u00e4nn\u00f6llinen lis\u00e4 sisustukseesi.<\/p>\n<\/p>\n<ul>\n<li>K\u00e4yt\u00e4nn\u00f6llinen materiaali: Tekninen puu on poikkeuksellisen laadukasta ja sile\u00e4pintaista. Se on my\u00f6s luja, vakaa ja kosteudelle vastustuskykyinen.<\/li>\n<li>Runsaasti s\u00e4ilytystilaa: TV-tasossa on 1 lokero, joka tarjoaa runsaasti s\u00e4ilytystilaa esineiden, kuten mediasoittimen, lehtien ja muiden j\u00e4rjest\u00e4miseen.<\/li>\n<li>Sein\u00e4kiinnitett\u00e4v\u00e4 toiminto: TV-yksikk\u00f6 ei vie lainkaan lattiatilaa. Voit kiinnitt\u00e4\u00e4 sen helposti sein\u00e4lle.<\/li>\n<li>Monitoiminen kaappi: Mediakaapin tukeva yl\u00e4osa sopii erinomaisesti koriste-esineiden, valokuvakehysten tai ruukkukasvien esille laittoon. Sit\u00e4 voidaan k\u00e4ytt\u00e4\u00e4 my\u00f6s makuuhuoneen kaappina, y\u00f6p\u00f6yt\u00e4n\u00e4, jne.<\/li>\n<\/ul>\n<ul>\n<li>V\u00e4ri: artisaanitammi<\/li>\n<li>Materiaali: Tekninen puu<\/li>\n<li>Mitat: 30,5 x 30 x 30 cm (L x S x K)<\/li>\n<\/ul>\n","protected":false},"excerpt":{"rendered":"<ul>\n<li>V\u00e4ri: artisaanitammi<\/li>\n<li>Materiaali: Tekninen puu<\/li>\n<li>Mitat: 30,5 x 30 x 30 cm (L x S x K)<\/li>\n<\/ul>\n","protected":false},"featured_media":100000180736,"comment_status":"closed","ping_status":"closed","template":"","meta":[],"product_brand":[],"product_cat":[84],"product_tag":[],"class_list":{"0":"post-180736","1":"product","2":"type-product","3":"status-publish","4":"has-post-thumbnail","6":"product_cat-huonekalut","8":"first","9":"instock","10":"taxable","11":"shipping-taxable","12":"purchasable","13":"product-type-simple"},"_links":{"self":[{"href":"https:\/\/www.otiumhome.fi\/index.php\/wp-json\/wp\/v2\/product\/180736","targetHints":{"allow":["GET"]}}],"collection":[{"href":"https:\/\/www.otiumhome.fi\/index.php\/wp-json\/wp\/v2\/product"}],"about":[{"href":"https:\/\/www.otiumhome.fi\/index.php\/wp-json\/wp\/v2\/types\/product"}],"replies":[{"embeddable":true,"href":"https:\/\/www.otiumhome.fi\/index.php\/wp-json\/wp\/v2\/comments?post=180736"}],"wp:featuredmedia":[{"embeddable":true,"href":"https:\/\/www.otiumhome.fi\/index.php\/wp-json\/"}],"wp:attachment":[{"href":"https:\/\/www.otiumhome.fi\/index.php\/wp-json\/wp\/v2\/media?parent=180736"}],"wp:term":[{"taxonomy":"product_brand","embeddable":true,"href":"https:\/\/www.otiumhome.fi\/index.php\/wp-json\/wp\/v2\/product_brand?post=180736"},{"taxonomy":"product_cat","embeddable":true,"href":"https:\/\/www.otiumhome.fi\/index.php\/wp-json\/wp\/v2\/product_cat?post=180736"},{"taxonomy":"product_tag","embeddable":true,"href":"https:\/\/www.otiumhome.fi\/index.php\/wp-json\/wp\/v2\/product_tag?post=180736"}],"curies":[{"name":"wp","href":"https:\/\/api.w.org\/{rel}","templated":true}]}}