{"id":180732,"date":"2025-10-20T09:02:08","date_gmt":"2025-10-20T09:02:08","guid":{"rendered":"https:\/\/www.otiumhome.fi\/?p=180732"},"modified":"2025-10-20T17:57:29","modified_gmt":"2025-10-20T17:57:29","slug":"seinakiinnitettavat-tv-tasot-2-kpl-vanha-puu-305x30x30cm","status":"publish","type":"product","link":"https:\/\/www.otiumhome.fi\/index.php\/tuote\/seinakiinnitettavat-tv-tasot-2-kpl-vanha-puu-305x30x30cm\/","title":{"rendered":"Sein\u00e4kiinnitett\u00e4v\u00e4t TV-tasot 2 kpl vanha puu 30,5x30x30cm"},"content":{"rendered":"<p>N\u00e4iss\u00e4 sein\u00e4lle asennettavissa TV-kaapeissa on tyylik\u00e4s ja klassinen muotoilu, mik\u00e4 tekee niist\u00e4 koristeellisen ja k\u00e4yt\u00e4nn\u00f6llisen jatkon sisustukseesi.<\/p>\n<\/p>\n<ul>\n<li>K\u00e4yt\u00e4nn\u00f6llinen materiaali: Tekninen puu on poikkeuksellisen laadukasta ja sile\u00e4pintaista. Se on my\u00f6s luja, vakaa ja kosteudelle vastustuskykyinen.<\/li>\n<li>Runsaasti s\u00e4ilytystilaa: TV-tasossa on kaksi lokeroa, jotka tarjoavat runsaasti s\u00e4ilytystilaa tavaroidesi, kuten mediasoittimen, lehtien ja muiden tavaroiden j\u00e4rjest\u00e4miseen.<\/li>\n<li>Sein\u00e4kiinnitett\u00e4v\u00e4 toiminto: TV-yksikk\u00f6 ei vie lainkaan lattiatilaa. Voit kiinnitt\u00e4\u00e4 sen helposti sein\u00e4lle.<\/li>\n<li>Monitoiminen kaappi: Mediakaapin tukeva yl\u00e4osa sopii erinomaisesti koriste-esineiden, valokuvakehysten tai ruukkukasvien esille laittoon. Sit\u00e4 voidaan k\u00e4ytt\u00e4\u00e4 my\u00f6s makuuhuoneen kaappina, y\u00f6p\u00f6yt\u00e4n\u00e4, jne.<\/li>\n<\/ul>\n<ul>\n<li>V\u00e4ri: Vanha puu<\/li>\n<li>Materiaali: Tekninen puu<\/li>\n<li>Mitat: 30,5 x 30 x 30 cm (L x S x K)<\/li>\n<li><strong>Toimitus sis\u00e4lt\u00e4\u00e4:<\/strong><\/li>\n<li>2 x hylly<\/li>\n<\/ul>\n","protected":false},"excerpt":{"rendered":"<ul>\n<li>V\u00e4ri: Vanha puu<\/li>\n<li>Materiaali: Tekninen puu<\/li>\n<li>Mitat: 30,5 x 30 x 30 cm (L x S x K)<\/li>\n<li><strong>Toimitus sis\u00e4lt\u00e4\u00e4:<\/strong><\/li>\n<li>2 x hylly<\/li>\n<\/ul>\n","protected":false},"featured_media":100000180732,"comment_status":"closed","ping_status":"closed","template":"","meta":[],"product_brand":[],"product_cat":[84],"product_tag":[],"class_list":{"0":"post-180732","1":"product","2":"type-product","3":"status-publish","4":"has-post-thumbnail","6":"product_cat-huonekalut","8":"first","9":"outofstock","10":"taxable","11":"shipping-taxable","12":"purchasable","13":"product-type-simple"},"_links":{"self":[{"href":"https:\/\/www.otiumhome.fi\/index.php\/wp-json\/wp\/v2\/product\/180732","targetHints":{"allow":["GET"]}}],"collection":[{"href":"https:\/\/www.otiumhome.fi\/index.php\/wp-json\/wp\/v2\/product"}],"about":[{"href":"https:\/\/www.otiumhome.fi\/index.php\/wp-json\/wp\/v2\/types\/product"}],"replies":[{"embeddable":true,"href":"https:\/\/www.otiumhome.fi\/index.php\/wp-json\/wp\/v2\/comments?post=180732"}],"wp:featuredmedia":[{"embeddable":true,"href":"https:\/\/www.otiumhome.fi\/index.php\/wp-json\/"}],"wp:attachment":[{"href":"https:\/\/www.otiumhome.fi\/index.php\/wp-json\/wp\/v2\/media?parent=180732"}],"wp:term":[{"taxonomy":"product_brand","embeddable":true,"href":"https:\/\/www.otiumhome.fi\/index.php\/wp-json\/wp\/v2\/product_brand?post=180732"},{"taxonomy":"product_cat","embeddable":true,"href":"https:\/\/www.otiumhome.fi\/index.php\/wp-json\/wp\/v2\/product_cat?post=180732"},{"taxonomy":"product_tag","embeddable":true,"href":"https:\/\/www.otiumhome.fi\/index.php\/wp-json\/wp\/v2\/product_tag?post=180732"}],"curies":[{"name":"wp","href":"https:\/\/api.w.org\/{rel}","templated":true}]}}