{"id":180662,"date":"2025-10-20T08:53:36","date_gmt":"2025-10-20T08:53:36","guid":{"rendered":"https:\/\/www.otiumhome.fi\/?p=180662"},"modified":"2025-10-25T17:06:02","modified_gmt":"2025-10-25T17:06:02","slug":"tv-taso-pinkki-68x39x505-cm-teras","status":"publish","type":"product","link":"https:\/\/www.otiumhome.fi\/index.php\/tuote\/tv-taso-pinkki-68x39x505-cm-teras\/","title":{"rendered":"TV-taso pinkki 68x39x50,5 cm ter\u00e4s"},"content":{"rendered":"<p>T\u00e4m\u00e4 teollista tyyli\u00e4 oleva tukeva TV-taso on ajaton lis\u00e4 olo- tai makuuhuoneeseen.<\/p>\n<\/p>\n<ul>\n<li>Vakaa materiaali: TV-tason runko on valmistettu kylm\u00e4valssatusta ter\u00e4ksest\u00e4. Kylm\u00e4valssattu ter\u00e4s on v\u00e4h\u00e4hiilinen ter\u00e4styyppi, joka on valmistettu l\u00e4hes normaalissa huoneen l\u00e4mm\u00f6ss\u00e4 &#8221;kylm\u00e4valssaamalla&#8221;. Kylm\u00e4valssatun ter\u00e4ksen pinta on sile\u00e4mpi, lujempi ja tarkemmin valmistettu.<\/li>\n<li>Reilusti s\u00e4ilytystilaa: T\u00e4m\u00e4 TV-taso tarjoaa runsaasti s\u00e4ilytystilaa lehdillesi, kirjoillesi, DVD-levyillesi, kaukos\u00e4\u00e4timillesi ja muille pienesineille niiden hyv\u00e4ss\u00e4 j\u00e4rjestyksess\u00e4 ja k\u00e4den ulottuvilla pit\u00e4miseen.<\/li>\n<li>S\u00e4\u00e4dett\u00e4v\u00e4t ruuvijalat: T\u00e4m\u00e4 TV-senkki on varustettu nelj\u00e4ll\u00e4 s\u00e4\u00e4dett\u00e4v\u00e4ll\u00e4 ruuvijalalla, jotka kompensoivat lattian ep\u00e4tasaisuutta ja varmistavat vakauden ja tasapainon.<\/li>\n<li>Helppo puhdistaa: Metallikaappi on helppo puhdistaa kostealla liinalla ja se tarvitsee vain v\u00e4h\u00e4ist\u00e4 huoltoa.<\/li>\n<\/ul>\n<p>Varoitus:<\/p>\n<ul>\n<li>Kaatumisen est\u00e4miseksi t\u00e4t\u00e4 tuotetta on k\u00e4ytett\u00e4v\u00e4 mukana toimitetun sein\u00e4kiinnityslaitteen kanssa.<\/li>\n<\/ul>\n<ul>\n<li>V\u00e4ri: Pinkki<\/li>\n<li>Materiaali: Kylm\u00e4valssattu ter\u00e4s<\/li>\n<li>Mitat: 68 x 39 x 50,5 cm (P x L x K)<\/li>\n<li>Maksimikantavuus: 30 kg<\/li>\n<li>Nelj\u00e4ll\u00e4 s\u00e4\u00e4dett\u00e4v\u00e4ll\u00e4 ruuvijalalla<\/li>\n<li>2 osastoa ja 2 laatikkoa<\/li>\n<li>Asennus vaaditaan: Kyll\u00e4<\/li>\n<li>Legal Documents:\n<p><span>Lis\u00e4tietoja huonekalujesi kaatumisen est\u00e4misest\u00e4 voit l\u00f6yt\u00e4\u00e4 <span style=\"text-decoration: underline\"><strong><a title=\"https:\/\/bit.ly\/3bVwkQp\" href=\"https:\/\/bit.ly\/3bVwkQp\" target=\"_blank\">t\u00e4\u00e4lt\u00e4<\/a><\/strong><\/span><\/span><\/p>\n<\/li>\n<\/ul>\n","protected":false},"excerpt":{"rendered":"<ul>\n<li>V\u00e4ri: Pinkki<\/li>\n<li>Materiaali: Kylm\u00e4valssattu ter\u00e4s<\/li>\n<li>Mitat: 68 x 39 x 50,5 cm (P x L x K)<\/li>\n<li>Maksimikantavuus: 30 kg<\/li>\n<li>Nelj\u00e4ll\u00e4 s\u00e4\u00e4dett\u00e4v\u00e4ll\u00e4 ruuvijalalla<\/li>\n<li>2 osastoa ja 2 laatikkoa<\/li>\n<li>Asennus vaaditaan: Kyll\u00e4<\/li>\n<li>Legal Documents:\n<p><span>Lis\u00e4tietoja huonekalujesi kaatumisen est\u00e4misest\u00e4 voit l\u00f6yt\u00e4\u00e4 <span style=\"text-decoration: underline\"><strong><a title=\"https:\/\/bit.ly\/3bVwkQp\" href=\"https:\/\/bit.ly\/3bVwkQp\" target=\"_blank\">t\u00e4\u00e4lt\u00e4<\/a><\/strong><\/span><\/span><\/p>\n<\/li>\n<\/ul>\n","protected":false},"featured_media":100000180662,"comment_status":"closed","ping_status":"closed","template":"","meta":[],"product_brand":[],"product_cat":[84],"product_tag":[],"class_list":{"0":"post-180662","1":"product","2":"type-product","3":"status-publish","4":"has-post-thumbnail","6":"product_cat-huonekalut","8":"first","9":"instock","10":"taxable","11":"shipping-taxable","12":"purchasable","13":"product-type-simple"},"_links":{"self":[{"href":"https:\/\/www.otiumhome.fi\/index.php\/wp-json\/wp\/v2\/product\/180662","targetHints":{"allow":["GET"]}}],"collection":[{"href":"https:\/\/www.otiumhome.fi\/index.php\/wp-json\/wp\/v2\/product"}],"about":[{"href":"https:\/\/www.otiumhome.fi\/index.php\/wp-json\/wp\/v2\/types\/product"}],"replies":[{"embeddable":true,"href":"https:\/\/www.otiumhome.fi\/index.php\/wp-json\/wp\/v2\/comments?post=180662"}],"wp:featuredmedia":[{"embeddable":true,"href":"https:\/\/www.otiumhome.fi\/index.php\/wp-json\/"}],"wp:attachment":[{"href":"https:\/\/www.otiumhome.fi\/index.php\/wp-json\/wp\/v2\/media?parent=180662"}],"wp:term":[{"taxonomy":"product_brand","embeddable":true,"href":"https:\/\/www.otiumhome.fi\/index.php\/wp-json\/wp\/v2\/product_brand?post=180662"},{"taxonomy":"product_cat","embeddable":true,"href":"https:\/\/www.otiumhome.fi\/index.php\/wp-json\/wp\/v2\/product_cat?post=180662"},{"taxonomy":"product_tag","embeddable":true,"href":"https:\/\/www.otiumhome.fi\/index.php\/wp-json\/wp\/v2\/product_tag?post=180662"}],"curies":[{"name":"wp","href":"https:\/\/api.w.org\/{rel}","templated":true}]}}