{"id":180595,"date":"2025-10-20T08:48:25","date_gmt":"2025-10-20T08:48:25","guid":{"rendered":"https:\/\/www.otiumhome.fi\/?p=180595"},"modified":"2025-10-20T18:32:41","modified_gmt":"2025-10-20T18:32:41","slug":"tv-taso-savutammi-102x345x43-cm-tekninen-puu","status":"publish","type":"product","link":"https:\/\/www.otiumhome.fi\/index.php\/tuote\/tv-taso-savutammi-102x345x43-cm-tekninen-puu\/","title":{"rendered":"TV-taso savutammi 102&#215;34,5&#215;43 cm tekninen puu"},"content":{"rendered":"<p>Tyylik\u00e4s ja k\u00e4yt\u00e4nn\u00f6llisesti muotoiltu sek\u00e4 jykev\u00e4 TV-taso tulee varmasti olemaan huoneesi keskipiste.<\/p>\n<\/p>\n<ul>\n<li>Kest\u00e4v\u00e4 materiaali: Tekninen puu on poikkeuksellisen laadukasta ja sile\u00e4pintaista. Se on luja, vakaa ja kosteudelle vastustuskykyinen. Teknisest\u00e4 puusta valmistettu TV-taso on tukeva ja kest\u00e4v\u00e4. <\/li>\n<li>Runsaasti s\u00e4ilytystilaa: TV-yksikk\u00f6 tarjoaa runsaasti s\u00e4ilytystilaa DVD-soittimiesi, vastaanottimiesi, levyjesi ja muiden pienesineiden hyv\u00e4ss\u00e4 j\u00e4rjestyksess\u00e4 ja k\u00e4den ulottuvilla pit\u00e4miseen. <\/li>\n<li>Esittelytoiminto: Mediayksik\u00f6n tukeva yl\u00e4taso on t\u00e4ydellinen paikka ruukkukasveille, valokuvakehyksille ja muille koriste-esineille. <\/li>\n<li>K\u00e4tev\u00e4t rullapy\u00f6r\u00e4t: 360 astetta k\u00e4\u00e4ntyvill\u00e4 rullapy\u00f6rill\u00e4 varustettua mediakaappia voidaan siirt\u00e4\u00e4 joustavasti.<\/li>\n<\/ul>\n<ul>\n<li>V\u00e4ri: savutammi <\/li>\n<li>Materiaali: Tekninen puu <\/li>\n<li>Mitat: 102 x 34,5 x 43 cm (L x S x K)<\/li>\n<li>Asennus vaaditaan: Kyll\u00e4<\/li>\n<\/ul>\n","protected":false},"excerpt":{"rendered":"<ul>\n<li>V\u00e4ri: savutammi <\/li>\n<li>Materiaali: Tekninen puu <\/li>\n<li>Mitat: 102 x 34,5 x 43 cm (L x S x K)<\/li>\n<li>Asennus vaaditaan: Kyll\u00e4<\/li>\n<\/ul>\n","protected":false},"featured_media":100000180595,"comment_status":"closed","ping_status":"closed","template":"","meta":[],"product_brand":[],"product_cat":[84],"product_tag":[],"class_list":{"0":"post-180595","1":"product","2":"type-product","3":"status-publish","4":"has-post-thumbnail","6":"product_cat-huonekalut","8":"first","9":"instock","10":"taxable","11":"shipping-taxable","12":"purchasable","13":"product-type-simple"},"_links":{"self":[{"href":"https:\/\/www.otiumhome.fi\/index.php\/wp-json\/wp\/v2\/product\/180595","targetHints":{"allow":["GET"]}}],"collection":[{"href":"https:\/\/www.otiumhome.fi\/index.php\/wp-json\/wp\/v2\/product"}],"about":[{"href":"https:\/\/www.otiumhome.fi\/index.php\/wp-json\/wp\/v2\/types\/product"}],"replies":[{"embeddable":true,"href":"https:\/\/www.otiumhome.fi\/index.php\/wp-json\/wp\/v2\/comments?post=180595"}],"wp:featuredmedia":[{"embeddable":true,"href":"https:\/\/www.otiumhome.fi\/index.php\/wp-json\/"}],"wp:attachment":[{"href":"https:\/\/www.otiumhome.fi\/index.php\/wp-json\/wp\/v2\/media?parent=180595"}],"wp:term":[{"taxonomy":"product_brand","embeddable":true,"href":"https:\/\/www.otiumhome.fi\/index.php\/wp-json\/wp\/v2\/product_brand?post=180595"},{"taxonomy":"product_cat","embeddable":true,"href":"https:\/\/www.otiumhome.fi\/index.php\/wp-json\/wp\/v2\/product_cat?post=180595"},{"taxonomy":"product_tag","embeddable":true,"href":"https:\/\/www.otiumhome.fi\/index.php\/wp-json\/wp\/v2\/product_tag?post=180595"}],"curies":[{"name":"wp","href":"https:\/\/api.w.org\/{rel}","templated":true}]}}