{"id":180576,"date":"2025-10-20T08:48:19","date_gmt":"2025-10-20T08:48:19","guid":{"rendered":"https:\/\/www.otiumhome.fi\/?p=180576"},"modified":"2025-10-20T18:28:43","modified_gmt":"2025-10-20T18:28:43","slug":"tv-taso-harmaa-sonoma-152x22x113-cm-tekninen-puu","status":"publish","type":"product","link":"https:\/\/www.otiumhome.fi\/index.php\/tuote\/tv-taso-harmaa-sonoma-152x22x113-cm-tekninen-puu\/","title":{"rendered":"TV-taso harmaa Sonoma 152x22x113 cm tekninen puu"},"content":{"rendered":"<p>Tyylik\u00e4st\u00e4 ja k\u00e4yt\u00e4nn\u00f6llist\u00e4 muotoilua edustava jykev\u00e4 TV-taso tulee olemaan huoneesi keskipiste.<\/p>\n<\/p>\n<ul>\n<li>Kest\u00e4v\u00e4 materiaali: Tekninen puu on poikkeuksellisen laadukasta ja sile\u00e4pintaista. Se on luja, vakaa ja kosteudelle vastustuskykyinen. Teknisest\u00e4 puusta valmistettu TV-taso on tukeva ja kest\u00e4v\u00e4. <\/li>\n<li>Runsaasti s\u00e4ilytystilaa: TV-yksikk\u00f6 tarjoaa runsaasti s\u00e4ilytystilaa DVD-soittimiesi, vastaanottimiesi, levyjesi ja muiden pienesineiden hyv\u00e4ss\u00e4 j\u00e4rjestyksess\u00e4 ja k\u00e4den ulottuvilla pit\u00e4miseen. <\/li>\n<li>Sein\u00e4kiinnitett\u00e4v\u00e4 muotoilu: Mediakaappi voidaan helposti kiinnitt\u00e4\u00e4 sein\u00e4lle, jolloin se ei vie lainkaan lattiatilaa.<\/li>\n<li>Esittelytoiminto: Kelluvan TV-yksik\u00f6n sivuhyllyt ovat t\u00e4ydellinen paikka valokuvakehyksillesi, ruukkukasveillesi tai muille koriste-esineille.<\/li>\n<\/ul>\n<p>Hyv\u00e4 tiet\u00e4\u00e4:<\/p>\n<ul>\n<li>Sein\u00e4\u00e4n kiinnitett\u00e4v\u00e4t ruuvit ja tulpat eiv\u00e4t sis\u00e4lly toimitukseen. Suosittelemme etsim\u00e4\u00e4n ja k\u00e4ytt\u00e4m\u00e4\u00e4n sein\u00e4\u00e4si sopivia ruuveja ja tulppia. Jos olet ep\u00e4varma, kysy ammattilaisen neuvoa. Lue ja noudata ohjeiden jokaista vaihetta.<\/li>\n<\/ul>\n<ul>\n<li>V\u00e4ri: Harmaa Sonoma <\/li>\n<li>Materiaali: Tekninen puu <\/li>\n<li>Mitat: 152 x 22 x 113 cm (L x S x K)<\/li>\n<li>Asennus vaaditaan: Kyll\u00e4<\/li>\n<\/ul>\n","protected":false},"excerpt":{"rendered":"<ul>\n<li>V\u00e4ri: Harmaa Sonoma <\/li>\n<li>Materiaali: Tekninen puu <\/li>\n<li>Mitat: 152 x 22 x 113 cm (L x S x K)<\/li>\n<li>Asennus vaaditaan: Kyll\u00e4<\/li>\n<\/ul>\n","protected":false},"featured_media":100000180576,"comment_status":"closed","ping_status":"closed","template":"","meta":[],"product_brand":[],"product_cat":[84],"product_tag":[],"class_list":{"0":"post-180576","1":"product","2":"type-product","3":"status-publish","4":"has-post-thumbnail","6":"product_cat-huonekalut","8":"first","9":"instock","10":"taxable","11":"shipping-taxable","12":"purchasable","13":"product-type-simple"},"_links":{"self":[{"href":"https:\/\/www.otiumhome.fi\/index.php\/wp-json\/wp\/v2\/product\/180576","targetHints":{"allow":["GET"]}}],"collection":[{"href":"https:\/\/www.otiumhome.fi\/index.php\/wp-json\/wp\/v2\/product"}],"about":[{"href":"https:\/\/www.otiumhome.fi\/index.php\/wp-json\/wp\/v2\/types\/product"}],"replies":[{"embeddable":true,"href":"https:\/\/www.otiumhome.fi\/index.php\/wp-json\/wp\/v2\/comments?post=180576"}],"wp:featuredmedia":[{"embeddable":true,"href":"https:\/\/www.otiumhome.fi\/index.php\/wp-json\/"}],"wp:attachment":[{"href":"https:\/\/www.otiumhome.fi\/index.php\/wp-json\/wp\/v2\/media?parent=180576"}],"wp:term":[{"taxonomy":"product_brand","embeddable":true,"href":"https:\/\/www.otiumhome.fi\/index.php\/wp-json\/wp\/v2\/product_brand?post=180576"},{"taxonomy":"product_cat","embeddable":true,"href":"https:\/\/www.otiumhome.fi\/index.php\/wp-json\/wp\/v2\/product_cat?post=180576"},{"taxonomy":"product_tag","embeddable":true,"href":"https:\/\/www.otiumhome.fi\/index.php\/wp-json\/wp\/v2\/product_tag?post=180576"}],"curies":[{"name":"wp","href":"https:\/\/api.w.org\/{rel}","templated":true}]}}