{"id":180527,"date":"2025-10-20T08:45:41","date_gmt":"2025-10-20T08:45:41","guid":{"rendered":"https:\/\/www.otiumhome.fi\/?p=180527"},"modified":"2025-12-14T18:26:00","modified_gmt":"2025-12-14T18:26:00","slug":"yopoyta-led-valoilla-seinakiinnitettava-valkoinen","status":"publish","type":"product","link":"https:\/\/www.otiumhome.fi\/index.php\/tuote\/yopoyta-led-valoilla-seinakiinnitettava-valkoinen\/","title":{"rendered":"Y\u00f6p\u00f6yt\u00e4 LED-valoilla sein\u00e4kiinnitett\u00e4v\u00e4 valkoinen"},"content":{"rendered":"<p>Tyylik\u00e4s ja k\u00e4yt\u00e4nn\u00f6llisesti muotoiltu y\u00f6p\u00f6yt\u00e4 LED-valoilla tulee olemaan huoneesi keskipiste.<\/p>\n<\/p>\n<ul>\n<li>Kest\u00e4v\u00e4 materiaali: Tekninen puu on poikkeuksellisen laadukasta ja sile\u00e4pintaista. Se on luja, vakaa ja kosteudelle vastustuskykyinen.<\/li>\n<li>Runsaasti s\u00e4ilytystilaa: Y\u00f6p\u00f6yt\u00e4 tarjoaa k\u00e4tev\u00e4\u00e4 s\u00e4ilytystilaa lehdille, kaukos\u00e4\u00e4timille ja muille pienesineille niiden j\u00e4rjestyksess\u00e4 ja k\u00e4den ulottuvilla pit\u00e4miseen.<\/li>\n<li>RGB LED-valot: T\u00e4ss\u00e4 y\u00f6p\u00f6yd\u00e4ss\u00e4 on RGB LED-valot, joissa on eri valikot valojen v\u00e4rin muuttamiseksi ja v\u00e4rin s\u00e4\u00e4t\u00e4miseksi automaattisesti eri tavalla.<\/li>\n<li>Esittelytoiminto: Kaapin tukeva yl\u00e4taso sopii erinomaisesti koriste-esineiden, valokuvakehysten tai ruukkukasvien esille laittoon.<\/li>\n<li>Sein\u00e4lle kiinnitett\u00e4v\u00e4 malli: Makuuhuonekaluste voidaan kiinnitt\u00e4\u00e4 sein\u00e4lle lis\u00e4s\u00e4ilytystilan luomiseksi. T\u00e4ll\u00e4 tavoin voit maksimoida lattiatilasi ja pit\u00e4\u00e4 alueen siistin\u00e4.<\/li>\n<\/ul>\n<p>Hyv\u00e4 tiet\u00e4\u00e4:<\/p>\n<ul>\n<li>Sein\u00e4\u00e4n kiinnitett\u00e4v\u00e4t ruuvit ja tulpat eiv\u00e4t sis\u00e4lly toimitukseen. Suosittelemme etsim\u00e4\u00e4n ja k\u00e4ytt\u00e4m\u00e4\u00e4n sein\u00e4\u00e4si sopivia ruuveja ja tulppia. Jos olet ep\u00e4varma, kysy ammattilaisen neuvoa. Lue ja noudata ohjeiden jokaista vaihetta.<\/li>\n<li>Tuotteessa on USB-liitin, joka vaatii 5 V USB virtal\u00e4hteen (ei mukana).<\/li>\n<\/ul>\n<ul>\n<li>V\u00e4ri: Valkoinen<\/li>\n<li>Materiaali: Tekninen puu<\/li>\n<li>Mitat: 40 x 30 x 30 cm (P x L x K)<\/li>\n<li>Asennus vaaditaan: Kyll\u00e4<\/li>\n<\/ul>\n","protected":false},"excerpt":{"rendered":"<ul>\n<li>V\u00e4ri: Valkoinen<\/li>\n<li>Materiaali: Tekninen puu<\/li>\n<li>Mitat: 40 x 30 x 30 cm (P x L x K)<\/li>\n<li>Asennus vaaditaan: Kyll\u00e4<\/li>\n<\/ul>\n","protected":false},"featured_media":100000180527,"comment_status":"closed","ping_status":"closed","template":"","meta":[],"product_brand":[],"product_cat":[84],"product_tag":[],"class_list":{"0":"post-180527","1":"product","2":"type-product","3":"status-publish","4":"has-post-thumbnail","6":"product_cat-huonekalut","8":"first","9":"instock","10":"taxable","11":"shipping-taxable","12":"purchasable","13":"product-type-simple"},"_links":{"self":[{"href":"https:\/\/www.otiumhome.fi\/index.php\/wp-json\/wp\/v2\/product\/180527","targetHints":{"allow":["GET"]}}],"collection":[{"href":"https:\/\/www.otiumhome.fi\/index.php\/wp-json\/wp\/v2\/product"}],"about":[{"href":"https:\/\/www.otiumhome.fi\/index.php\/wp-json\/wp\/v2\/types\/product"}],"replies":[{"embeddable":true,"href":"https:\/\/www.otiumhome.fi\/index.php\/wp-json\/wp\/v2\/comments?post=180527"}],"wp:featuredmedia":[{"embeddable":true,"href":"https:\/\/www.otiumhome.fi\/index.php\/wp-json\/"}],"wp:attachment":[{"href":"https:\/\/www.otiumhome.fi\/index.php\/wp-json\/wp\/v2\/media?parent=180527"}],"wp:term":[{"taxonomy":"product_brand","embeddable":true,"href":"https:\/\/www.otiumhome.fi\/index.php\/wp-json\/wp\/v2\/product_brand?post=180527"},{"taxonomy":"product_cat","embeddable":true,"href":"https:\/\/www.otiumhome.fi\/index.php\/wp-json\/wp\/v2\/product_cat?post=180527"},{"taxonomy":"product_tag","embeddable":true,"href":"https:\/\/www.otiumhome.fi\/index.php\/wp-json\/wp\/v2\/product_tag?post=180527"}],"curies":[{"name":"wp","href":"https:\/\/api.w.org\/{rel}","templated":true}]}}