{"id":180526,"date":"2025-10-20T08:45:40","date_gmt":"2025-10-20T08:45:40","guid":{"rendered":"https:\/\/www.otiumhome.fi\/?p=180526"},"modified":"2025-10-20T18:09:38","modified_gmt":"2025-10-20T18:09:38","slug":"tv-kaappi-seinalle-harmaa-sonoma-605x30x51-cm-tekninen-puu","status":"publish","type":"product","link":"https:\/\/www.otiumhome.fi\/index.php\/tuote\/tv-kaappi-seinalle-harmaa-sonoma-605x30x51-cm-tekninen-puu\/","title":{"rendered":"TV-kaappi sein\u00e4lle harmaa Sonoma 60,5x30x51 cm tekninen puu"},"content":{"rendered":"<p>T\u00e4m\u00e4 sein\u00e4lle asennettava TV-kaappi on tyylikk\u00e4\u00e4sti ja klassisesti muotoiltu, mik\u00e4 tekee siit\u00e4 koristeellisen ja k\u00e4yt\u00e4nn\u00f6llisen lis\u00e4n sisustukseesi.  <\/p>\n<\/p>\n<ul>\n<li>Kest\u00e4v\u00e4 materiaali: Tekninen puu on poikkeuksellisen laadukasta ja sile\u00e4pintaista. Se on luja, vakaa ja kosteudelle vastustuskykyinen.<\/li>\n<li>Koristeellinen muotoilu: TV-kaappi muuttaa tyhj\u00e4n sein\u00e4n sisustuselementiksi.<\/li>\n<li>Reilusti s\u00e4ilytystilaa: Laatikoilla varustettu kelluva TV-yksikk\u00f6 tarjoaa runsaasti tilaa kaikenlaisten pienesineiden, kuten avainten, muistilehti\u00f6iden, kynien ja monien muiden pikkutavaroiden j\u00e4rjestyksess\u00e4 pit\u00e4miseen.<\/li>\n<li>Sein\u00e4kiinnitett\u00e4v\u00e4 malli: Mediakaappi voidaan kiinnitt\u00e4\u00e4 sein\u00e4lle s\u00e4ilytystilan lis\u00e4\u00e4miseksi. T\u00e4ll\u00e4 tavoin voit maksimoida k\u00e4ytett\u00e4viss\u00e4 olevan lattiatilan ja pit\u00e4\u00e4 tilat puhtaana.<\/li>\n<li>Helppo puhdistaa: TV-taso on helppo puhdistaa kostealla liinalla.<\/li>\n<\/ul>\n<p>Hyv\u00e4 tiet\u00e4\u00e4:<\/p>\n<ul>\n<li>Sein\u00e4\u00e4n kiinnitett\u00e4v\u00e4t ruuvit ja tulpat eiv\u00e4t sis\u00e4lly toimitukseen. Suosittelemme etsim\u00e4\u00e4n ja k\u00e4ytt\u00e4m\u00e4\u00e4n sein\u00e4\u00e4si sopivia ruuveja ja tulppia. Jos olet ep\u00e4varma, kysy ammattilaisen neuvoa. Lue ja noudata ohjeiden jokaista vaihetta.<\/li>\n<\/ul>\n<ul>\n<li>V\u00e4ri: Harmaa Sonoma<\/li>\n<li>Materiaali: Tekninen puu, metalli<\/li>\n<li>Mitat: 60,5 x 30 x 51 cm (L x S x K)<\/li>\n<li>Asennus vaaditaan: Kyll\u00e4<\/li>\n<\/ul>\n","protected":false},"excerpt":{"rendered":"<ul>\n<li>V\u00e4ri: Harmaa Sonoma<\/li>\n<li>Materiaali: Tekninen puu, metalli<\/li>\n<li>Mitat: 60,5 x 30 x 51 cm (L x S x K)<\/li>\n<li>Asennus vaaditaan: Kyll\u00e4<\/li>\n<\/ul>\n","protected":false},"featured_media":100000180526,"comment_status":"closed","ping_status":"closed","template":"","meta":[],"product_brand":[],"product_cat":[84],"product_tag":[],"class_list":{"0":"post-180526","1":"product","2":"type-product","3":"status-publish","4":"has-post-thumbnail","6":"product_cat-huonekalut","8":"first","9":"instock","10":"taxable","11":"shipping-taxable","12":"purchasable","13":"product-type-simple"},"_links":{"self":[{"href":"https:\/\/www.otiumhome.fi\/index.php\/wp-json\/wp\/v2\/product\/180526","targetHints":{"allow":["GET"]}}],"collection":[{"href":"https:\/\/www.otiumhome.fi\/index.php\/wp-json\/wp\/v2\/product"}],"about":[{"href":"https:\/\/www.otiumhome.fi\/index.php\/wp-json\/wp\/v2\/types\/product"}],"replies":[{"embeddable":true,"href":"https:\/\/www.otiumhome.fi\/index.php\/wp-json\/wp\/v2\/comments?post=180526"}],"wp:featuredmedia":[{"embeddable":true,"href":"https:\/\/www.otiumhome.fi\/index.php\/wp-json\/"}],"wp:attachment":[{"href":"https:\/\/www.otiumhome.fi\/index.php\/wp-json\/wp\/v2\/media?parent=180526"}],"wp:term":[{"taxonomy":"product_brand","embeddable":true,"href":"https:\/\/www.otiumhome.fi\/index.php\/wp-json\/wp\/v2\/product_brand?post=180526"},{"taxonomy":"product_cat","embeddable":true,"href":"https:\/\/www.otiumhome.fi\/index.php\/wp-json\/wp\/v2\/product_cat?post=180526"},{"taxonomy":"product_tag","embeddable":true,"href":"https:\/\/www.otiumhome.fi\/index.php\/wp-json\/wp\/v2\/product_tag?post=180526"}],"curies":[{"name":"wp","href":"https:\/\/api.w.org\/{rel}","templated":true}]}}